{"id":689535,"date":"2025-08-27T13:11:57","date_gmt":"2025-08-27T10:11:57","guid":{"rendered":"https:\/\/roveyayinevi.com.tr\/index.php\/urun\/caglar-yeni-arkadaslar-ediniyor\/"},"modified":"2026-04-16T01:59:18","modified_gmt":"2026-04-15T22:59:18","slug":"caglar-yeni-arkadaslar-ediniyor","status":"publish","type":"product","link":"https:\/\/roveyayinevi.com.tr\/index.php\/urun\/caglar-yeni-arkadaslar-ediniyor\/","title":{"rendered":"\u00c7a\u011flar Yeni Arkada\u015flar Ediniyor"},"content":{"rendered":"<p>Annesi yeniden \u00e7al\u0131\u015fmaya ba\u015flay\u0131nca, \u00c7a\u011flar\u2019\u0131n g\u00fcnd\u00fczleri bak\u0131c\u0131ya gitmesi gerekir. Bu \u00c7a\u011flar\u2019\u0131n pek ho\u015funa gitmez ama bak\u0131c\u0131 anneyle tan\u0131\u015ft\u0131\u011f\u0131nda hemen fikrini de\u011fi\u015ftirir. Bak\u0131c\u0131 annenin evinde, harika oyun arkada\u015flar\u0131yla tan\u0131\u015f\u0131r. \ufffcTan\u0131t\u0131m Metni<\/p>\n","protected":false},"excerpt":{"rendered":"<p>Annesi yeniden \u00e7al\u0131\u015fmaya ba\u015flay\u0131nca, \u00c7a\u011flar\u2019\u0131n g\u00fcnd\u00fczleri bak\u0131c\u0131ya gitmesi gerekir. Bu \u00c7a\u011flar\u2019\u0131n pek ho\u015funa gitmez ama bak\u0131c\u0131 anneyle tan\u0131\u015ft\u0131\u011f\u0131nda hemen fikrini de\u011fi\u015ftirir. Bak\u0131c\u0131 annenin evinde, harika oyun<span class=\"excerpt-hellip\"> [\u2026]<\/span><\/p>\n","protected":false},"featured_media":0,"template":"","meta":{"_monsterinsights_skip_tracking":false,"_monsterinsights_sitenote_active":false,"_monsterinsights_sitenote_note":"","_monsterinsights_sitenote_category":0},"product_brand":[],"product_cat":[12274,12518],"product_tag":[],"class_list":{"0":"post-689535","1":"product","2":"type-product","3":"status-publish","5":"product_cat-cocuk-ve-genclik-kitaplari","6":"product_cat-okul-oncesi-kitaplar","7":"pa_cilt-ciltsiz","8":"pa_tur-kitap","9":"pa_yayinevi-is-bankasi-kultur-yayinlari","10":"pa_yazar-sabine-kraushaar","12":"first","13":"instock","14":"sale","15":"shipping-taxable","16":"purchasable","17":"product-type-simple"},"_links":{"self":[{"href":"https:\/\/roveyayinevi.com.tr\/index.php\/wp-json\/wp\/v2\/product\/689535","targetHints":{"allow":["GET"]}}],"collection":[{"href":"https:\/\/roveyayinevi.com.tr\/index.php\/wp-json\/wp\/v2\/product"}],"about":[{"href":"https:\/\/roveyayinevi.com.tr\/index.php\/wp-json\/wp\/v2\/types\/product"}],"wp:attachment":[{"href":"https:\/\/roveyayinevi.com.tr\/index.php\/wp-json\/wp\/v2\/media?parent=689535"}],"wp:term":[{"taxonomy":"product_brand","embeddable":true,"href":"https:\/\/roveyayinevi.com.tr\/index.php\/wp-json\/wp\/v2\/product_brand?post=689535"},{"taxonomy":"product_cat","embeddable":true,"href":"https:\/\/roveyayinevi.com.tr\/index.php\/wp-json\/wp\/v2\/product_cat?post=689535"},{"taxonomy":"product_tag","embeddable":true,"href":"https:\/\/roveyayinevi.com.tr\/index.php\/wp-json\/wp\/v2\/product_tag?post=689535"}],"curies":[{"name":"wp","href":"https:\/\/api.w.org\/{rel}","templated":true}]}}