{"id":689533,"date":"2025-08-27T13:11:56","date_gmt":"2025-08-27T10:11:56","guid":{"rendered":"https:\/\/roveyayinevi.com.tr\/index.php\/urun\/deli\/"},"modified":"2026-04-16T01:59:18","modified_gmt":"2026-04-15T22:59:18","slug":"deli","status":"publish","type":"product","link":"https:\/\/roveyayinevi.com.tr\/index.php\/urun\/deli\/","title":{"rendered":"Deli"},"content":{"rendered":"<p>Bence, Refik Halit\u2019in aff\u0131 karar\u0131 \u00fczerinde bu i\u00e7li yaz\u0131lar\u0131n\u0131n tesiri b\u00fcy\u00fck olmu\u015ftur. Atat\u00fcrk\u2019\u00fcn bunlar\u0131 okuyup duyguland\u0131\u011f\u0131n\u0131 yak\u0131ndan biliyorum. Fakat, birka\u00e7 zamand\u0131r g\u00f6nl\u00fcnde beslemekte oldu\u011fu bu af arzusunun nihayet kanuni bir \u015fekilde uygulanmas\u0131na yol a\u00e7an yaz\u0131 -buna bir eser de diyebiliriz- \u00f6yle san\u0131yorum ki, Refik Halit\u2019in Deli adl\u0131 k\u00fc\u00e7\u00fck bir komedya kitab\u0131d\u0131r.Atat\u00fcrk, hi\u00e7birimizin g\u00f6rmedi\u011fi bilmedi\u011fi bu eserci\u011fi nereden bulmu\u015ftu ve ona kim g\u00f6ndermi\u015fti hat\u0131rlayam\u0131yorum. Yaln\u0131z, d\u00fcn ge\u00e7mi\u015f bir olay gibi noktas\u0131 noktas\u0131na hat\u0131rlad\u0131\u011f\u0131m \u015fudur: Bir ak\u015fam, Atat\u00fcrk, sofraya oturdu\u011fumuz s\u0131rada \u00c7ocuklar, demi\u015fti, size bu ak\u015fam tad\u0131na doyum olmaz bir \u2018ziyafet-i edebiye\u2019 \u00e7ekece\u011fim ve elinde tuttu\u011fu cep dergisi k\u0131tas\u0131nda bir kitab\u0131 g\u00f6stererek: Bu diye ilave etmi\u015fti, Refik Halit\u2019in, yirmi y\u0131ll\u0131k bir ak\u0131l hastas\u0131n\u0131n, \u015fuuru yerine gelip kendini ba\u015ftan ba\u015fa de\u011fi\u015fmi\u015f bir T\u00fcrkiye i\u00e7inde bulunca, tekrar dirili\u015fini g\u00f6steren bir tiyatro piyesidir. Ve g\u00f6zl\u00fc\u011f\u00fcn\u00fc takarak bizzat kendisi okuma\u011fa ba\u015flam\u0131\u015ft\u0131. (Yakup Kadri Karaosmano\u011flu, Gen\u00e7lik ve Edebiyat Hat\u0131ralar\u0131, 71-72) Refik Halid Karay, g\u00fcncel olaylara getirdi\u011fi mizahi yakla\u015f\u0131m\u0131n bir \u00f6rne\u011fi olan Deli\u2019de, cumhuriyet sonras\u0131 modernle\u015fme s\u00fcrecinde de\u011fi\u015fen hayat \u015fartlar\u0131n\u0131 ve hayata dahil olan yenilikleri eskiyle k\u0131yaslay\u0131p okuyucusunu g\u00fcl\u00fcmsetirken, Ankara ve Karacao\u011flan hakk\u0131ndaki detayl\u0131 anlat\u0131m\u0131 ile de d\u00f6nemin Ankara\u2019s\u0131na ve b\u00fcy\u00fck ozana \u0131\u015f\u0131k tutuyor. <\/p>\n","protected":false},"excerpt":{"rendered":"<p>Bence, Refik Halit\u2019in aff\u0131 karar\u0131 \u00fczerinde bu i\u00e7li yaz\u0131lar\u0131n\u0131n tesiri b\u00fcy\u00fck olmu\u015ftur. Atat\u00fcrk\u2019\u00fcn bunlar\u0131 okuyup duyguland\u0131\u011f\u0131n\u0131 yak\u0131ndan biliyorum. Fakat, birka\u00e7 zamand\u0131r g\u00f6nl\u00fcnde beslemekte oldu\u011fu bu af<span class=\"excerpt-hellip\"> [\u2026]<\/span><\/p>\n","protected":false},"featured_media":0,"template":"","meta":{"_monsterinsights_skip_tracking":false,"_monsterinsights_sitenote_active":false,"_monsterinsights_sitenote_note":"","_monsterinsights_sitenote_category":0},"product_brand":[],"product_cat":[13701,12291],"product_tag":[],"class_list":{"0":"post-689533","1":"product","2":"type-product","3":"status-publish","5":"product_cat-ani-mektup-gunluk","6":"product_cat-edebiyat","7":"pa_cilt-ciltsiz","8":"pa_tur-kitap","9":"pa_yayinevi-inkilap-kitabevi","10":"pa_yazar-refik-halid-karay","12":"first","13":"instock","14":"sale","15":"shipping-taxable","16":"purchasable","17":"product-type-simple"},"_links":{"self":[{"href":"https:\/\/roveyayinevi.com.tr\/index.php\/wp-json\/wp\/v2\/product\/689533","targetHints":{"allow":["GET"]}}],"collection":[{"href":"https:\/\/roveyayinevi.com.tr\/index.php\/wp-json\/wp\/v2\/product"}],"about":[{"href":"https:\/\/roveyayinevi.com.tr\/index.php\/wp-json\/wp\/v2\/types\/product"}],"wp:attachment":[{"href":"https:\/\/roveyayinevi.com.tr\/index.php\/wp-json\/wp\/v2\/media?parent=689533"}],"wp:term":[{"taxonomy":"product_brand","embeddable":true,"href":"https:\/\/roveyayinevi.com.tr\/index.php\/wp-json\/wp\/v2\/product_brand?post=689533"},{"taxonomy":"product_cat","embeddable":true,"href":"https:\/\/roveyayinevi.com.tr\/index.php\/wp-json\/wp\/v2\/product_cat?post=689533"},{"taxonomy":"product_tag","embeddable":true,"href":"https:\/\/roveyayinevi.com.tr\/index.php\/wp-json\/wp\/v2\/product_tag?post=689533"}],"curies":[{"name":"wp","href":"https:\/\/api.w.org\/{rel}","templated":true}]}}