{"id":689532,"date":"2025-08-27T13:11:56","date_gmt":"2025-08-27T10:11:56","guid":{"rendered":"https:\/\/roveyayinevi.com.tr\/index.php\/urun\/cumhuriyet-tarihi-yalanlari-1\/"},"modified":"2026-04-16T01:59:18","modified_gmt":"2026-04-15T22:59:18","slug":"cumhuriyet-tarihi-yalanlari-1","status":"publish","type":"product","link":"https:\/\/roveyayinevi.com.tr\/index.php\/urun\/cumhuriyet-tarihi-yalanlari-1\/","title":{"rendered":"Cumhuriyet Tarihi Yalanlar\u0131 1"},"content":{"rendered":"<p>Elinizdeki kitap, Resmi tarih yalan s\u00f6yl\u00fcyor!&#8230; diyerek Cumhuriyet tarihine ve Atat\u00fcrk\u2019e sald\u0131rman\u0131n moda haline geldi\u011fi bu g\u00fcnlerde, tarihsel belge ve bilgilerle ger\u00e7ekte kimin neden ve nas\u0131l yalan s\u00f6yledi\u011fini g\u00f6zler \u00f6n\u00fcne sermek i\u00e7in kaleme al\u0131nm\u0131\u015ft\u0131r. \u0130\u015fte kitapta belgelerle cevap verilen Cumhuriyet tarihi yalanlar\u0131ndan baz\u0131lar\u0131: Kurtulu\u015f Sava\u015f\u0131\u2019n\u0131n ba\u015flamas\u0131nda Atat\u00fcrk\u2019\u00fcn herhangi bir etkisi yoktur! Atat\u00fcrk Kurtulu\u015f Sava\u015f\u0131\u2019na sonradan kat\u0131lm\u0131\u015ft\u0131r! Vahdettin hain de\u011fil kahramand\u0131r! Kurtulu\u015f Sava\u015f\u0131 \u00f6nemsizdir! Kurtulu\u015f Sava\u015f\u0131 antiemperyalist bir m\u00fccadele de\u011fildir! \u0130ngilizlerle sava\u015f\u0131lmam\u0131\u015ft\u0131r! G\u00fcney Anadolu\u2019nun kurtar\u0131lmas\u0131nda Atat\u00fcrk\u2019\u00fcn hi\u00e7bir etkisi yoktur! \u00c7erkez Ethem hain de\u011fil kahramand\u0131r! \u0130n\u00f6n\u00fc Sava\u015f\u0131 olmam\u0131\u015ft\u0131r, sonradan uydurulmu\u015ftur! Yaz\u0131 ve dil devrimi T\u00fcrkiye\u2019yi tarihinden koparm\u0131\u015f, insanlar\u0131 bir gecede cahil b\u0131rakm\u0131\u015ft\u0131r! T\u00fcrkiye\u2019nin i\u00e7eriden ve d\u0131\u015far\u0131dan emperyalist bir ku\u015fatmayla \u00e7evrildi\u011fi bu g\u00fcnlerde Cumhuriyet tarihi yalanlar\u0131n\u0131 \u00f6\u011frenmek ve bu yalanlara belgelerle cevap vermek \u00e7ok b\u00fcy\u00fck bir \u00f6nem ta\u015f\u0131maktad\u0131r. Amac\u0131m, Atat\u00fcrk\u2019\u00fcn Tarih yazmak tarih yapmak kadar m\u00fchimdir (\u00f6nemlidir); yazan yapana sad\u0131k (ba\u011fl\u0131) kalmazsa de\u011fi\u015fmeyen hakikat (ger\u00e7ek) insanl\u0131\u011f\u0131 \u015fa\u015f\u0131rtan bir hal al\u0131r s\u00f6z\u00fc do\u011frultusunda, tarih yapana sad\u0131k kalmayan tarih yazanlar\u0131 g\u00f6stermek ve b\u00f6ylece de\u011fi\u015fmeyen ger\u00e7e\u011fin insanl\u0131\u011f\u0131 \u015fa\u015f\u0131rtan bir hal almas\u0131n\u0131 engellemektir. Dile\u011fim, bu kitab\u0131n, yalanc\u0131n\u0131n mumunu s\u00f6nd\u00fcr\u00fcp ger\u00e7e\u011fin ayd\u0131nl\u0131\u011f\u0131na \u00e7\u0131kmak isteyenlere biraz olsun k\u0131lavuzluk etmesidir. De\u011fi\u015fik kayg\u0131larla Cumhuriyet tarihini \u00e7arp\u0131tan; Mevlanzade R\u0131fat, R\u0131za Nur, Said-i Nursi, Kaz\u0131m Karabekir, Necip Faz\u0131l K\u0131sak\u00fcrek, Nihal Ats\u0131z, Kadir M\u0131s\u0131ro\u011flu, Sevan Ni\u015fanyan, Yal\u00e7\u0131n K\u00fc\u00e7\u00fck, Fikret Ba\u015fkaya, \u0130dris K\u00fc\u00e7\u00fck\u00f6mer, Eric Jan Z\u00fcrcher, Mehmet Altan, Burhan Bozgeyik, Mustafa M\u00fcft\u00fco\u011flu, Cemal Kutay, Emre Ak\u00f6z, Atilla Yayla, Halil Berktay, Taner Ak\u00e7am, Cemil Ko\u00e7ak, M\u00fcmtazer T\u00fcrk\u00f6ne, Engin Ard\u0131\u00e7, Mustafa Arma\u011fan, Abdurrahman Dilipak v.b. isimlere belgelerle Meydan okuyoruz&#8230; <\/p>\n","protected":false},"excerpt":{"rendered":"<p>Elinizdeki kitap, Resmi tarih yalan s\u00f6yl\u00fcyor!&#8230; diyerek Cumhuriyet tarihine ve Atat\u00fcrk\u2019e sald\u0131rman\u0131n moda haline geldi\u011fi bu g\u00fcnlerde, tarihsel belge ve bilgilerle ger\u00e7ekte kimin neden ve nas\u0131l<span class=\"excerpt-hellip\"> [\u2026]<\/span><\/p>\n","protected":false},"featured_media":0,"template":"","meta":{"_monsterinsights_skip_tracking":false,"_monsterinsights_sitenote_active":false,"_monsterinsights_sitenote_note":"","_monsterinsights_sitenote_category":0},"product_brand":[],"product_cat":[13590,12337],"product_tag":[],"class_list":{"0":"post-689532","1":"product","2":"type-product","3":"status-publish","5":"product_cat-arastirma-inceleme-politika-siyaset","6":"product_cat-politika-siyaset","7":"pa_cilt-ciltsiz","8":"pa_tur-kitap","9":"pa_yayinevi-inkilap-kitabevi","10":"pa_yazar-sinan-meydan","12":"first","13":"instock","14":"sale","15":"shipping-taxable","16":"purchasable","17":"product-type-simple"},"_links":{"self":[{"href":"https:\/\/roveyayinevi.com.tr\/index.php\/wp-json\/wp\/v2\/product\/689532","targetHints":{"allow":["GET"]}}],"collection":[{"href":"https:\/\/roveyayinevi.com.tr\/index.php\/wp-json\/wp\/v2\/product"}],"about":[{"href":"https:\/\/roveyayinevi.com.tr\/index.php\/wp-json\/wp\/v2\/types\/product"}],"wp:attachment":[{"href":"https:\/\/roveyayinevi.com.tr\/index.php\/wp-json\/wp\/v2\/media?parent=689532"}],"wp:term":[{"taxonomy":"product_brand","embeddable":true,"href":"https:\/\/roveyayinevi.com.tr\/index.php\/wp-json\/wp\/v2\/product_brand?post=689532"},{"taxonomy":"product_cat","embeddable":true,"href":"https:\/\/roveyayinevi.com.tr\/index.php\/wp-json\/wp\/v2\/product_cat?post=689532"},{"taxonomy":"product_tag","embeddable":true,"href":"https:\/\/roveyayinevi.com.tr\/index.php\/wp-json\/wp\/v2\/product_tag?post=689532"}],"curies":[{"name":"wp","href":"https:\/\/api.w.org\/{rel}","templated":true}]}}