{"id":689531,"date":"2025-08-27T13:11:56","date_gmt":"2025-08-27T10:11:56","guid":{"rendered":"https:\/\/roveyayinevi.com.tr\/index.php\/urun\/cumhuriyet-tarihi-yalanlari-2-kitap\/"},"modified":"2026-04-16T01:59:18","modified_gmt":"2026-04-15T22:59:18","slug":"cumhuriyet-tarihi-yalanlari-2-kitap","status":"publish","type":"product","link":"https:\/\/roveyayinevi.com.tr\/index.php\/urun\/cumhuriyet-tarihi-yalanlari-2-kitap\/","title":{"rendered":"Cumhuriyet Tarihi Yalanlar\u0131 2. Kitap"},"content":{"rendered":"<p>Atat\u00fcrk ve Cumhuriyet D\u00fc\u015fmanlar\u0131n\u0131n Yalanlar\u0131na Belgeli Cevaplar! Cumhuriyet Tarihi Yalanlar\u0131; yanda\u015fl\u0131\u011f\u0131n, yalakal\u0131\u011f\u0131n, Atat\u00fcrk ve Cumhuriyet kar\u015f\u0131tl\u0131\u011f\u0131n\u0131n prim yapt\u0131\u011f\u0131 bu g\u00fcnlerde, Atat\u00fcrk\u2019e ve Cumhuriyet\u2019e y\u00f6nelik sald\u0131r\u0131lara, yalanlara, yanl\u0131\u015flara ve yutturmacalara belgelere dayal\u0131 olarak cevap vermek, kand\u0131r\u0131lan ve aldat\u0131lan kamuoyuna m\u00fcmk\u00fcn oldu\u011fu kadar ger\u00e7ekleri g\u00f6stermek amac\u0131yla yaz\u0131lm\u0131\u015ft\u0131r. Cumhuriyet Tarihi Yalanlar\u0131\u2019n\u0131n ikinci cildinde cevap verilen yalanlardan baz\u0131lar\u0131 \u015funlard\u0131r: Atat\u00fcrk\u2019\u00fcn \u00c7anakkale Sava\u015flar\u0131nda \u00f6nemli bir ba\u015far\u0131s\u0131 yoktur! (Yalan) \u00c7anakkale zaferi Liman von Sanders\u2019in eseridir! (Yalan) \u00c7anakkale zaferini ye\u015fil sar\u0131kl\u0131lar kazand\u0131rm\u0131\u015ft\u0131r! (Yalan) K\u00fcrt Sorunu Cumhuriyet\u2019le ba\u015flam\u0131\u015ft\u0131r! (Yalan) Atat\u00fcrk ve Cumhuriyet, K\u00fcrtlere d\u00fc\u015fmand\u0131r! (Yalan) Atat\u00fcrk K\u00fcrtlere \u00f6zerklik s\u00f6z\u00fc vermi\u015ftir! (Yalan) \u015eeyh Sait \u0130syan\u0131\u2019nda \u0130ngiliz parma\u011f\u0131 yoktur! (Yalan) Dersim isyan etmemi\u015ftir! (Yalan) Cumhuriyet Do\u011fu\u2019ya yat\u0131r\u0131m yapmam\u0131\u015ft\u0131r! (Yalan) Atat\u00fcrk Dersim\u2019de Alevi-K\u00fcrt katliam\u0131 yapm\u0131\u015ft\u0131r! (Yalan) Said-i Nursi Kurtulu\u015f Sava\u015f\u0131 kahraman\u0131d\u0131r! (Yalan) Said-i Nursi\u2019nin ayr\u0131l\u0131k\u00e7\u0131 K\u00fcrt hareketiyle ilgisi yoktur! (Yalan) Said-i Nursi siyasetle ilgilenmemi\u015ftir! (Yalan) Said-i Nursi H\u00fcr Adam\u2019d\u0131r; Almanc\u0131 ve Amerikanc\u0131 de\u011fildir! (Yalan) Atat\u00fcrk, \u0130smet \u0130n\u00f6n\u00fc ve CHP camileri kapatm\u0131\u015ft\u0131r! (Yalan) \u0130smet \u0130n\u00f6n\u00fc din d\u00fc\u015fman\u0131d\u0131r! (Yalan) \u0130smet \u0130n\u00f6n\u00fc paralardan Atat\u00fcrk foto\u011fraf\u0131n\u0131 \u00e7\u0131kartm\u0131\u015ft\u0131r! (Yanl\u0131\u015f) Cumhuriyet Tarihi Yalanlar\u0131\u2019nda, T\u00fcrkiye\u2019nin d\u00f6n\u00fc\u015ft\u00fcr\u00fclme s\u00fcrecinde, yak\u0131n tarihin nas\u0131l sistemli bir \u015fekilde \u00e7arp\u0131t\u0131ld\u0131\u011f\u0131, Atat\u00fcrk\u2019\u00fcn ve Cumhuriyet\u2019in nas\u0131l ahlaks\u0131zca karaland\u0131\u011f\u0131 ve T\u00fcrk insan\u0131n\u0131n nas\u0131l vicdans\u0131zca kand\u0131r\u0131ld\u0131\u011f\u0131 \u015f\u00fcpheye yer b\u0131rakmayacak bi\u00e7imde kan\u0131tlanm\u0131\u015ft\u0131r. D\u00fcnyan\u0131n yar\u0131s\u0131n\u0131 her zaman ve d\u00fcnyan\u0131n hepsini bir zaman aldatmak m\u00fcmk\u00fcnd\u00fcr; fakat b\u00fct\u00fcn d\u00fcnyay\u0131 her zaman aldatmak m\u00fcmk\u00fcn de\u011fildir. -Mustafa Kemal Atat\u00fcrk- \ufffcTan\u0131t\u0131m Metni<\/p>\n","protected":false},"excerpt":{"rendered":"<p>Atat\u00fcrk ve Cumhuriyet D\u00fc\u015fmanlar\u0131n\u0131n Yalanlar\u0131na Belgeli Cevaplar! Cumhuriyet Tarihi Yalanlar\u0131; yanda\u015fl\u0131\u011f\u0131n, yalakal\u0131\u011f\u0131n, Atat\u00fcrk ve Cumhuriyet kar\u015f\u0131tl\u0131\u011f\u0131n\u0131n prim yapt\u0131\u011f\u0131 bu g\u00fcnlerde, Atat\u00fcrk\u2019e ve Cumhuriyet\u2019e y\u00f6nelik sald\u0131r\u0131lara, yalanlara,<span class=\"excerpt-hellip\"> [\u2026]<\/span><\/p>\n","protected":false},"featured_media":0,"template":"","meta":{"_monsterinsights_skip_tracking":false,"_monsterinsights_sitenote_active":false,"_monsterinsights_sitenote_note":"","_monsterinsights_sitenote_category":0},"product_brand":[],"product_cat":[13072,12291],"product_tag":[],"class_list":{"0":"post-689531","1":"product","2":"type-product","3":"status-publish","5":"product_cat-arastirma-inceleme-referans","6":"product_cat-edebiyat","7":"pa_cilt-ciltsiz","8":"pa_tur-kitap","9":"pa_yayinevi-inkilap-kitabevi","10":"pa_yazar-sinan-meydan","12":"first","13":"instock","14":"sale","15":"shipping-taxable","16":"purchasable","17":"product-type-simple"},"_links":{"self":[{"href":"https:\/\/roveyayinevi.com.tr\/index.php\/wp-json\/wp\/v2\/product\/689531","targetHints":{"allow":["GET"]}}],"collection":[{"href":"https:\/\/roveyayinevi.com.tr\/index.php\/wp-json\/wp\/v2\/product"}],"about":[{"href":"https:\/\/roveyayinevi.com.tr\/index.php\/wp-json\/wp\/v2\/types\/product"}],"wp:attachment":[{"href":"https:\/\/roveyayinevi.com.tr\/index.php\/wp-json\/wp\/v2\/media?parent=689531"}],"wp:term":[{"taxonomy":"product_brand","embeddable":true,"href":"https:\/\/roveyayinevi.com.tr\/index.php\/wp-json\/wp\/v2\/product_brand?post=689531"},{"taxonomy":"product_cat","embeddable":true,"href":"https:\/\/roveyayinevi.com.tr\/index.php\/wp-json\/wp\/v2\/product_cat?post=689531"},{"taxonomy":"product_tag","embeddable":true,"href":"https:\/\/roveyayinevi.com.tr\/index.php\/wp-json\/wp\/v2\/product_tag?post=689531"}],"curies":[{"name":"wp","href":"https:\/\/api.w.org\/{rel}","templated":true}]}}