{"id":689529,"date":"2025-08-27T13:11:56","date_gmt":"2025-08-27T10:11:56","guid":{"rendered":"https:\/\/roveyayinevi.com.tr\/index.php\/urun\/butun-tiyatro-eserleri-buzlar-cozulmeden-haci-kaptan\/"},"modified":"2026-04-16T01:59:18","modified_gmt":"2026-04-15T22:59:18","slug":"butun-tiyatro-eserleri-buzlar-cozulmeden-haci-kaptan","status":"publish","type":"product","link":"https:\/\/roveyayinevi.com.tr\/index.php\/urun\/butun-tiyatro-eserleri-buzlar-cozulmeden-haci-kaptan\/","title":{"rendered":"B\u00fct\u00fcn Tiyatro Eserleri: Buzlar \u00c7\u00f6z\u00fclmeden \/ Hac\u0131 Kaptan"},"content":{"rendered":"<p>B\u00fct\u00fcn Tiyatro Eserleri: Buzlar \u00c7\u00f6z\u00fclmeden \/ Hac\u0131 Kaptan <\/p>\n","protected":false},"excerpt":{"rendered":"<p>B\u00fct\u00fcn Tiyatro Eserleri: Buzlar \u00c7\u00f6z\u00fclmeden \/ Hac\u0131 Kaptan<\/p>\n","protected":false},"featured_media":0,"template":"","meta":{"_monsterinsights_skip_tracking":false,"_monsterinsights_sitenote_active":false,"_monsterinsights_sitenote_note":"","_monsterinsights_sitenote_category":0},"product_brand":[],"product_cat":[12291,15566],"product_tag":[],"class_list":{"0":"post-689529","1":"product","2":"type-product","3":"status-publish","5":"product_cat-edebiyat","6":"product_cat-oyun","7":"pa_cilt-ciltsiz","8":"pa_tur-kitap","9":"pa_yayinevi-inkilap-kitabevi","10":"pa_yazar-cevat-fehmi-baskut","12":"first","13":"instock","14":"sale","15":"shipping-taxable","16":"purchasable","17":"product-type-simple"},"_links":{"self":[{"href":"https:\/\/roveyayinevi.com.tr\/index.php\/wp-json\/wp\/v2\/product\/689529","targetHints":{"allow":["GET"]}}],"collection":[{"href":"https:\/\/roveyayinevi.com.tr\/index.php\/wp-json\/wp\/v2\/product"}],"about":[{"href":"https:\/\/roveyayinevi.com.tr\/index.php\/wp-json\/wp\/v2\/types\/product"}],"wp:attachment":[{"href":"https:\/\/roveyayinevi.com.tr\/index.php\/wp-json\/wp\/v2\/media?parent=689529"}],"wp:term":[{"taxonomy":"product_brand","embeddable":true,"href":"https:\/\/roveyayinevi.com.tr\/index.php\/wp-json\/wp\/v2\/product_brand?post=689529"},{"taxonomy":"product_cat","embeddable":true,"href":"https:\/\/roveyayinevi.com.tr\/index.php\/wp-json\/wp\/v2\/product_cat?post=689529"},{"taxonomy":"product_tag","embeddable":true,"href":"https:\/\/roveyayinevi.com.tr\/index.php\/wp-json\/wp\/v2\/product_tag?post=689529"}],"curies":[{"name":"wp","href":"https:\/\/api.w.org\/{rel}","templated":true}]}}