{"id":689524,"date":"2025-08-27T13:11:55","date_gmt":"2025-08-27T10:11:55","guid":{"rendered":"https:\/\/roveyayinevi.com.tr\/index.php\/urun\/kis-ortasinda-kan\/"},"modified":"2026-04-16T01:59:17","modified_gmt":"2026-04-15T22:59:17","slug":"kis-ortasinda-kan","status":"publish","type":"product","link":"https:\/\/roveyayinevi.com.tr\/index.php\/urun\/kis-ortasinda-kan\/","title":{"rendered":"K\u0131\u015f Ortas\u0131nda Kan"},"content":{"rendered":"<p>\u201c\u00d6nemli olan, duyulmayan sesleri i\u015fitmektir, Malin. \u0130\u015fte ger\u00e7ek, bu duyulmayan seslerin i\u00e7indedir.\u201dTarihin en so\u011fuk k\u0131\u015f\u0131nda, d\u00f6v\u00fclerek \u00f6ld\u00fcr\u00fclm\u00fc\u015f obez bir adam ormanda a\u011faca as\u0131lm\u0131\u015f bir halde bulunur. Cinayetin baz\u0131 rit\u00fcellerden esinlenilerek i\u015flendi\u011fi \u015f\u00fcphesi g\u00fc\u00e7l\u00fcd\u00fcr. Ama s\u0131radan bir kasaban\u0131n kendi halinde bir sakinini kim neden \u00f6ld\u00fcrmek istesin? Olay yerine ilk giden, yetenekli ve h\u0131rsl\u0131 dedektif Malin Fors\u2019tur. Katilin pe\u015finde oradan oraya s\u00fcr\u00fcklenirken \u00e7ok ge\u00e7meden kurban\u0131n hem gen\u00e7ler hem de yeti\u015fkinler taraf\u0131ndan horland\u0131\u011f\u0131n\u0131 ve hakk\u0131nda \u00e7e\u015fitli s\u00f6ylentilerin kol gezdi\u011fini \u00f6\u011frenir. Olas\u0131 bir mezhep \u00e7at\u0131\u015fmas\u0131n\u0131n ya da baz\u0131 tanr\u0131lara inan\u0131\u015flar\u0131n da cinayet sebebi olabilece\u011fi d\u00fc\u015f\u00fcn\u00fclmektedir. Dedektif, bu k\u00fc\u00e7\u00fck kasabada insanlar\u0131n s\u0131rlar\u0131n\u0131 saklamak u\u011fruna ne kadar ileri gidebileceklerini de \u00f6\u011frenmek \u00fczeredir\u2026Buz gibi so\u011fuk, nefes kesen bir polisiyeye haz\u0131r olun.  \u201cD\u00fc\u015f\u00fcnd\u00fcr\u00fcc\u00fc. Karanl\u0131k. Bu roman, Larsson\u2019un Millenium Serisi\u2019nin v\u00e2risi olmay\u0131 hak ediyor\u2026 Kallentoft\u2019un kitab\u0131, t\u00fcm zarafeti ve esrarengizli\u011fiyle \u0130sve\u00e7 polisiye edebiyat\u0131n\u0131n muhte\u015fem bir \u00f6rne\u011fi.\u201d &#8211; Booklist\u201cBir erkek taraf\u0131ndan yarat\u0131lm\u0131\u015f en iyi kad\u0131n kahramanlardan biri.\u201d &#8211; The Guardian \u201cK\u0131\u015f Ortas\u0131nda Kan insan\u0131 bir anda yakalayan bir kumarla ba\u015fl\u0131yor\u2026 Dedektif Malin Fors, hatalar\u0131n\u0131 bile ilgi \u00e7ekici bulaca\u011f\u0131n\u0131z bek\u00e2r bir anne.\u201d &#8211; Easy Living\u201cHedefi on ikiden vuruyor.\u201d- Sunday Herald Sun \u201cElinizdeki, k\u00f6t\u00fc insanlar ve \u00e7aresiz yaln\u0131zl\u0131klarla dolu karanl\u0131k bir kitap. Kallentoft\u2019un betimlemeleri enfes. A\u011fa\u00e7ta bulunan bir cesetle ba\u015flayan soru\u015fturman\u0131n sonucu m\u00fcthi\u015f bir hik\u00e2yeye ula\u015f\u0131yor. Polisiye hayranlar\u0131 i\u00e7in bulunmaz bir nimet.\u201d- Globe and Mail \u201cZekice kurgulanm\u0131\u015f, karanl\u0131k katmanlardan olu\u015fan m\u00fcthi\u015f bir  polisiye gerilim.\u201d- Courier Mail \u201cS\u00f6yleyecek de\u011fi\u015fik bir \u015feyi olan ve bunu kendine has bir tarzla anlatan ba\u015fka bir \u0130skandinav yazar daha. Arka planda, \u0130sve\u00e7\u2019in amans\u0131z k\u0131\u015f\u0131 olduk\u00e7a ger\u00e7ek\u00e7i bir \u015fekilde yaz\u0131ya d\u00f6k\u00fclm\u00fc\u015f. Sofistike kahraman\u0131n\u0131n tasviri de olduk\u00e7a etkileyici. Hayranl\u0131k uyand\u0131ran bir kitap.\u201d -Tangled Web\u201cKallentoft sa\u011flam bir hik\u00e2ye yaratma ve g\u00fc\u00e7l\u00fc kad\u0131n kahramanlar olu\u015fturma y\u00f6n\u00fcnde ald\u0131\u011f\u0131 t\u00fcm \u00f6vg\u00fcleri hak ediyor. Malin Fors karakteri k\u0131sa s\u00fcrede kendine b\u00fcy\u00fck bir hayran kitlesi yaratt\u0131.\u201d  &#8211; Good Book Guide\u201c\u015eimdiye kadar okudu\u011fum b\u00fct\u00fcn Kallentoft kitaplar\u0131na bay\u0131ld\u0131m; \u00f6zellikle kurbanlar\u0131n\u0131 konu\u015fturma tarz\u0131 harika.\u201d &#8211; Alex Gray \u201cMalin, ki\u015fisel sorunlar\u0131yla bo\u011fu\u015fan kendinizle \u00f6zde\u015fle\u015ftirebilece\u011finiz ilgi \u00e7ekici bir karakter. Bence Kallentoft\u2019un roman\u0131, Stieg Larsson\u2019un Ejderha D\u00f6vmeli K\u0131z\u2019\u0131yla yar\u0131\u015facak nitelikte.\u201d- Richard, Richard<\/p>\n","protected":false},"excerpt":{"rendered":"<p>\u201c\u00d6nemli olan, duyulmayan sesleri i\u015fitmektir, Malin. \u0130\u015fte ger\u00e7ek, bu duyulmayan seslerin i\u00e7indedir.\u201dTarihin en so\u011fuk k\u0131\u015f\u0131nda, d\u00f6v\u00fclerek \u00f6ld\u00fcr\u00fclm\u00fc\u015f obez bir adam ormanda a\u011faca as\u0131lm\u0131\u015f bir halde bulunur.<span class=\"excerpt-hellip\"> [\u2026]<\/span><\/p>\n","protected":false},"featured_media":0,"template":"","meta":{"_monsterinsights_skip_tracking":false,"_monsterinsights_sitenote_active":false,"_monsterinsights_sitenote_note":"","_monsterinsights_sitenote_category":0},"product_brand":[],"product_cat":[12291,12711],"product_tag":[],"class_list":{"0":"post-689524","1":"product","2":"type-product","3":"status-publish","5":"product_cat-edebiyat","6":"product_cat-roman-oyku","7":"pa_cilt-ciltsiz","8":"pa_tur-kitap","9":"pa_yayinevi-pegasus-yayinlari","10":"pa_yazar-mons-kallentoft","12":"first","13":"instock","14":"sale","15":"shipping-taxable","16":"purchasable","17":"product-type-simple"},"_links":{"self":[{"href":"https:\/\/roveyayinevi.com.tr\/index.php\/wp-json\/wp\/v2\/product\/689524","targetHints":{"allow":["GET"]}}],"collection":[{"href":"https:\/\/roveyayinevi.com.tr\/index.php\/wp-json\/wp\/v2\/product"}],"about":[{"href":"https:\/\/roveyayinevi.com.tr\/index.php\/wp-json\/wp\/v2\/types\/product"}],"wp:attachment":[{"href":"https:\/\/roveyayinevi.com.tr\/index.php\/wp-json\/wp\/v2\/media?parent=689524"}],"wp:term":[{"taxonomy":"product_brand","embeddable":true,"href":"https:\/\/roveyayinevi.com.tr\/index.php\/wp-json\/wp\/v2\/product_brand?post=689524"},{"taxonomy":"product_cat","embeddable":true,"href":"https:\/\/roveyayinevi.com.tr\/index.php\/wp-json\/wp\/v2\/product_cat?post=689524"},{"taxonomy":"product_tag","embeddable":true,"href":"https:\/\/roveyayinevi.com.tr\/index.php\/wp-json\/wp\/v2\/product_tag?post=689524"}],"curies":[{"name":"wp","href":"https:\/\/api.w.org\/{rel}","templated":true}]}}