{"id":689523,"date":"2025-08-27T13:11:55","date_gmt":"2025-08-27T10:11:55","guid":{"rendered":"https:\/\/roveyayinevi.com.tr\/index.php\/urun\/bilinmeyen-bir-kadinin-mektubu\/"},"modified":"2026-04-16T01:59:17","modified_gmt":"2026-04-15T22:59:17","slug":"bilinmeyen-bir-kadinin-mektubu","status":"publish","type":"product","link":"https:\/\/roveyayinevi.com.tr\/index.php\/urun\/bilinmeyen-bir-kadinin-mektubu\/","title":{"rendered":"Bilinmeyen Bir Kad\u0131n\u0131n Mektubu"},"content":{"rendered":"<p>Stefan Zweig Bilinmeyen Bir Kad\u0131n\u0131n Mektubu (Brief einer Unbekannten) adl\u0131 uzun \u00f6yk\u00fcs\u00fcn\u00fc 1920&#8217;li y\u0131llar\u0131n ilk yar\u0131s\u0131nda kaleme ald\u0131. Bilinmeyen Bir Kad\u0131n\u0131n Mektubu&#8217;nun kad\u0131n kahraman\u0131 sadece uzun bir mektubun yazar\u0131 olarak tan\u0131yoruz. Kad\u0131n\u0131n hayat\u0131 boyunca sevmi\u015f oldu\u011fu erkek i\u00e7in kaleme ald\u0131\u011f\u0131 bu mektubun  g\u00f6nderen inin ad\u0131 yoktur. Mektubun ba\u015f\u0131nda tek bir hitap vard\u0131r:  Sana, beni asla tan\u0131mam\u0131\u015f olan sana . Kad\u0131n b\u00fcy\u00fck tutkusunu hep bir  bilinmeyen  olarak, yani tek ba\u015f\u0131na ya\u015famaya raz\u0131d\u0131r, bu a\u015fk \u00f6yk\u00fcs\u00fcnde  taraflar  de\u011fil, sadece tek bir  taraf  vard\u0131r. B\u00f6ylesine, ger\u00e7ek anlamda a\u015fk denilebilir mi? Zweig okurunu, bir kez daha, insan psikolojisinde e\u015fine pek rastlanmayan bir yolculu\u011fa davet ediyor. Bu yeni yolculu\u011fun sonunda  mutlak a\u015fk  kavram\u0131n\u0131n \u015fimdiye kadar bilinmeyen k\u0131y\u0131lar\u0131na varmay\u0131 ama\u00e7lam\u0131\u015f olmas\u0131 da bir ihtimal! Stefan Zweig 20 Ekim 1881&#8217;de Viyana&#8217;da do\u011fdu. 1920-1928 y\u0131llar\u0131 aras\u0131nda yazd\u0131\u011f\u0131 \u00dc\u00e7 B\u00fcy\u00fck Usta, Kendi Hayat\u0131n\u0131n \u015eiirini Yazanlar, Kendileriyle Sava\u015fanlar b\u00fcy\u00fck ses getirdi. Hayat\u0131 boyunca her t\u00fcrl\u00fc resmi \u00f6d\u00fcl\u00fc reddeden Zweig 1940 y\u0131l\u0131nda bir konferans i\u00e7in G\u00fcney Amerika&#8217;ya gitti ve hayat\u0131n\u0131 orada s\u00fcrd\u00fcrd\u00fc. Zweig, 23 \u015eubat 1942 y\u0131l\u0131nda ikinci e\u015fi Lotte ile birlikte, yaratt\u0131\u011f\u0131 bir\u00e7ok roman kahraman\u0131 gibi sava\u015f\u0131n neden oldu\u011fu derin bir umutsuzluk duygusuyla \u00f6l\u00fcm\u00fc se\u00e7ti. <\/p>\n","protected":false},"excerpt":{"rendered":"<p>Stefan Zweig Bilinmeyen Bir Kad\u0131n\u0131n Mektubu (Brief einer Unbekannten) adl\u0131 uzun \u00f6yk\u00fcs\u00fcn\u00fc 1920&#8217;li y\u0131llar\u0131n ilk yar\u0131s\u0131nda kaleme ald\u0131. Bilinmeyen Bir Kad\u0131n\u0131n Mektubu&#8217;nun kad\u0131n kahraman\u0131 sadece uzun<span class=\"excerpt-hellip\"> [\u2026]<\/span><\/p>\n","protected":false},"featured_media":0,"template":"","meta":{"_monsterinsights_skip_tracking":false,"_monsterinsights_sitenote_active":false,"_monsterinsights_sitenote_note":"","_monsterinsights_sitenote_category":0},"product_brand":[],"product_cat":[13835],"product_tag":[],"class_list":{"0":"post-689523","1":"product","2":"type-product","3":"status-publish","5":"product_cat-cok-satanlar","6":"pa_cilt-ciltsiz","7":"pa_tur-kitap","8":"pa_yayinevi-is-bankasi-kultur-yayinlari","9":"pa_yazar-stefan-zweig","11":"first","12":"instock","13":"sale","14":"shipping-taxable","15":"purchasable","16":"product-type-simple"},"_links":{"self":[{"href":"https:\/\/roveyayinevi.com.tr\/index.php\/wp-json\/wp\/v2\/product\/689523","targetHints":{"allow":["GET"]}}],"collection":[{"href":"https:\/\/roveyayinevi.com.tr\/index.php\/wp-json\/wp\/v2\/product"}],"about":[{"href":"https:\/\/roveyayinevi.com.tr\/index.php\/wp-json\/wp\/v2\/types\/product"}],"wp:attachment":[{"href":"https:\/\/roveyayinevi.com.tr\/index.php\/wp-json\/wp\/v2\/media?parent=689523"}],"wp:term":[{"taxonomy":"product_brand","embeddable":true,"href":"https:\/\/roveyayinevi.com.tr\/index.php\/wp-json\/wp\/v2\/product_brand?post=689523"},{"taxonomy":"product_cat","embeddable":true,"href":"https:\/\/roveyayinevi.com.tr\/index.php\/wp-json\/wp\/v2\/product_cat?post=689523"},{"taxonomy":"product_tag","embeddable":true,"href":"https:\/\/roveyayinevi.com.tr\/index.php\/wp-json\/wp\/v2\/product_tag?post=689523"}],"curies":[{"name":"wp","href":"https:\/\/api.w.org\/{rel}","templated":true}]}}