{"id":689522,"date":"2025-08-27T13:11:54","date_gmt":"2025-08-27T10:11:54","guid":{"rendered":"https:\/\/roveyayinevi.com.tr\/index.php\/urun\/boganin-yolunda\/"},"modified":"2026-04-16T01:59:17","modified_gmt":"2026-04-15T22:59:17","slug":"boganin-yolunda","status":"publish","type":"product","link":"https:\/\/roveyayinevi.com.tr\/index.php\/urun\/boganin-yolunda\/","title":{"rendered":"Bo\u011fan\u0131n Yolunda"},"content":{"rendered":"<p>Zen Budist gelene\u011fine g\u00f6re bo\u011fa ya\u015fam enerjisini, ger\u00e7e\u011fi ve eylemi simgeler. Ama, bir kere bulundu mu asla dizgin alt\u0131na al\u0131namaz. \u00d6zg\u00fcr kalmal\u0131 ve s\u00fcrekli ard\u0131ndan gidilmelidir. Bu kitap bir insan\u0131n kendini bulmada, ger\u00e7ek do\u011fas\u0131n\u0131 ke\u015ffetmede hangi ad\u0131mlar\u0131 ataca\u011f\u0131n\u0131 g\u00f6stermektedir. Bu kitap Leo Buscaglia\u2019n\u0131n kendisini ve huzuru aramas\u0131n\u0131 anlatmaktad\u0131r. Do\u011fu\u2019da unutulmaz bir yolculukta ki\u015fisel tatmini ararken i\u00e7 ve d\u0131\u015f ke\u015fifleri  bo\u011fan\u0131n yolunu  izlemekle kolayla\u015fm\u0131\u015ft\u0131r. Bu duyarl\u0131 ve filozof\u00e7a \u00e7ekici kitapta Dr. Buscaglia yolunu bizimle payla\u015fmaktad\u0131r ama bunun  kendi  yolculu\u011fu oldu\u011funu ve sadece kendisine g\u00f6t\u00fcrd\u00fc\u011f\u00fcn\u00fc s\u0131k s\u0131k hat\u0131rlatmaktad\u0131r. Her birimiz ger\u00e7ek anlam\u0131 i\u00e7in kendi yolumuzu bulmal\u0131y\u0131z. <\/p>\n","protected":false},"excerpt":{"rendered":"<p>Zen Budist gelene\u011fine g\u00f6re bo\u011fa ya\u015fam enerjisini, ger\u00e7e\u011fi ve eylemi simgeler. Ama, bir kere bulundu mu asla dizgin alt\u0131na al\u0131namaz. \u00d6zg\u00fcr kalmal\u0131 ve s\u00fcrekli ard\u0131ndan gidilmelidir.<span class=\"excerpt-hellip\"> [\u2026]<\/span><\/p>\n","protected":false},"featured_media":0,"template":"","meta":{"_monsterinsights_skip_tracking":false,"_monsterinsights_sitenote_active":false,"_monsterinsights_sitenote_note":"","_monsterinsights_sitenote_category":0},"product_brand":[],"product_cat":[13054],"product_tag":[],"class_list":{"0":"post-689522","1":"product","2":"type-product","3":"status-publish","5":"product_cat-gezi-ve-rehber-kitaplari","6":"pa_cilt-ciltsiz","7":"pa_tur-kitap","8":"pa_yayinevi-inkilap-kitabevi","9":"pa_yazar-leo-buscaglia","11":"first","12":"instock","13":"sale","14":"shipping-taxable","15":"purchasable","16":"product-type-simple"},"_links":{"self":[{"href":"https:\/\/roveyayinevi.com.tr\/index.php\/wp-json\/wp\/v2\/product\/689522","targetHints":{"allow":["GET"]}}],"collection":[{"href":"https:\/\/roveyayinevi.com.tr\/index.php\/wp-json\/wp\/v2\/product"}],"about":[{"href":"https:\/\/roveyayinevi.com.tr\/index.php\/wp-json\/wp\/v2\/types\/product"}],"wp:attachment":[{"href":"https:\/\/roveyayinevi.com.tr\/index.php\/wp-json\/wp\/v2\/media?parent=689522"}],"wp:term":[{"taxonomy":"product_brand","embeddable":true,"href":"https:\/\/roveyayinevi.com.tr\/index.php\/wp-json\/wp\/v2\/product_brand?post=689522"},{"taxonomy":"product_cat","embeddable":true,"href":"https:\/\/roveyayinevi.com.tr\/index.php\/wp-json\/wp\/v2\/product_cat?post=689522"},{"taxonomy":"product_tag","embeddable":true,"href":"https:\/\/roveyayinevi.com.tr\/index.php\/wp-json\/wp\/v2\/product_tag?post=689522"}],"curies":[{"name":"wp","href":"https:\/\/api.w.org\/{rel}","templated":true}]}}