{"id":689520,"date":"2025-08-27T13:11:54","date_gmt":"2025-08-27T10:11:54","guid":{"rendered":"https:\/\/roveyayinevi.com.tr\/index.php\/urun\/bilimler-ve-sanatlar-ustune-soylev\/"},"modified":"2026-04-16T01:59:17","modified_gmt":"2026-04-15T22:59:17","slug":"bilimler-ve-sanatlar-ustune-soylev","status":"publish","type":"product","link":"https:\/\/roveyayinevi.com.tr\/index.php\/urun\/bilimler-ve-sanatlar-ustune-soylev\/","title":{"rendered":"Bilimler ve Sanatlar \u00dcst\u00fcne S\u00f6ylev"},"content":{"rendered":"<p>Jean &#8211; Jacques Rousseau (1712 &#8211; 1778) : Bilimler ve Sanatlar \u00dcst\u00fcne S\u00f6ylev&#8217;den Emile&#8217;e, insanlar Aras\u0131nda E\u015fitsizli\u011fin Kayna\u011f\u0131&#8217;ndan \u0130tiraflar&#8217;a, insanl\u0131k tarihinde \u00e7\u0131\u011f\u0131r a\u00e7an Ayd\u0131nlanma d\u00fc\u015f\u00fcncesinin en \u00f6nemli Romantik d\u00fc\u015f\u00fcn\u00fcr &#8211; Yazar\u0131d\u0131r.  Bilimler ve Sanatlar \u00dcst\u00fcne S\u00f6ylev (1750) ise, Rousseau&#8217;yu Fransa&#8217;ya ve d\u00fcnyaya tan\u0131tan kitap olmu\u015ftur. \ufffc<\/p>\n","protected":false},"excerpt":{"rendered":"<p>Jean &#8211; Jacques Rousseau (1712 &#8211; 1778) : Bilimler ve Sanatlar \u00dcst\u00fcne S\u00f6ylev&#8217;den Emile&#8217;e, insanlar Aras\u0131nda E\u015fitsizli\u011fin Kayna\u011f\u0131&#8217;ndan \u0130tiraflar&#8217;a, insanl\u0131k tarihinde \u00e7\u0131\u011f\u0131r a\u00e7an Ayd\u0131nlanma d\u00fc\u015f\u00fcncesinin en<span class=\"excerpt-hellip\"> [\u2026]<\/span><\/p>\n","protected":false},"featured_media":0,"template":"","meta":{"_monsterinsights_skip_tracking":false,"_monsterinsights_sitenote_active":false,"_monsterinsights_sitenote_note":"","_monsterinsights_sitenote_category":0},"product_brand":[],"product_cat":[12291,13376],"product_tag":[],"class_list":{"0":"post-689520","1":"product","2":"type-product","3":"status-publish","5":"product_cat-edebiyat","6":"product_cat-fransiz-edebiyati","7":"pa_cilt-ciltsiz","8":"pa_tur-kitap","9":"pa_yayinevi-is-bankasi-kultur-yayinlari","10":"pa_yazar-jean-jacques-rousseau","12":"first","13":"instock","14":"sale","15":"shipping-taxable","16":"purchasable","17":"product-type-simple"},"_links":{"self":[{"href":"https:\/\/roveyayinevi.com.tr\/index.php\/wp-json\/wp\/v2\/product\/689520","targetHints":{"allow":["GET"]}}],"collection":[{"href":"https:\/\/roveyayinevi.com.tr\/index.php\/wp-json\/wp\/v2\/product"}],"about":[{"href":"https:\/\/roveyayinevi.com.tr\/index.php\/wp-json\/wp\/v2\/types\/product"}],"wp:attachment":[{"href":"https:\/\/roveyayinevi.com.tr\/index.php\/wp-json\/wp\/v2\/media?parent=689520"}],"wp:term":[{"taxonomy":"product_brand","embeddable":true,"href":"https:\/\/roveyayinevi.com.tr\/index.php\/wp-json\/wp\/v2\/product_brand?post=689520"},{"taxonomy":"product_cat","embeddable":true,"href":"https:\/\/roveyayinevi.com.tr\/index.php\/wp-json\/wp\/v2\/product_cat?post=689520"},{"taxonomy":"product_tag","embeddable":true,"href":"https:\/\/roveyayinevi.com.tr\/index.php\/wp-json\/wp\/v2\/product_tag?post=689520"}],"curies":[{"name":"wp","href":"https:\/\/api.w.org\/{rel}","templated":true}]}}