{"id":689518,"date":"2025-08-27T13:11:54","date_gmt":"2025-08-27T10:11:54","guid":{"rendered":"https:\/\/roveyayinevi.com.tr\/index.php\/urun\/bir-delinin-ani-defteri\/"},"modified":"2026-04-16T01:59:17","modified_gmt":"2026-04-15T22:59:17","slug":"bir-delinin-ani-defteri","status":"publish","type":"product","link":"https:\/\/roveyayinevi.com.tr\/index.php\/urun\/bir-delinin-ani-defteri\/","title":{"rendered":"Bir Delinin An\u0131 Defteri"},"content":{"rendered":"<p>Nikolay Vasilyevi\u00e7 Gogol (1809-1852): Ukrayna&#8217;da, orta halli toprak sahibi bir ailede d\u00fcnyayua geldi. \u00c7ocuklu\u011funu etkileyen k\u00f6y ya\u015fam\u0131 Kazak gelenekleri eserlerine yan\u015f\u0131d\u0131, Ukrayna halk k\u00fclt\u00fcr\u00fcn\u00fcn \u00f6geleriyle i\u015flenmi\u015f \u00f6yk\u00fcler yazd\u0131. mizah anlay\u0131\u015f\u0131, ger\u00e7ek\u00e7i tutumu ve canl\u0131 anlat\u0131m\u0131yla Rus edebiyat\u0131nda \u00f6nemli bir yenili\u011fin \u00f6nc\u00fcs\u00fc oldu. Dikanka Yak\u0131nlar\u0131nda Bir \u00c7iftlikte Ak\u015fam Toplant\u0131lar\u0131 ve Mirgorod \u00d6yk\u00fcleri&#8217;nde mizah\u0131n yan\u0131 s\u0131ra, ya\u015fam kar\u015f\u0131s\u0131nda karamsarl\u0131k ve d\u00fcnyan\u0131n k\u00f6t\u00fcl\u00fc\u011f\u00fc \u00fczerine d\u00fc\u015f\u00fcncelerini ortaya koydu. Petersburg \u00d6yk\u00fcleri yazar\u0131n \u00f6yk\u00fclerinin ikinci halkas\u0131n\u0131 olu\u015fturmaktad\u0131r. Mazlum Beyhan (1948): Dostoyevski&#8217;den Su\u00e7 ve Ceza ve Budala, Tolstoy&#8217;dan Sanat Nedir?, \u00c7ocukluk, \u0130lkgen\u00e7lik, Gen\u00e7lik, Gogol&#8217;den Bir Delinin An\u0131 Defteri, Burun, Palto Mazlum Beyhan&#8217;\u0131n \u00e7evirdi\u011fi ba\u015fyap\u0131tlar aras\u0131nda yer al\u0131r. Ayr\u0131ca \u00c7erni\u015fevski, Byelinski, Kropotkin ve \u015e\u00e7edrin&#8217;den T\u00fcrk\u00e7eye kazand\u0131rd\u0131\u011f\u0131 eserlerle hi\u00e7 tart\u0131\u015fmas\u0131z son 35 y\u0131l\u0131n en \u00f6nemli Rus edebiyat\u0131 \u00e7evirmenlerinden biridir. \ufffc<\/p>\n","protected":false},"excerpt":{"rendered":"<p>Nikolay Vasilyevi\u00e7 Gogol (1809-1852): Ukrayna&#8217;da, orta halli toprak sahibi bir ailede d\u00fcnyayua geldi. \u00c7ocuklu\u011funu etkileyen k\u00f6y ya\u015fam\u0131 Kazak gelenekleri eserlerine yan\u015f\u0131d\u0131, Ukrayna halk k\u00fclt\u00fcr\u00fcn\u00fcn \u00f6geleriyle i\u015flenmi\u015f<span class=\"excerpt-hellip\"> [\u2026]<\/span><\/p>\n","protected":false},"featured_media":0,"template":"","meta":{"_monsterinsights_skip_tracking":false,"_monsterinsights_sitenote_active":false,"_monsterinsights_sitenote_note":"","_monsterinsights_sitenote_category":0},"product_brand":[],"product_cat":[12291,13570],"product_tag":[],"class_list":{"0":"post-689518","1":"product","2":"type-product","3":"status-publish","5":"product_cat-edebiyat","6":"product_cat-rus-edebiyati","7":"pa_cilt-ciltsiz","8":"pa_tur-kitap","9":"pa_yayinevi-is-bankasi-kultur-yayinlari","10":"pa_yazar-nikolay-vasilyevic-gogol","12":"first","13":"instock","14":"sale","15":"shipping-taxable","16":"purchasable","17":"product-type-simple"},"_links":{"self":[{"href":"https:\/\/roveyayinevi.com.tr\/index.php\/wp-json\/wp\/v2\/product\/689518","targetHints":{"allow":["GET"]}}],"collection":[{"href":"https:\/\/roveyayinevi.com.tr\/index.php\/wp-json\/wp\/v2\/product"}],"about":[{"href":"https:\/\/roveyayinevi.com.tr\/index.php\/wp-json\/wp\/v2\/types\/product"}],"wp:attachment":[{"href":"https:\/\/roveyayinevi.com.tr\/index.php\/wp-json\/wp\/v2\/media?parent=689518"}],"wp:term":[{"taxonomy":"product_brand","embeddable":true,"href":"https:\/\/roveyayinevi.com.tr\/index.php\/wp-json\/wp\/v2\/product_brand?post=689518"},{"taxonomy":"product_cat","embeddable":true,"href":"https:\/\/roveyayinevi.com.tr\/index.php\/wp-json\/wp\/v2\/product_cat?post=689518"},{"taxonomy":"product_tag","embeddable":true,"href":"https:\/\/roveyayinevi.com.tr\/index.php\/wp-json\/wp\/v2\/product_tag?post=689518"}],"curies":[{"name":"wp","href":"https:\/\/api.w.org\/{rel}","templated":true}]}}