{"id":689517,"date":"2025-08-27T13:11:54","date_gmt":"2025-08-27T10:11:54","guid":{"rendered":"https:\/\/roveyayinevi.com.tr\/index.php\/urun\/bir-cift-ayakkabi\/"},"modified":"2026-04-16T01:59:17","modified_gmt":"2026-04-15T22:59:17","slug":"bir-cift-ayakkabi","status":"publish","type":"product","link":"https:\/\/roveyayinevi.com.tr\/index.php\/urun\/bir-cift-ayakkabi\/","title":{"rendered":"Bir \u00c7ift Ayakkab\u0131"},"content":{"rendered":"<p>Sunay Ak\u0131n, bu kez Bir \u00c7ift Ayakkab\u0131\u2019yla \u00e7\u0131k\u0131yor insanl\u0131k tarihinin bilinmeyen tozlu yollar\u0131ndaki maceras\u0131na. Bir \u00c7ift Ayakkab\u0131 kimi zaman boya sand\u0131klar\u0131ndaki hayat a\u011fac\u0131 imgesine d\u00f6n\u00fc\u015f\u00fcyor, kimi zaman koskoca bir padi\u015fah\u0131n imdad\u0131na yeti\u015fiyor. Ay\u2019\u0131n, sineman\u0131n, sanat\u0131n, a\u015fk\u0131n, sava\u015f\u0131n, vd. tarihine \u0131\u015f\u0131k tutuyor. Muhta\u00e7 olmas\u0131n diye, evden ka\u00e7an kar\u0131s\u0131n\u0131n ayakkab\u0131s\u0131n\u0131n i\u00e7ine para koyan terk edilmi\u015f koca kimdir? Van Gogh\u2019un tablosunda ters \u00e7evirdi\u011fi ayakkab\u0131n\u0131n s\u0131rr\u0131&#8230; Abd\u00fclaziz \u0130stanbul\u2019u d\u00fcnyaya nas\u0131l gezdirdi? Hayat a\u011fac\u0131\u2019n\u0131n boyac\u0131 sand\u0131klar\u0131ndaki sureti&#8230; K\u0131z Kulesi, pabu\u00e7lar\u0131n\u0131 nereye d\u00fc\u015f\u00fcrd\u00fc? Galata K\u00f6pr\u00fcs\u00fc\u2019nden ge\u00e7en en b\u00fcy\u00fck ayaklara nas\u0131l ayakkab\u0131 bulundu? D\u00fcnya\u2019n\u0131n giri\u015f kap\u0131s\u0131nda kimlerin ayakkab\u0131lar\u0131 duruyor? K\u0131vrak hareketlerle oynat\u0131yor kalemini Sunay Ak\u0131n ve izini s\u00fcrd\u00fc\u011f\u00fc hik\u00e2yelerin her bir par\u00e7as\u0131n\u0131 ustal\u0131kla yerlerine yerle\u015ftiriyor. <\/p>\n","protected":false},"excerpt":{"rendered":"<p>Sunay Ak\u0131n, bu kez Bir \u00c7ift Ayakkab\u0131\u2019yla \u00e7\u0131k\u0131yor insanl\u0131k tarihinin bilinmeyen tozlu yollar\u0131ndaki maceras\u0131na. Bir \u00c7ift Ayakkab\u0131 kimi zaman boya sand\u0131klar\u0131ndaki hayat a\u011fac\u0131 imgesine d\u00f6n\u00fc\u015f\u00fcyor, kimi<span class=\"excerpt-hellip\"> [\u2026]<\/span><\/p>\n","protected":false},"featured_media":0,"template":"","meta":{"_monsterinsights_skip_tracking":false,"_monsterinsights_sitenote_active":false,"_monsterinsights_sitenote_note":"","_monsterinsights_sitenote_category":0},"product_brand":[],"product_cat":[12291,12292],"product_tag":[],"class_list":{"0":"post-689517","1":"product","2":"type-product","3":"status-publish","5":"product_cat-edebiyat","6":"product_cat-turk-edebiyati","7":"pa_cilt-ciltsiz","8":"pa_tur-kitap","9":"pa_yayinevi-is-bankasi-kultur-yayinlari","10":"pa_yazar-sunay-akin","12":"first","13":"instock","14":"sale","15":"shipping-taxable","16":"purchasable","17":"product-type-simple"},"_links":{"self":[{"href":"https:\/\/roveyayinevi.com.tr\/index.php\/wp-json\/wp\/v2\/product\/689517","targetHints":{"allow":["GET"]}}],"collection":[{"href":"https:\/\/roveyayinevi.com.tr\/index.php\/wp-json\/wp\/v2\/product"}],"about":[{"href":"https:\/\/roveyayinevi.com.tr\/index.php\/wp-json\/wp\/v2\/types\/product"}],"wp:attachment":[{"href":"https:\/\/roveyayinevi.com.tr\/index.php\/wp-json\/wp\/v2\/media?parent=689517"}],"wp:term":[{"taxonomy":"product_brand","embeddable":true,"href":"https:\/\/roveyayinevi.com.tr\/index.php\/wp-json\/wp\/v2\/product_brand?post=689517"},{"taxonomy":"product_cat","embeddable":true,"href":"https:\/\/roveyayinevi.com.tr\/index.php\/wp-json\/wp\/v2\/product_cat?post=689517"},{"taxonomy":"product_tag","embeddable":true,"href":"https:\/\/roveyayinevi.com.tr\/index.php\/wp-json\/wp\/v2\/product_tag?post=689517"}],"curies":[{"name":"wp","href":"https:\/\/api.w.org\/{rel}","templated":true}]}}