{"id":689516,"date":"2025-08-27T13:11:53","date_gmt":"2025-08-27T10:11:53","guid":{"rendered":"https:\/\/roveyayinevi.com.tr\/index.php\/urun\/binbir-hayalet\/"},"modified":"2026-04-16T01:59:17","modified_gmt":"2026-04-15T22:59:17","slug":"binbir-hayalet","status":"publish","type":"product","link":"https:\/\/roveyayinevi.com.tr\/index.php\/urun\/binbir-hayalet\/","title":{"rendered":"Binbir Hayalet"},"content":{"rendered":"<p>Alexandre Dumas (pe&#8217;re) (1802-1870): On dokuzuncu y\u00fczy\u0131lda b\u00fct\u00fcn Avrupa&#8217;y\u0131 saran siyasal ve sosyal \u00e7alkant\u0131lar i\u00e7inde ya\u015famas\u0131na ra\u011fmen, daha \u00e7ok 16. ve 17. y\u00fczy\u0131l\u0131n tarihsel olaylar\u0131n\u0131 konu alan \u00fc\u00e7 y\u00fczden fazla roman yazd\u0131. D\u00f6neminin sevilen ve \u00e7ok okunan romantik yazarlar\u0131 aras\u0131nda yer ald\u0131. G\u00fcn\u00fcm\u00fczde de merak ve ilgiyle okunan \u00dc\u00e7 Silah\u015f\u00f6rler, Monte Kristo Kontu, Demir maske ve Siyah Lale en tan\u0131nm\u0131\u015f eserlerindendir.Binbir Hayalet\u2019in \u00f6yk\u00fclerini ger\u00e7ek ki\u015filerle \u00f6rerek anlatan ve b\u00f6ylece konusuna sahicilik duygusu kazand\u0131ran A. Dumas, ger\u00e7ek olaylar\u0131n korkun\u00e7lu\u011funu da hayalet \u00f6yk\u00fclerinin deh\u015fetiyle \u00f6rt\u00fclm\u00fc\u015f olarak aktar\u0131yor. Alev \u00d6zg\u00fcner (1960): Galatasaray Lisesi ve B\u00dc Orta Kademe Y\u00f6neticilik B\u00f6l\u00fcm\u00fc&#8217;n\u00fc bitirdi. \u00c7e\u015fitli yay\u0131nevlerinde \u00e7al\u0131\u015ft\u0131. Aralar\u0131nda Jules Verne, Emile Zola, Yasmina Khadra, Pierre Daix, Nelly Arcan, Andr&#8217;e Gorz&#8217;un da oldu\u011fu bir\u00e7ok yazar\u0131n eserlerini Frans\u0131zcadan T\u00fcrk\u00e7eye \u00e7evirdi. \ufffcTan\u0131t\u0131m Metni<\/p>\n","protected":false},"excerpt":{"rendered":"<p>Alexandre Dumas (pe&#8217;re) (1802-1870): On dokuzuncu y\u00fczy\u0131lda b\u00fct\u00fcn Avrupa&#8217;y\u0131 saran siyasal ve sosyal \u00e7alkant\u0131lar i\u00e7inde ya\u015famas\u0131na ra\u011fmen, daha \u00e7ok 16. ve 17. y\u00fczy\u0131l\u0131n tarihsel olaylar\u0131n\u0131 konu<span class=\"excerpt-hellip\"> [\u2026]<\/span><\/p>\n","protected":false},"featured_media":0,"template":"","meta":{"_monsterinsights_skip_tracking":false,"_monsterinsights_sitenote_active":false,"_monsterinsights_sitenote_note":"","_monsterinsights_sitenote_category":0},"product_brand":[],"product_cat":[12291,13376],"product_tag":[],"class_list":{"0":"post-689516","1":"product","2":"type-product","3":"status-publish","5":"product_cat-edebiyat","6":"product_cat-fransiz-edebiyati","7":"pa_cilt-ciltsiz","8":"pa_tur-kitap","9":"pa_yayinevi-is-bankasi-kultur-yayinlari","10":"pa_yazar-alexandre-dumas","12":"first","13":"instock","14":"sale","15":"shipping-taxable","16":"purchasable","17":"product-type-simple"},"_links":{"self":[{"href":"https:\/\/roveyayinevi.com.tr\/index.php\/wp-json\/wp\/v2\/product\/689516","targetHints":{"allow":["GET"]}}],"collection":[{"href":"https:\/\/roveyayinevi.com.tr\/index.php\/wp-json\/wp\/v2\/product"}],"about":[{"href":"https:\/\/roveyayinevi.com.tr\/index.php\/wp-json\/wp\/v2\/types\/product"}],"wp:attachment":[{"href":"https:\/\/roveyayinevi.com.tr\/index.php\/wp-json\/wp\/v2\/media?parent=689516"}],"wp:term":[{"taxonomy":"product_brand","embeddable":true,"href":"https:\/\/roveyayinevi.com.tr\/index.php\/wp-json\/wp\/v2\/product_brand?post=689516"},{"taxonomy":"product_cat","embeddable":true,"href":"https:\/\/roveyayinevi.com.tr\/index.php\/wp-json\/wp\/v2\/product_cat?post=689516"},{"taxonomy":"product_tag","embeddable":true,"href":"https:\/\/roveyayinevi.com.tr\/index.php\/wp-json\/wp\/v2\/product_tag?post=689516"}],"curies":[{"name":"wp","href":"https:\/\/api.w.org\/{rel}","templated":true}]}}