{"id":689514,"date":"2025-08-27T13:11:53","date_gmt":"2025-08-27T10:11:53","guid":{"rendered":"https:\/\/roveyayinevi.com.tr\/index.php\/urun\/ibni-haldun\/"},"modified":"2026-04-16T01:59:17","modified_gmt":"2026-04-15T22:59:17","slug":"ibni-haldun","status":"publish","type":"product","link":"https:\/\/roveyayinevi.com.tr\/index.php\/urun\/ibni-haldun\/","title":{"rendered":"\u0130bni Haldun"},"content":{"rendered":"<p>Arnold Toynbee\u2019nin \u201cherhangi bir zamanda, herhangi bir \u00fclkede, herhangi bir zihin taraf\u0131ndan yarat\u0131lm\u0131\u015f en kapsaml\u0131 bir tarih felsefesini tasarlayarak ortaya koyan \u201cki\u015fi olarak de\u011ferlendirdi\u011fi \u0130bni Haldun, bug\u00fcn \u00e7a\u011fda\u015f anlamda tarih biliminin, tarih felsefesinin, sosyolojinin kurucular\u0131ndan biri olarak kabul edilmektedir. \u0130bni Haldun, toplumlar\u0131n geli\u015fimlerini anlamak i\u00e7in tarihsel olaylar\u0131n \u201cumr\u00e2n bilimi\u201d ad\u0131n\u0131 verdi\u011fi kavrama dayand\u0131r\u0131larak yorumlanmas\u0131 gerekti\u011fini savunur. \u0130bni Haldun bu anlamda insan\u0131n toplumsal hayat\u0131n\u0131, \u00f6rg\u00fctlenmesini ve bunlarla geli\u015fen toplumsal s\u00fcreci, kurumlarla birlikte ba\u011f\u0131ms\u0131z bir bilimin konusu yapmay\u0131 d\u00fc\u015f\u00fcnen ilk d\u00fc\u015f\u00fcn\u00fcrd\u00fcr. Sadece bu yan\u0131yla bile L\u00fcbnanl\u0131 \u00fcnl\u00fc tarih\u00e7i P. Khuri Hitti\u2019nin ifadesiyle, \u201cb\u00fct\u00fcn zamanlar\u0131n g\u00f6rm\u00fc\u015f oldu\u011fu en b\u00fcy\u00fck filozof ve tarih\u00e7ilerinden biri olan\u201d \u0130bni Haldun, g\u00fcn\u00fcm\u00fcz d\u00fcnyas\u0131nda geli\u015fen tarih\u00e7ilik anlay\u0131\u015f\u0131n\u0131n da \u00f6nc\u00fclerinden say\u0131lmaktad\u0131r. Bat\u0131 d\u00fcnyas\u0131nda hakk\u0131nda bir\u00e7ok ara\u015ft\u0131rma yap\u0131lan \u0130bni Haldun \u00fczerine \u00fclkemizde pek az kaynak eser bulunmaktad\u0131r. Prof. Dr. Ahmet Arslan\u2019\u0131n, \u0130bni Haldun\u2019un toplumbilimi, tarih ve siyaset konular\u0131ndaki g\u00f6r\u00fc\u015fleriyle, din-felsefe ili\u015fkileri \u00fczerine \u00e7\u00f6z\u00fcmlemelerini i\u00e7eren bu \u00f6zenli \u00e7al\u0131\u015fmas\u0131n\u0131n \u00f6nemli bir bo\u015flu\u011fu dolduraca\u011f\u0131na inan\u0131yoruz. <\/p>\n","protected":false},"excerpt":{"rendered":"<p>Arnold Toynbee\u2019nin \u201cherhangi bir zamanda, herhangi bir \u00fclkede, herhangi bir zihin taraf\u0131ndan yarat\u0131lm\u0131\u015f en kapsaml\u0131 bir tarih felsefesini tasarlayarak ortaya koyan \u201cki\u015fi olarak de\u011ferlendirdi\u011fi \u0130bni Haldun,<span class=\"excerpt-hellip\"> [\u2026]<\/span><\/p>\n","protected":false},"featured_media":0,"template":"","meta":{"_monsterinsights_skip_tracking":false,"_monsterinsights_sitenote_active":false,"_monsterinsights_sitenote_note":"","_monsterinsights_sitenote_category":0},"product_brand":[],"product_cat":[12370,12304],"product_tag":[],"class_list":{"0":"post-689514","1":"product","2":"type-product","3":"status-publish","5":"product_cat-arastirma-inceleme","6":"product_cat-tarih","7":"pa_cilt-ciltsiz","8":"pa_tur-kitap","9":"pa_yayinevi-bilgi-universitesi-yayinlari","10":"pa_yazar-ahmet-arslan","12":"first","13":"instock","14":"sale","15":"shipping-taxable","16":"purchasable","17":"product-type-simple"},"_links":{"self":[{"href":"https:\/\/roveyayinevi.com.tr\/index.php\/wp-json\/wp\/v2\/product\/689514","targetHints":{"allow":["GET"]}}],"collection":[{"href":"https:\/\/roveyayinevi.com.tr\/index.php\/wp-json\/wp\/v2\/product"}],"about":[{"href":"https:\/\/roveyayinevi.com.tr\/index.php\/wp-json\/wp\/v2\/types\/product"}],"wp:attachment":[{"href":"https:\/\/roveyayinevi.com.tr\/index.php\/wp-json\/wp\/v2\/media?parent=689514"}],"wp:term":[{"taxonomy":"product_brand","embeddable":true,"href":"https:\/\/roveyayinevi.com.tr\/index.php\/wp-json\/wp\/v2\/product_brand?post=689514"},{"taxonomy":"product_cat","embeddable":true,"href":"https:\/\/roveyayinevi.com.tr\/index.php\/wp-json\/wp\/v2\/product_cat?post=689514"},{"taxonomy":"product_tag","embeddable":true,"href":"https:\/\/roveyayinevi.com.tr\/index.php\/wp-json\/wp\/v2\/product_tag?post=689514"}],"curies":[{"name":"wp","href":"https:\/\/api.w.org\/{rel}","templated":true}]}}