{"id":689511,"date":"2025-08-27T13:11:52","date_gmt":"2025-08-27T10:11:52","guid":{"rendered":"https:\/\/roveyayinevi.com.tr\/index.php\/urun\/avrupa-tarihi\/"},"modified":"2026-04-16T01:59:17","modified_gmt":"2026-04-15T22:59:17","slug":"avrupa-tarihi","status":"publish","type":"product","link":"https:\/\/roveyayinevi.com.tr\/index.php\/urun\/avrupa-tarihi\/","title":{"rendered":"Avrupa Tarihi"},"content":{"rendered":"<p>Tek cilde s\u0131\u011fd\u0131r\u0131lan en iyi Avrupa tarihi kitab\u0131. The Times J.M. Roberts Avrupa\u2019n\u0131n de\u011fi\u015fen tarihini ve insanlar\u0131n\u0131 buz devri ve klasik uygarl\u0131klardan ba\u015flay\u0131p H\u0131ristiyanl\u0131\u011f\u0131n y\u00fckseli\u015fine ve modern \u00e7a\u011fda Avrupa entegrasyonuna kadar izliyor. Avrupa Tarihi kitab\u0131 farkl\u0131 d\u00f6nemlere yay\u0131lan Avrupal\u0131 kimli\u011finin geli\u015fimini de farkl\u0131 bi\u00e7imlerde geni\u015f kapsaml\u0131 bir \u015fekilde anlat\u0131yor. Ge\u00e7mi\u015fin t\u00fcm alanlar\u0131n\u0131 kavrama ve iletme yetene\u011fiyle Roberts, neslinin \u00f6nde gelen tarih dehalar\u0131 aras\u0131nda say\u0131lmal\u0131d\u0131r. Guardian Muazzam bir sentez \u00e7al\u0131\u015fmas\u0131&#8230; Ola\u011fan\u00fcst\u00fc olgusal tutarl\u0131l\u0131k ve sa\u011flam de\u011ferlendirmeler. Daily Telegraph- B\u00fcy\u00fckba\u015f hayvanlar\u0131n Minos Medeniyeti\u2019ndeki \u00f6neminden \u2018liberal uygarl\u0131\u011f\u0131n temelleri\u2019nin sorgulanmas\u0131nda Freud\u2019un etkisine kadar uzanan geni\u015f bir inceleme&#8230; \u00d6zetleme ve ifade yetene\u011fi ise ola\u011fan\u00fcst\u00fc. -Economist, Raymond Carr  Roberts bir dizi geni\u015f kayna\u011f\u0131 ve metodu bir sanat\u00e7\u0131n\u0131n ilhaml\u0131 kalemiyle birle\u015ftirmi\u015f. Independent Sunday<\/p>\n","protected":false},"excerpt":{"rendered":"<p>Tek cilde s\u0131\u011fd\u0131r\u0131lan en iyi Avrupa tarihi kitab\u0131. The Times J.M. Roberts Avrupa\u2019n\u0131n de\u011fi\u015fen tarihini ve insanlar\u0131n\u0131 buz devri ve klasik uygarl\u0131klardan ba\u015flay\u0131p H\u0131ristiyanl\u0131\u011f\u0131n y\u00fckseli\u015fine ve<span class=\"excerpt-hellip\"> [\u2026]<\/span><\/p>\n","protected":false},"featured_media":0,"template":"","meta":{"_monsterinsights_skip_tracking":false,"_monsterinsights_sitenote_active":false,"_monsterinsights_sitenote_note":"","_monsterinsights_sitenote_category":0},"product_brand":[],"product_cat":[14841,13043],"product_tag":[],"class_list":{"0":"post-689511","1":"product","2":"type-product","3":"status-publish","5":"product_cat-arastirma-inceleme-kuram","6":"product_cat-ekonomi","7":"pa_cilt-ciltsiz","8":"pa_tur-kitap","9":"pa_yayinevi-inkilap-kitabevi","10":"pa_yazar-j-m-roberts","12":"first","13":"instock","14":"sale","15":"shipping-taxable","16":"purchasable","17":"product-type-simple"},"_links":{"self":[{"href":"https:\/\/roveyayinevi.com.tr\/index.php\/wp-json\/wp\/v2\/product\/689511","targetHints":{"allow":["GET"]}}],"collection":[{"href":"https:\/\/roveyayinevi.com.tr\/index.php\/wp-json\/wp\/v2\/product"}],"about":[{"href":"https:\/\/roveyayinevi.com.tr\/index.php\/wp-json\/wp\/v2\/types\/product"}],"wp:attachment":[{"href":"https:\/\/roveyayinevi.com.tr\/index.php\/wp-json\/wp\/v2\/media?parent=689511"}],"wp:term":[{"taxonomy":"product_brand","embeddable":true,"href":"https:\/\/roveyayinevi.com.tr\/index.php\/wp-json\/wp\/v2\/product_brand?post=689511"},{"taxonomy":"product_cat","embeddable":true,"href":"https:\/\/roveyayinevi.com.tr\/index.php\/wp-json\/wp\/v2\/product_cat?post=689511"},{"taxonomy":"product_tag","embeddable":true,"href":"https:\/\/roveyayinevi.com.tr\/index.php\/wp-json\/wp\/v2\/product_tag?post=689511"}],"curies":[{"name":"wp","href":"https:\/\/api.w.org\/{rel}","templated":true}]}}