{"id":689507,"date":"2025-08-27T13:11:52","date_gmt":"2025-08-27T10:11:52","guid":{"rendered":"https:\/\/roveyayinevi.com.tr\/index.php\/urun\/butun-hikayeleri-edgar-allan-poe\/"},"modified":"2026-04-16T01:59:17","modified_gmt":"2026-04-15T22:59:17","slug":"butun-hikayeleri-edgar-allan-poe","status":"publish","type":"product","link":"https:\/\/roveyayinevi.com.tr\/index.php\/urun\/butun-hikayeleri-edgar-allan-poe\/","title":{"rendered":"B\u00fct\u00fcn Hikayeleri: Edgar Allan Poe"},"content":{"rendered":"<p>Charles Dickens, \u015fu anda \u00f6n\u00fcmde duran bir notta, &#8220;Barnaby Rudge&#8221;\u0131n mekanikli\u011fi \u00fcst\u00fcne vaktiyle yapt\u0131\u011f\u0131m bir incelemeye g\u00f6nderme yaparak, &#8220;Bu arada, Godwin&#8217;in &#8216;Caleb Williams&#8217;\u0131 geriye d\u00f6nerek yazd\u0131\u011f\u0131n\u0131 biliyor muydunuz? \u00d6nce kahraman\u0131n\u0131 bir dizi g\u00fc\u00e7l\u00fc\u011f\u00fc bula\u015ft\u0131rm\u0131\u015f, ikinci cildi yazm\u0131\u015f ve ard\u0131ndan, ilk defa olarak, neyin neden yap\u0131ld\u0131\u011f\u0131n\u0131 a\u00e7\u0131klayan bir \u00e7er\u00e7eve i\u00e7inde onu aram\u0131\u015ft\u0131r,&#8221; diyor. Bunun, Godwin&#8217;in tam yazma bi\u00e7imi oldu\u011funu d\u00fc\u015f\u00fcnemem asl\u0131nda kendisinin a\u00e7\u0131k\u00e7a belirtti\u011fi \u015fey de Mr. Dickens&#8217;\u0131n d\u00fc\u015f\u00fcncesiyle tamamiyle uyumlu de\u011fildir &#8211; &#8220;Caleb Williams&#8221;\u0131n yazar\u0131 az \u00e7ok benzer bir s\u00fcre\u00e7ten elde edilebilecek yarar\u0131 g\u00f6rmemesi olanaks\u0131z olacak derecede iyi bir sanat\u00e7\u0131yd\u0131. Kaleme herhangi bir \u015feye giri\u015fmeden \u00f6nce, ad\u0131na yara\u015f\u0131r her olay \u00f6rg\u00fcs\u00fcn\u00fcn \u00f6zenle denouement&#8217;\u0131 s\u00fcrekli g\u00f6z \u00f6n\u00fcnde tutulursa, olaylar\u0131, \u00f6zellikle de her noktada eday\u0131 (tone) niyetin geli\u015fimine uygun k\u0131larak, olay \u00f6rg\u00fcs\u00fcne ka\u00e7\u0131n\u0131lmaz sonu\u00e7 veya nedenlilik havas\u0131n\u0131 verebiliriz. \ufffcTan\u0131t\u0131m Metni<\/p>\n","protected":false},"excerpt":{"rendered":"<p>Charles Dickens, \u015fu anda \u00f6n\u00fcmde duran bir notta, &#8220;Barnaby Rudge&#8221;\u0131n mekanikli\u011fi \u00fcst\u00fcne vaktiyle yapt\u0131\u011f\u0131m bir incelemeye g\u00f6nderme yaparak, &#8220;Bu arada, Godwin&#8217;in &#8216;Caleb Williams&#8217;\u0131 geriye d\u00f6nerek yazd\u0131\u011f\u0131n\u0131<span class=\"excerpt-hellip\"> [\u2026]<\/span><\/p>\n","protected":false},"featured_media":0,"template":"","meta":{"_monsterinsights_skip_tracking":false,"_monsterinsights_sitenote_active":false,"_monsterinsights_sitenote_note":"","_monsterinsights_sitenote_category":0},"product_brand":[],"product_cat":[12891,12291],"product_tag":[],"class_list":{"0":"post-689507","1":"product","2":"type-product","3":"status-publish","5":"product_cat-amerikan-edebiyati","6":"product_cat-edebiyat","7":"pa_cilt-ciltli","8":"pa_tur-kitap","9":"pa_yayinevi-ithaki-yayinlari","10":"pa_yazar-edgar-allan-poe","12":"first","13":"instock","14":"sale","15":"shipping-taxable","16":"purchasable","17":"product-type-simple"},"_links":{"self":[{"href":"https:\/\/roveyayinevi.com.tr\/index.php\/wp-json\/wp\/v2\/product\/689507","targetHints":{"allow":["GET"]}}],"collection":[{"href":"https:\/\/roveyayinevi.com.tr\/index.php\/wp-json\/wp\/v2\/product"}],"about":[{"href":"https:\/\/roveyayinevi.com.tr\/index.php\/wp-json\/wp\/v2\/types\/product"}],"wp:attachment":[{"href":"https:\/\/roveyayinevi.com.tr\/index.php\/wp-json\/wp\/v2\/media?parent=689507"}],"wp:term":[{"taxonomy":"product_brand","embeddable":true,"href":"https:\/\/roveyayinevi.com.tr\/index.php\/wp-json\/wp\/v2\/product_brand?post=689507"},{"taxonomy":"product_cat","embeddable":true,"href":"https:\/\/roveyayinevi.com.tr\/index.php\/wp-json\/wp\/v2\/product_cat?post=689507"},{"taxonomy":"product_tag","embeddable":true,"href":"https:\/\/roveyayinevi.com.tr\/index.php\/wp-json\/wp\/v2\/product_tag?post=689507"}],"curies":[{"name":"wp","href":"https:\/\/api.w.org\/{rel}","templated":true}]}}