{"id":689504,"date":"2025-08-27T13:11:51","date_gmt":"2025-08-27T10:11:51","guid":{"rendered":"https:\/\/roveyayinevi.com.tr\/index.php\/urun\/ask-cis-gibidir-gelince-tutamazsin\/"},"modified":"2026-04-16T01:59:17","modified_gmt":"2026-04-15T22:59:17","slug":"ask-cis-gibidir-gelince-tutamazsin","status":"publish","type":"product","link":"https:\/\/roveyayinevi.com.tr\/index.php\/urun\/ask-cis-gibidir-gelince-tutamazsin\/","title":{"rendered":"A\u015fk \u00c7i\u015f Gibidir Gelince Tutamazs\u0131n"},"content":{"rendered":"<p>F\u00fcsun \u00d6nal kitab\u0131yla ilgili bak\u0131n neler s\u00f6yl\u00fcyor: D\u00fc\u015f\u00fcnd\u00fcm Her \u015fey tutuluyordu. Ay tutuluyor&#8230; G\u00fcne\u015f tutuluyor&#8230; Bal\u0131k tutuluyor, k\u00f6pe\u011fin tasmas\u0131 tutuluyor&#8230; Kar\u015f\u0131 tak\u0131m\u0131n att\u0131\u011f\u0131 top kaleci taraf\u0131ndan tutuluyor&#8230; Oru\u00e7 tutuluyor&#8230; S\u0131r tutuluyor&#8230; Hap\u015f\u0131r\u0131k tutuluyor&#8230; G\u00f6zya\u015f\u0131 tutuluyor&#8230; Bakt\u0131m daha pek \u00e7ok \u015fey tutuluyordu. E-peki  tutulamayan neler var  diye sordum kendime&#8230; Sonunda iki \u015feye karar verdim:  A\u015fk ve \u00c7i\u015f  tutulamazd\u0131. \u0130nsan ne yaparsa yaps\u0131n, hangi stat\u00fcde olursa olsun, \u00e7i\u015fi geldi\u011finde asla tutamaz, biraz dayansa bile.  A\u015fk  da \u00f6yle i\u015fte..  Yooo! Bir kere dilim yand\u0131. Art\u0131k asla \u00e2\u015f\u0131k olmam.  diye yemin etse de ki\u015fi, a\u015fk bu yeminleri dinlemez. \u015eayet gelece\u011fi varsa, ne yapar eder gelir. Kalbe, beyne girecek ufac\u0131k da olsa bir yol bulur kendine. F\u00fcsun \u00d6nal, 17.kitab\u0131nda hayat\u0131n i\u00e7inden se\u00e7ti\u011fi a\u015fk, evlilik, ilk gece, seks, h\u00fcz\u00fcn, yalan, aldatma gibi \u00e7e\u015fitli konularda kendine has ironik ve e\u011flenceli \u00fcslubuyla yazd\u0131\u011f\u0131 yaz\u0131lar\u0131n\u0131 bu kitapta toplad\u0131. <\/p>\n","protected":false},"excerpt":{"rendered":"<p>F\u00fcsun \u00d6nal kitab\u0131yla ilgili bak\u0131n neler s\u00f6yl\u00fcyor: D\u00fc\u015f\u00fcnd\u00fcm Her \u015fey tutuluyordu. Ay tutuluyor&#8230; G\u00fcne\u015f tutuluyor&#8230; Bal\u0131k tutuluyor, k\u00f6pe\u011fin tasmas\u0131 tutuluyor&#8230; Kar\u015f\u0131 tak\u0131m\u0131n att\u0131\u011f\u0131 top kaleci taraf\u0131ndan<span class=\"excerpt-hellip\"> [\u2026]<\/span><\/p>\n","protected":false},"featured_media":0,"template":"","meta":{"_monsterinsights_skip_tracking":false,"_monsterinsights_sitenote_active":false,"_monsterinsights_sitenote_note":"","_monsterinsights_sitenote_category":0},"product_brand":[],"product_cat":[14643,12291],"product_tag":[],"class_list":{"0":"post-689504","1":"product","2":"type-product","3":"status-publish","5":"product_cat-ask","6":"product_cat-edebiyat","7":"pa_cilt-ciltsiz","8":"pa_tur-kitap","9":"pa_yayinevi-inkilap-kitabevi","10":"pa_yazar-fusun-onal","12":"first","13":"instock","14":"sale","15":"shipping-taxable","16":"purchasable","17":"product-type-simple"},"_links":{"self":[{"href":"https:\/\/roveyayinevi.com.tr\/index.php\/wp-json\/wp\/v2\/product\/689504","targetHints":{"allow":["GET"]}}],"collection":[{"href":"https:\/\/roveyayinevi.com.tr\/index.php\/wp-json\/wp\/v2\/product"}],"about":[{"href":"https:\/\/roveyayinevi.com.tr\/index.php\/wp-json\/wp\/v2\/types\/product"}],"wp:attachment":[{"href":"https:\/\/roveyayinevi.com.tr\/index.php\/wp-json\/wp\/v2\/media?parent=689504"}],"wp:term":[{"taxonomy":"product_brand","embeddable":true,"href":"https:\/\/roveyayinevi.com.tr\/index.php\/wp-json\/wp\/v2\/product_brand?post=689504"},{"taxonomy":"product_cat","embeddable":true,"href":"https:\/\/roveyayinevi.com.tr\/index.php\/wp-json\/wp\/v2\/product_cat?post=689504"},{"taxonomy":"product_tag","embeddable":true,"href":"https:\/\/roveyayinevi.com.tr\/index.php\/wp-json\/wp\/v2\/product_tag?post=689504"}],"curies":[{"name":"wp","href":"https:\/\/api.w.org\/{rel}","templated":true}]}}