{"id":689502,"date":"2025-08-27T13:11:51","date_gmt":"2025-08-27T10:11:51","guid":{"rendered":"https:\/\/roveyayinevi.com.tr\/index.php\/urun\/alevi-bektasi-nefesleri\/"},"modified":"2026-04-16T01:59:17","modified_gmt":"2026-04-15T22:59:17","slug":"alevi-bektasi-nefesleri","status":"publish","type":"product","link":"https:\/\/roveyayinevi.com.tr\/index.php\/urun\/alevi-bektasi-nefesleri\/","title":{"rendered":"Alevi Bekta\u015fi Nefesleri"},"content":{"rendered":"<p>Kayna\u011f\u0131n\u0131 Yunus Emre\u2019de bulan Alevi-Bekt\u00e2\u015fi edebiyat\u0131, XIV. y\u00fczy\u0131lda Kaygusuz Abdal\u2019la kurulmu\u015ftur. D\u00fcnya nimetlerine hasret \u00e7eken bu kudretli \u015fair, hasretlerini anlat\u0131rken \u00e2deta s\u00fcrrealist bir \u015fair kesilir. Naz\u0131mda oldu\u011fu gibi nesirde de ger\u00e7ekten orijinal bir kudret olan Kaygusuz Abdal\u2019dan sonra XV. y\u00fczy\u0131lda, Hat\u00e2y\u00ee mahlas\u0131yla ve daha \u00e7ok heceyle \u015fiirler yazan \u015eah \u0130smail-i Safav\u00ee, Alev\u00ee-Bekt\u00e2\u015f\u00ee edebiyat\u0131n\u0131n en didaktik \u015fairidir. Fakat kuvvetli duygusu, co\u015fkun heyecan\u0131, \u00f6zl\u00fc inanc\u0131, didaktik \u015fiirlere bile canl\u0131 bir \u0219i\u2019riyet vermi\u015ftir. XVI. y\u00fczy\u0131lda tertipledi\u011fi isyan sonucunda Sivas\u2019ta as\u0131lan P\u00eer Sultan Abdal\u2019sa bu edebiyat\u0131n en lirik \u015fairidir. Bulu\u015flar\u0131ndaki canl\u0131l\u0131k, hayat sevgisi ve insani g\u00f6r\u00fc\u015f, en kudretli \u015fairlere bile nasip olmayacak kadar \u00fcst\u00fcnd\u00fcr. P\u00eer Sultan\u2019\u0131n mensuplar\u0131ndan Kul Himmet ve onun \u00e7a\u011fda\u015f\u0131 Huseyn\u00ee de, P\u00eer Sultan\u2019a yakla\u015fan \u015fairlerdendir.i <\/p>\n","protected":false},"excerpt":{"rendered":"<p>Kayna\u011f\u0131n\u0131 Yunus Emre\u2019de bulan Alevi-Bekt\u00e2\u015fi edebiyat\u0131, XIV. y\u00fczy\u0131lda Kaygusuz Abdal\u2019la kurulmu\u015ftur. D\u00fcnya nimetlerine hasret \u00e7eken bu kudretli \u015fair, hasretlerini anlat\u0131rken \u00e2deta s\u00fcrrealist bir \u015fair kesilir. Naz\u0131mda<span class=\"excerpt-hellip\"> [\u2026]<\/span><\/p>\n","protected":false},"featured_media":0,"template":"","meta":{"_monsterinsights_skip_tracking":false,"_monsterinsights_sitenote_active":false,"_monsterinsights_sitenote_note":"","_monsterinsights_sitenote_category":0},"product_brand":[],"product_cat":[12718,12719,12720],"product_tag":[],"class_list":{"0":"post-689502","1":"product","2":"type-product","3":"status-publish","5":"product_cat-din","6":"product_cat-islam","7":"product_cat-tasavvuf-mezhepler-tarikatlar","8":"pa_cilt-ciltsiz","9":"pa_tur-kitap","10":"pa_yayinevi-inkilap-kitabevi","11":"pa_yazar-abdulbaki-golpinarli","13":"first","14":"instock","15":"sale","16":"shipping-taxable","17":"purchasable","18":"product-type-simple"},"_links":{"self":[{"href":"https:\/\/roveyayinevi.com.tr\/index.php\/wp-json\/wp\/v2\/product\/689502","targetHints":{"allow":["GET"]}}],"collection":[{"href":"https:\/\/roveyayinevi.com.tr\/index.php\/wp-json\/wp\/v2\/product"}],"about":[{"href":"https:\/\/roveyayinevi.com.tr\/index.php\/wp-json\/wp\/v2\/types\/product"}],"wp:attachment":[{"href":"https:\/\/roveyayinevi.com.tr\/index.php\/wp-json\/wp\/v2\/media?parent=689502"}],"wp:term":[{"taxonomy":"product_brand","embeddable":true,"href":"https:\/\/roveyayinevi.com.tr\/index.php\/wp-json\/wp\/v2\/product_brand?post=689502"},{"taxonomy":"product_cat","embeddable":true,"href":"https:\/\/roveyayinevi.com.tr\/index.php\/wp-json\/wp\/v2\/product_cat?post=689502"},{"taxonomy":"product_tag","embeddable":true,"href":"https:\/\/roveyayinevi.com.tr\/index.php\/wp-json\/wp\/v2\/product_tag?post=689502"}],"curies":[{"name":"wp","href":"https:\/\/api.w.org\/{rel}","templated":true}]}}