{"id":689501,"date":"2025-08-27T13:11:51","date_gmt":"2025-08-27T10:11:51","guid":{"rendered":"https:\/\/roveyayinevi.com.tr\/index.php\/urun\/baslangic-duzeyi-satranc-ders-kitabi\/"},"modified":"2026-04-16T01:59:17","modified_gmt":"2026-04-15T22:59:17","slug":"baslangic-duzeyi-satranc-ders-kitabi","status":"publish","type":"product","link":"https:\/\/roveyayinevi.com.tr\/index.php\/urun\/baslangic-duzeyi-satranc-ders-kitabi\/","title":{"rendered":"Ba\u015flang\u0131\u00e7 D\u00fczeyi Satran\u00e7 Ders Kitab\u0131"},"content":{"rendered":"<p>Ba\u015flang\u0131\u00e7 D\u00fczeyi Satran\u00e7 Kaynak Kitab\u0131 ilk\u00f6\u011fretim okullar\u0131na kaynak kitap olarak haz\u0131rlanm\u0131\u015ft\u0131r. Satranca yeni ba\u015flayan \u00f6\u011frenciler i\u00e7in ilk ad\u0131m bir ba\u015fvuru kitab\u0131d\u0131r. Satran\u00e7 haf\u0131zay\u0131 g\u00fc\u00e7lendirir. Satran\u00e7 ba\u015fkalar\u0131na kar\u015f\u0131 sayg\u0131l\u0131 olmay\u0131 \u00f6\u011fretir. Satran\u00e7 planl\u0131 olmay\u0131 \u00f6\u011fretir. <\/p>\n","protected":false},"excerpt":{"rendered":"<p>Ba\u015flang\u0131\u00e7 D\u00fczeyi Satran\u00e7 Kaynak Kitab\u0131 ilk\u00f6\u011fretim okullar\u0131na kaynak kitap olarak haz\u0131rlanm\u0131\u015ft\u0131r. Satranca yeni ba\u015flayan \u00f6\u011frenciler i\u00e7in ilk ad\u0131m bir ba\u015fvuru kitab\u0131d\u0131r. Satran\u00e7 haf\u0131zay\u0131 g\u00fc\u00e7lendirir. Satran\u00e7 ba\u015fkalar\u0131na<span class=\"excerpt-hellip\"> [\u2026]<\/span><\/p>\n","protected":false},"featured_media":0,"template":"","meta":{"_monsterinsights_skip_tracking":false,"_monsterinsights_sitenote_active":false,"_monsterinsights_sitenote_note":"","_monsterinsights_sitenote_category":0},"product_brand":[],"product_cat":[12312,12304],"product_tag":[],"class_list":{"0":"post-689501","1":"product","2":"type-product","3":"status-publish","5":"product_cat-diger","6":"product_cat-tarih","7":"pa_cilt-ciltsiz","8":"pa_tur-kitap","9":"pa_yayinevi-is-bankasi-kultur-yayinlari","10":"pa_yazar-olgun-kulac","12":"first","13":"instock","14":"sale","15":"shipping-taxable","16":"purchasable","17":"product-type-simple"},"_links":{"self":[{"href":"https:\/\/roveyayinevi.com.tr\/index.php\/wp-json\/wp\/v2\/product\/689501","targetHints":{"allow":["GET"]}}],"collection":[{"href":"https:\/\/roveyayinevi.com.tr\/index.php\/wp-json\/wp\/v2\/product"}],"about":[{"href":"https:\/\/roveyayinevi.com.tr\/index.php\/wp-json\/wp\/v2\/types\/product"}],"wp:attachment":[{"href":"https:\/\/roveyayinevi.com.tr\/index.php\/wp-json\/wp\/v2\/media?parent=689501"}],"wp:term":[{"taxonomy":"product_brand","embeddable":true,"href":"https:\/\/roveyayinevi.com.tr\/index.php\/wp-json\/wp\/v2\/product_brand?post=689501"},{"taxonomy":"product_cat","embeddable":true,"href":"https:\/\/roveyayinevi.com.tr\/index.php\/wp-json\/wp\/v2\/product_cat?post=689501"},{"taxonomy":"product_tag","embeddable":true,"href":"https:\/\/roveyayinevi.com.tr\/index.php\/wp-json\/wp\/v2\/product_tag?post=689501"}],"curies":[{"name":"wp","href":"https:\/\/api.w.org\/{rel}","templated":true}]}}