{"id":689500,"date":"2025-08-27T13:11:50","date_gmt":"2025-08-27T10:11:50","guid":{"rendered":"https:\/\/roveyayinevi.com.tr\/index.php\/urun\/bankalarda-risk-yonetimi-ve-basel-2\/"},"modified":"2026-04-16T01:59:17","modified_gmt":"2026-04-15T22:59:17","slug":"bankalarda-risk-yonetimi-ve-basel-2","status":"publish","type":"product","link":"https:\/\/roveyayinevi.com.tr\/index.php\/urun\/bankalarda-risk-yonetimi-ve-basel-2\/","title":{"rendered":"Bankalarda Risk Y\u00f6netimi ve Basel 2"},"content":{"rendered":"<p>En yal\u0131n tan\u0131m\u0131nda risk, belirsizli\u011fi i\u015faret eder. G\u00fcnl\u00fck hayat\u0131m\u0131zdaki belirsizliklerin bizleri ne kadar \u00e7ok say\u0131da ve t\u00fcrde riskle kar\u015f\u0131 kar\u015f\u0131ya b\u0131rakt\u0131\u011f\u0131, bunlarla ba\u015f etmek i\u00e7in harcad\u0131\u011f\u0131m\u0131z \u00e7aban\u0131n b\u00fcy\u00fckl\u00fc\u011f\u00fcn\u00fcn g\u00f6z \u00f6n\u00fcne al\u0131nmas\u0131yla anla\u015f\u0131labilir. Bireysel ya\u015fam deneyimine paralel \u015fekilde bankac\u0131l\u0131kta da belirsizlikleri y\u00f6netme, zarardan korunman\u0131n \u00f6tesinde riskleri f\u0131rsata d\u00f6n\u00fc\u015ft\u00fcrme anlay\u0131\u015f\u0131 hakimdir. <\/p>\n","protected":false},"excerpt":{"rendered":"<p>En yal\u0131n tan\u0131m\u0131nda risk, belirsizli\u011fi i\u015faret eder. G\u00fcnl\u00fck hayat\u0131m\u0131zdaki belirsizliklerin bizleri ne kadar \u00e7ok say\u0131da ve t\u00fcrde riskle kar\u015f\u0131 kar\u015f\u0131ya b\u0131rakt\u0131\u011f\u0131, bunlarla ba\u015f etmek i\u00e7in harcad\u0131\u011f\u0131m\u0131z<span class=\"excerpt-hellip\"> [\u2026]<\/span><\/p>\n","protected":false},"featured_media":0,"template":"","meta":{"_monsterinsights_skip_tracking":false,"_monsterinsights_sitenote_active":false,"_monsterinsights_sitenote_note":"","_monsterinsights_sitenote_category":0},"product_brand":[],"product_cat":[12364],"product_tag":[],"class_list":{"0":"post-689500","1":"product","2":"type-product","3":"status-publish","5":"product_cat-genel-konular","6":"pa_cilt-ciltsiz","7":"pa_tur-kitap","8":"pa_yayinevi-is-bankasi-kultur-yayinlari","9":"pa_yazar-alper-ozun","11":"first","12":"instock","13":"sale","14":"shipping-taxable","15":"purchasable","16":"product-type-simple"},"_links":{"self":[{"href":"https:\/\/roveyayinevi.com.tr\/index.php\/wp-json\/wp\/v2\/product\/689500","targetHints":{"allow":["GET"]}}],"collection":[{"href":"https:\/\/roveyayinevi.com.tr\/index.php\/wp-json\/wp\/v2\/product"}],"about":[{"href":"https:\/\/roveyayinevi.com.tr\/index.php\/wp-json\/wp\/v2\/types\/product"}],"wp:attachment":[{"href":"https:\/\/roveyayinevi.com.tr\/index.php\/wp-json\/wp\/v2\/media?parent=689500"}],"wp:term":[{"taxonomy":"product_brand","embeddable":true,"href":"https:\/\/roveyayinevi.com.tr\/index.php\/wp-json\/wp\/v2\/product_brand?post=689500"},{"taxonomy":"product_cat","embeddable":true,"href":"https:\/\/roveyayinevi.com.tr\/index.php\/wp-json\/wp\/v2\/product_cat?post=689500"},{"taxonomy":"product_tag","embeddable":true,"href":"https:\/\/roveyayinevi.com.tr\/index.php\/wp-json\/wp\/v2\/product_tag?post=689500"}],"curies":[{"name":"wp","href":"https:\/\/api.w.org\/{rel}","templated":true}]}}