{"id":689498,"date":"2025-08-27T13:11:50","date_gmt":"2025-08-27T10:11:50","guid":{"rendered":"https:\/\/roveyayinevi.com.tr\/index.php\/urun\/bir-avuc-sacma\/"},"modified":"2026-04-16T01:59:17","modified_gmt":"2026-04-15T22:59:17","slug":"bir-avuc-sacma","status":"publish","type":"product","link":"https:\/\/roveyayinevi.com.tr\/index.php\/urun\/bir-avuc-sacma\/","title":{"rendered":"Bir Avu\u00e7 Sa\u00e7ma"},"content":{"rendered":"<p>Halbuki \u015eeker bayramlar\u0131na bay\u0131l\u0131rd\u0131m! G\u00f6zlerimi a\u00e7ar a\u00e7maz, husus\u00ee olarak benim i\u00e7inyapt\u0131r\u0131lan \u015fekerleme kutusunu elime uzat\u0131rlard\u0131. Bu, ya kadife kapl\u0131, s\u0131rma \u015feritli, yahut ta atlas \u00fcst\u00fcne ya\u011fl\u0131 boya resimli, cici, nefis, \u015f\u0131k bir \u015feydi. Sar\u0131, parlak madenden mini mini bir anahtar\u0131, saat kurulaca\u011f\u0131 kadar da k\u00fc\u00e7\u00fck bir kilidi vard\u0131.  -Refik Halid Karay-  Yakup Kadri\u2019nin \u2018Kalemi de teb\u00fcss\u00fcm\u00fc kadar i\u011fneli bir edip\u2019 dedi\u011fi Refik Halid\u2019in yap\u0131tlar\u0131 keskin zek\u00e2s\u0131, n\u00fckteci ki\u015fili\u011fi ve k\u0131vrak \u00fcslubuyla T\u00fcrk edebiyat\u0131nda bir d\u00f6neme\u00e7 olu\u015fturmaktad\u0131r.  -Tanzimat\u2019tan Bug\u00fcne Edebiyat\u00e7\u0131lar Ansiklopedisi- <\/p>\n","protected":false},"excerpt":{"rendered":"<p>Halbuki \u015eeker bayramlar\u0131na bay\u0131l\u0131rd\u0131m! G\u00f6zlerimi a\u00e7ar a\u00e7maz, husus\u00ee olarak benim i\u00e7inyapt\u0131r\u0131lan \u015fekerleme kutusunu elime uzat\u0131rlard\u0131. Bu, ya kadife kapl\u0131, s\u0131rma \u015feritli, yahut ta atlas \u00fcst\u00fcne ya\u011fl\u0131<span class=\"excerpt-hellip\"> [\u2026]<\/span><\/p>\n","protected":false},"featured_media":0,"template":"","meta":{"_monsterinsights_skip_tracking":false,"_monsterinsights_sitenote_active":false,"_monsterinsights_sitenote_note":"","_monsterinsights_sitenote_category":0},"product_brand":[],"product_cat":[12291,12292],"product_tag":[],"class_list":{"0":"post-689498","1":"product","2":"type-product","3":"status-publish","5":"product_cat-edebiyat","6":"product_cat-turk-edebiyati","7":"pa_cilt-ciltsiz","8":"pa_tur-kitap","9":"pa_yayinevi-inkilap-kitabevi","10":"pa_yazar-refik-halid-karay","12":"first","13":"instock","14":"sale","15":"shipping-taxable","16":"purchasable","17":"product-type-simple"},"_links":{"self":[{"href":"https:\/\/roveyayinevi.com.tr\/index.php\/wp-json\/wp\/v2\/product\/689498","targetHints":{"allow":["GET"]}}],"collection":[{"href":"https:\/\/roveyayinevi.com.tr\/index.php\/wp-json\/wp\/v2\/product"}],"about":[{"href":"https:\/\/roveyayinevi.com.tr\/index.php\/wp-json\/wp\/v2\/types\/product"}],"wp:attachment":[{"href":"https:\/\/roveyayinevi.com.tr\/index.php\/wp-json\/wp\/v2\/media?parent=689498"}],"wp:term":[{"taxonomy":"product_brand","embeddable":true,"href":"https:\/\/roveyayinevi.com.tr\/index.php\/wp-json\/wp\/v2\/product_brand?post=689498"},{"taxonomy":"product_cat","embeddable":true,"href":"https:\/\/roveyayinevi.com.tr\/index.php\/wp-json\/wp\/v2\/product_cat?post=689498"},{"taxonomy":"product_tag","embeddable":true,"href":"https:\/\/roveyayinevi.com.tr\/index.php\/wp-json\/wp\/v2\/product_tag?post=689498"}],"curies":[{"name":"wp","href":"https:\/\/api.w.org\/{rel}","templated":true}]}}