{"id":689496,"date":"2025-08-27T13:11:50","date_gmt":"2025-08-27T10:11:50","guid":{"rendered":"https:\/\/roveyayinevi.com.tr\/index.php\/urun\/citirlar-farkinda-degil\/"},"modified":"2026-04-16T01:59:17","modified_gmt":"2026-04-15T22:59:17","slug":"citirlar-farkinda-degil","status":"publish","type":"product","link":"https:\/\/roveyayinevi.com.tr\/index.php\/urun\/citirlar-farkinda-degil\/","title":{"rendered":"\u00c7\u0131t\u0131rlar Fark\u0131nda De\u011fil"},"content":{"rendered":"<p>Otuz dokuz y\u0131ll\u0131k renkli ve verimli ya\u015fam\u0131 boyunca romanlar, \u015fiirler, \u015fark\u0131lar yazan, trompetten ve cazdan vazge\u00e7medi\u011fi gibi oyunculuk, \u015fark\u0131c\u0131l\u0131k, mucitlikten de geri kalmayan ve do\u011fal bir oyunbozan olan Vian\u2019\u0131n meslek hayat\u0131nda Frans\u0131z Standartlar\u0131 Enstit\u00fcs\u00fc\u2019n\u00fc se\u00e7mi\u015f olmas\u0131 belki de sanat d\u00fcnyas\u0131n\u0131n en parlak ironilerinden biridir. D\u00f6nemin di\u011fer baz\u0131 isimleri gibi do\u011fa\u00e7lama ya\u015fay\u0131p eser veren Vian bug\u00fcn as\u0131l olarak yazar kimli\u011fiyle ve antimilitarist bak\u0131\u015f a\u00e7\u0131s\u0131yla tan\u0131n\u0131yor.   Francis Deacon \u00e7ocukluk arkada\u015f\u0131 Gaya\u2019n\u0131n d\u00fczenledi\u011fi maskeli baloya kat\u0131l\u0131r. Partide, arkada\u015f\u0131n\u0131n e\u015fcinsel bir uyu\u015fturucu sat\u0131c\u0131s\u0131 ve \u00e7ete \u00fcyesi olan Richard Walcott\u2019la evlenece\u011fini \u00f6\u011frenir. Partiye kad\u0131n k\u0131l\u0131\u011f\u0131nda kat\u0131lan Francis, tan\u0131nmayacak olman\u0131n verdi\u011fi g\u00fcvenle bu tehlikeli uyu\u015fturucu \u00e7etesini ortadan kald\u0131rmaya \u00e7al\u0131\u015f\u0131r.   Boris Vian\u2019\u0131n Vernon Sullivan ad\u0131yla yay\u0131mlad\u0131\u011f\u0131 \u00c7\u0131t\u0131rlar Fark\u0131nda De\u011fil yazar\u0131n \u00e7o\u011fu eserinde oldu\u011fu gibi, kalbi zay\u0131f olanlar\u0131n uzak durmas\u0131 gereken, sert ama e\u011flenceli bir macera.   \u201cYirminci y\u00fczy\u0131l\u0131n en \u00f6nemli yazarlar\u0131ndan.\u201d \u2013Publishers Weekly   \u201cUnutulmayacak bir yazar.\u201d \u2013Le Monde <\/p>\n","protected":false},"excerpt":{"rendered":"<p>Otuz dokuz y\u0131ll\u0131k renkli ve verimli ya\u015fam\u0131 boyunca romanlar, \u015fiirler, \u015fark\u0131lar yazan, trompetten ve cazdan vazge\u00e7medi\u011fi gibi oyunculuk, \u015fark\u0131c\u0131l\u0131k, mucitlikten de geri kalmayan ve do\u011fal bir<span class=\"excerpt-hellip\"> [\u2026]<\/span><\/p>\n","protected":false},"featured_media":0,"template":"","meta":{"_monsterinsights_skip_tracking":false,"_monsterinsights_sitenote_active":false,"_monsterinsights_sitenote_note":"","_monsterinsights_sitenote_category":0},"product_brand":[],"product_cat":[12291,13376],"product_tag":[],"class_list":{"0":"post-689496","1":"product","2":"type-product","3":"status-publish","5":"product_cat-edebiyat","6":"product_cat-fransiz-edebiyati","7":"pa_cilt-ciltsiz","8":"pa_tur-kitap","9":"pa_yayinevi-ithaki-yayinlari","10":"pa_yazar-boris-vian","12":"first","13":"instock","14":"sale","15":"shipping-taxable","16":"purchasable","17":"product-type-simple"},"_links":{"self":[{"href":"https:\/\/roveyayinevi.com.tr\/index.php\/wp-json\/wp\/v2\/product\/689496","targetHints":{"allow":["GET"]}}],"collection":[{"href":"https:\/\/roveyayinevi.com.tr\/index.php\/wp-json\/wp\/v2\/product"}],"about":[{"href":"https:\/\/roveyayinevi.com.tr\/index.php\/wp-json\/wp\/v2\/types\/product"}],"wp:attachment":[{"href":"https:\/\/roveyayinevi.com.tr\/index.php\/wp-json\/wp\/v2\/media?parent=689496"}],"wp:term":[{"taxonomy":"product_brand","embeddable":true,"href":"https:\/\/roveyayinevi.com.tr\/index.php\/wp-json\/wp\/v2\/product_brand?post=689496"},{"taxonomy":"product_cat","embeddable":true,"href":"https:\/\/roveyayinevi.com.tr\/index.php\/wp-json\/wp\/v2\/product_cat?post=689496"},{"taxonomy":"product_tag","embeddable":true,"href":"https:\/\/roveyayinevi.com.tr\/index.php\/wp-json\/wp\/v2\/product_tag?post=689496"}],"curies":[{"name":"wp","href":"https:\/\/api.w.org\/{rel}","templated":true}]}}