{"id":689494,"date":"2025-08-27T13:11:49","date_gmt":"2025-08-27T10:11:49","guid":{"rendered":"https:\/\/roveyayinevi.com.tr\/index.php\/urun\/bakkhalar\/"},"modified":"2026-04-16T01:59:17","modified_gmt":"2026-04-15T22:59:17","slug":"bakkhalar","status":"publish","type":"product","link":"https:\/\/roveyayinevi.com.tr\/index.php\/urun\/bakkhalar\/","title":{"rendered":"Bakkhalar"},"content":{"rendered":"<p>Euripides (\u0130\u00d6 y.484-406): Atina&#8217;n\u0131n yeti\u015ftirdi\u011fi \u00fc\u00e7 b\u00fcy\u00fck tragedya \u015fairi aras\u0131nda en fazla eseri g\u00fcn\u00fcm\u00fcze ula\u015fan sanat\u00e7\u0131 olarak \u00f6zel bir yeri vard\u0131r.Bu durum \u015fenliklerle Aiskhylos ve Sophokles kadar birincilik \u00f6d\u00fcl\u00fc kazanmam\u0131\u015f olsa da halk aras\u0131nda daha \u00e7ok be\u011fenilen bir \u015fair olmas\u0131na ba\u011flan\u0131r. Euripides&#8217;in oyun kahramanlar\u0131 insana \u00f6zg\u00fc zay\u0131fl\u0131k ve kusurlar\u0131 ta\u015f\u0131rlar, ya\u015fad\u0131klar\u0131 tragedyalar da bu kusurlar\u0131 ile vazge\u00e7emedikleri tutkular\u0131ndan kaynaklan\u0131r.\u00d6l\u00fcm\u00fcnden sonra o\u011flu taraf\u0131ndan sahneye konulan Bakkhalar \u015fairin ba\u015fyap\u0131t\u0131 olarak kabul edilir.bu eserde Tanr\u0131 Dionysos ile ona tap\u0131nmay\u0131 reddeden Thebai kral\u0131 Pentheus aras\u0131ndaki \u00e7at\u0131\u015fma konu edilmi\u015ftir. <\/p>\n","protected":false},"excerpt":{"rendered":"<p>Euripides (\u0130\u00d6 y.484-406): Atina&#8217;n\u0131n yeti\u015ftirdi\u011fi \u00fc\u00e7 b\u00fcy\u00fck tragedya \u015fairi aras\u0131nda en fazla eseri g\u00fcn\u00fcm\u00fcze ula\u015fan sanat\u00e7\u0131 olarak \u00f6zel bir yeri vard\u0131r.Bu durum \u015fenliklerle Aiskhylos ve Sophokles<span class=\"excerpt-hellip\"> [\u2026]<\/span><\/p>\n","protected":false},"featured_media":0,"template":"","meta":{"_monsterinsights_skip_tracking":false,"_monsterinsights_sitenote_active":false,"_monsterinsights_sitenote_note":"","_monsterinsights_sitenote_category":0},"product_brand":[],"product_cat":[12291,14272],"product_tag":[],"class_list":{"0":"post-689494","1":"product","2":"type-product","3":"status-publish","5":"product_cat-edebiyat","6":"product_cat-tiyatro","7":"pa_cilt-ciltsiz","8":"pa_tur-kitap","9":"pa_yayinevi-is-bankasi-kultur-yayinlari","10":"pa_yazar-euripides","12":"first","13":"instock","14":"sale","15":"shipping-taxable","16":"purchasable","17":"product-type-simple"},"_links":{"self":[{"href":"https:\/\/roveyayinevi.com.tr\/index.php\/wp-json\/wp\/v2\/product\/689494","targetHints":{"allow":["GET"]}}],"collection":[{"href":"https:\/\/roveyayinevi.com.tr\/index.php\/wp-json\/wp\/v2\/product"}],"about":[{"href":"https:\/\/roveyayinevi.com.tr\/index.php\/wp-json\/wp\/v2\/types\/product"}],"wp:attachment":[{"href":"https:\/\/roveyayinevi.com.tr\/index.php\/wp-json\/wp\/v2\/media?parent=689494"}],"wp:term":[{"taxonomy":"product_brand","embeddable":true,"href":"https:\/\/roveyayinevi.com.tr\/index.php\/wp-json\/wp\/v2\/product_brand?post=689494"},{"taxonomy":"product_cat","embeddable":true,"href":"https:\/\/roveyayinevi.com.tr\/index.php\/wp-json\/wp\/v2\/product_cat?post=689494"},{"taxonomy":"product_tag","embeddable":true,"href":"https:\/\/roveyayinevi.com.tr\/index.php\/wp-json\/wp\/v2\/product_tag?post=689494"}],"curies":[{"name":"wp","href":"https:\/\/api.w.org\/{rel}","templated":true}]}}