{"id":689493,"date":"2025-08-27T13:11:49","date_gmt":"2025-08-27T10:11:49","guid":{"rendered":"https:\/\/roveyayinevi.com.tr\/index.php\/urun\/sudoku-2-kolay-orta-zor-cok-zor\/"},"modified":"2026-04-16T01:59:17","modified_gmt":"2026-04-15T22:59:17","slug":"sudoku-2-kolay-orta-zor-cok-zor","status":"publish","type":"product","link":"https:\/\/roveyayinevi.com.tr\/index.php\/urun\/sudoku-2-kolay-orta-zor-cok-zor\/","title":{"rendered":"Sudoku 2- Kolay-Orta-Zor-\u00c7ok Zor"},"content":{"rendered":"<p>Soldan sa\u011fa ve yukar\u0131dan a\u015fa\u011f\u0131ya dokuz kareden olu\u015fan oyun alan\u0131nda, her kare kendi i\u00e7erisinde de 9 k\u00fc\u00e7\u00fck kareye ayr\u0131lm\u0131\u015ft\u0131r. Bu karelere 1\u2019den 9\u2019a kadar rakamlar yerle\u015ftirilir. Oyun alan\u0131ndaki rakamlar\u0131n baz\u0131lar\u0131 size verilmi\u015ftir, kalan rakamlar\u0131 oyuncular bulmak zorundad\u0131r. \u00d6nemli olan yatay ve dikey s\u0131ralara ve her karenin i\u00e7erisine rakamlar\u0131n sadece bir defa gelecek bi\u00e7imde yerle\u015ftirilmesidir. T\u00fcm karelerin rakamlarla doldurulmas\u0131 bitti\u011finde, sudoku bulmacas\u0131 da tamamlanm\u0131\u015f olur. <\/p>\n","protected":false},"excerpt":{"rendered":"<p>Soldan sa\u011fa ve yukar\u0131dan a\u015fa\u011f\u0131ya dokuz kareden olu\u015fan oyun alan\u0131nda, her kare kendi i\u00e7erisinde de 9 k\u00fc\u00e7\u00fck kareye ayr\u0131lm\u0131\u015ft\u0131r. Bu karelere 1\u2019den 9\u2019a kadar rakamlar yerle\u015ftirilir.<span class=\"excerpt-hellip\"> [\u2026]<\/span><\/p>\n","protected":false},"featured_media":0,"template":"","meta":{"_monsterinsights_skip_tracking":false,"_monsterinsights_sitenote_active":false,"_monsterinsights_sitenote_note":"","_monsterinsights_sitenote_category":0},"product_brand":[],"product_cat":[12492,12274],"product_tag":[],"class_list":{"0":"post-689493","1":"product","2":"type-product","3":"status-publish","5":"product_cat-bilmece-bulmaca","6":"product_cat-cocuk-ve-genclik-kitaplari","7":"pa_cilt-ciltsiz","8":"pa_tur-kitap","9":"pa_yayinevi-inkilap-kitabevi","10":"pa_yazar-jackie-watts","12":"first","13":"instock","14":"sale","15":"shipping-taxable","16":"purchasable","17":"product-type-simple"},"_links":{"self":[{"href":"https:\/\/roveyayinevi.com.tr\/index.php\/wp-json\/wp\/v2\/product\/689493","targetHints":{"allow":["GET"]}}],"collection":[{"href":"https:\/\/roveyayinevi.com.tr\/index.php\/wp-json\/wp\/v2\/product"}],"about":[{"href":"https:\/\/roveyayinevi.com.tr\/index.php\/wp-json\/wp\/v2\/types\/product"}],"wp:attachment":[{"href":"https:\/\/roveyayinevi.com.tr\/index.php\/wp-json\/wp\/v2\/media?parent=689493"}],"wp:term":[{"taxonomy":"product_brand","embeddable":true,"href":"https:\/\/roveyayinevi.com.tr\/index.php\/wp-json\/wp\/v2\/product_brand?post=689493"},{"taxonomy":"product_cat","embeddable":true,"href":"https:\/\/roveyayinevi.com.tr\/index.php\/wp-json\/wp\/v2\/product_cat?post=689493"},{"taxonomy":"product_tag","embeddable":true,"href":"https:\/\/roveyayinevi.com.tr\/index.php\/wp-json\/wp\/v2\/product_tag?post=689493"}],"curies":[{"name":"wp","href":"https:\/\/api.w.org\/{rel}","templated":true}]}}