{"id":689492,"date":"2025-08-27T13:11:49","date_gmt":"2025-08-27T10:11:49","guid":{"rendered":"https:\/\/roveyayinevi.com.tr\/index.php\/urun\/diplomasi-tarihi-teorisi-kurumlari-ve-uygulamasi\/"},"modified":"2025-09-25T02:05:04","modified_gmt":"2025-09-24T23:05:04","slug":"diplomasi-tarihi-teorisi-kurumlari-ve-uygulamasi","status":"publish","type":"product","link":"https:\/\/roveyayinevi.com.tr\/index.php\/urun\/diplomasi-tarihi-teorisi-kurumlari-ve-uygulamasi\/","title":{"rendered":"Diplomasi Tarihi, Teorisi, Kurumlar\u0131 ve Uygulamas\u0131"},"content":{"rendered":"<p>K\u0130TAP HAKKINDA: Bug\u00fcne kadar \u201cd\u0131\u015f politika\u201d ile \u201cdiplomasi\u201d kavramlar\u0131 kar\u0131\u015ft\u0131r\u0131lm\u0131\u015f, \u201cdiplomasi\u201d kavram olarak ihmal edilmi\u015f, \u201cd\u0131\u015f politika\u201dn\u0131n bir alt \u00fcr\u00fcn\u00fc olarak g\u00f6r\u00fclm\u00fc\u015f ve bu y\u00fczden \u00fczerinde fazla durulmam\u0131\u015f ve akademik \u00e7al\u0131\u015fmalara konu olmam\u0131\u015ft\u0131r. Ger\u00e7ekte, diplomasi ba\u015fl\u0131 ba\u015f\u0131na bir politika de\u011fil politikay\u0131 uygulayan bir ara\u00e7 ya da ara\u00e7lar b\u00fct\u00fcn\u00fcd\u00fcr ve d\u0131\u015f politika ile birbirini tamamlar; ba\u015fka bir tan\u0131mla politika stratejiyi saptarken, diplomasi de taktikleri y\u00fcr\u00fct\u00fcr. Y\u0131llar\u0131n\u0131 T\u00fcrk D\u0131\u015fi\u015fleri\u2019nde ge\u00e7iren \u201ck\u0131rk y\u0131ll\u0131k diplomat\u201d Temel \u0130skit, eserinin kendi deneyimlerinden s\u00fcz\u00fclen ara\u015ft\u0131rma ve incelemelere dayand\u0131\u011f\u0131n\u0131 ve \u201cdiplomasi\u201dnin d\u0131\u015f politikan\u0131n bir arac\u0131 oldu\u011funu belirtiyor, modern diplomasinin kurum ve ara\u00e7lar\u0131n\u0131 ele al\u0131rken ise kendi bilgi ve deneyimlerinden yararland\u0131\u011f\u0131n\u0131 \u00f6zellikle vurguluyor. T\u00fcrkiye\u2019de diplomasiyi ilk kez tarihi, teorisi ve uygulamas\u0131 ile birlikte ele alan bu kitapta, ikili ve \u00e7ok tarafl\u0131 diplomasi t\u00fcrleri, m\u00fczakereler, antla\u015fmalarla birlikte T\u00fcrkiye Cumhuriyeti diplomasisi ve kurum olarak T\u00fcrkiye D\u0131\u015fi\u015fleri Bakanl\u0131\u011f\u0131 inceleniyor.   Bu eser, zahmetli bir eme\u011fin \u00fcr\u00fcn\u00fc ve emekli b\u00fcy\u00fckel\u00e7i, de\u011ferli diplomat Temel \u0130skit\u2019in engin deneyimi ile bilgisinin m\u00fcstesna bir bile\u015fimidir. Al\u0131\u015f\u0131lm\u0131\u015f yakla\u015f\u0131mlardan farkl\u0131 bir bi\u00e7imde ele al\u0131nm\u0131\u015f olan bu de\u011ferli eseri herkese, \u00f6zellikle gen\u00e7lere ve \u00f6\u011frencilere i\u00e7tenlikle tavsiye ederim.   \u2013         Prof. Dr. Ali Bozer, Eski D\u0131\u015fi\u015fleri Bakan\u0131 ve Ba\u015fbakan Yard\u0131mc\u0131s\u0131   Diplomasi kavram\u0131n\u0131 ilk defa T\u00fcrk\u00e7ede kapsaml\u0131 bi\u00e7imde ele alan bu eser i\u00e7in Temel \u0130skit\u2019i kutluyorum. Kitap d\u0131\u015f politikan\u0131n ba\u015fl\u0131ca arac\u0131 olmakla birlikte ondan ba\u011f\u0131ms\u0131z bir inceleme alan\u0131 olan diplomasi sanat\u0131n\u0131n ba\u015fl\u0131 ba\u015f\u0131na de\u011fer ve yarar\u0131n\u0131n anla\u015f\u0131lmas\u0131na katk\u0131da bulunacakt\u0131r. Bunun yan\u0131 s\u0131ra kitap, T\u00fcrk diplomasi mekanizmas\u0131n\u0131n i\u015flevi ve \u00e7al\u0131\u015fma bi\u00e7imi hakk\u0131nda ger\u00e7ekten doyurucu bilgiler ve isabetli de\u011ferlendirmeler i\u00e7ermektedir. \u2013         \u0130lter T\u00fcrkmen, Eski D\u0131\u015fi\u015fleri Bakan\u0131   Bu kitap bir diplomasi \u00fcniversitesi g\u00f6revini yerine getiriyor. Ba\u015f\u0131ndan son sayfas\u0131na kadar bilgi ve deneyim y\u00fckl\u00fc. E\u011fer komplo teorilerinin yan\u0131lt\u0131c\u0131 heyecan\u0131ndan kurtulup ger\u00e7ekleri g\u00f6rmek; T\u00fcrk hariciyesinin y\u0131llar i\u00e7inde de\u011fi\u015fen konumunu, asker ba\u015fta di\u011fer kurumlarla ve iktidarlarla ili\u015fkilerini, \u00fclkenin d\u0131\u015f ili\u015fkilerinin hangi ellerde ve nas\u0131l olu\u015fturuldu\u011funu \u00f6\u011frenmek istiyorsan\u0131z, Diplomasi bir ba\u015fucu kitab\u0131 de\u011ferinde. Mehmet Ali Birand, Gazeteci-Yazar<\/p>\n","protected":false},"excerpt":{"rendered":"<p>K\u0130TAP HAKKINDA: Bug\u00fcne kadar \u201cd\u0131\u015f politika\u201d ile \u201cdiplomasi\u201d kavramlar\u0131 kar\u0131\u015ft\u0131r\u0131lm\u0131\u015f, \u201cdiplomasi\u201d kavram olarak ihmal edilmi\u015f, \u201cd\u0131\u015f politika\u201dn\u0131n bir alt \u00fcr\u00fcn\u00fc olarak g\u00f6r\u00fclm\u00fc\u015f ve bu y\u00fczden \u00fczerinde<span class=\"excerpt-hellip\"> [\u2026]<\/span><\/p>\n","protected":false},"featured_media":0,"template":"","meta":{"_monsterinsights_skip_tracking":false,"_monsterinsights_sitenote_active":false,"_monsterinsights_sitenote_note":"","_monsterinsights_sitenote_category":0},"product_brand":[],"product_cat":[12337,14706],"product_tag":[],"class_list":{"0":"post-689492","1":"product","2":"type-product","3":"status-publish","5":"product_cat-politika-siyaset","6":"product_cat-siyaset-bilimi","7":"pa_cilt-ciltsiz","8":"pa_tur-kitap","9":"pa_yayinevi-bilgi-universitesi-yayinlari","10":"pa_yazar-temel-iskit","12":"first","13":"instock","14":"sale","15":"shipping-taxable","16":"purchasable","17":"product-type-simple"},"_links":{"self":[{"href":"https:\/\/roveyayinevi.com.tr\/index.php\/wp-json\/wp\/v2\/product\/689492","targetHints":{"allow":["GET"]}}],"collection":[{"href":"https:\/\/roveyayinevi.com.tr\/index.php\/wp-json\/wp\/v2\/product"}],"about":[{"href":"https:\/\/roveyayinevi.com.tr\/index.php\/wp-json\/wp\/v2\/types\/product"}],"wp:attachment":[{"href":"https:\/\/roveyayinevi.com.tr\/index.php\/wp-json\/wp\/v2\/media?parent=689492"}],"wp:term":[{"taxonomy":"product_brand","embeddable":true,"href":"https:\/\/roveyayinevi.com.tr\/index.php\/wp-json\/wp\/v2\/product_brand?post=689492"},{"taxonomy":"product_cat","embeddable":true,"href":"https:\/\/roveyayinevi.com.tr\/index.php\/wp-json\/wp\/v2\/product_cat?post=689492"},{"taxonomy":"product_tag","embeddable":true,"href":"https:\/\/roveyayinevi.com.tr\/index.php\/wp-json\/wp\/v2\/product_tag?post=689492"}],"curies":[{"name":"wp","href":"https:\/\/api.w.org\/{rel}","templated":true}]}}