{"id":689490,"date":"2025-08-27T13:11:49","date_gmt":"2025-08-27T10:11:49","guid":{"rendered":"https:\/\/roveyayinevi.com.tr\/index.php\/urun\/22-dunyanin-hakimi\/"},"modified":"2026-04-16T01:59:17","modified_gmt":"2026-04-15T22:59:17","slug":"22-dunyanin-hakimi","status":"publish","type":"product","link":"https:\/\/roveyayinevi.com.tr\/index.php\/urun\/22-dunyanin-hakimi\/","title":{"rendered":"22 &#8211; D\u00fcnyan\u0131n Hakimi"},"content":{"rendered":"<p>G\u00f6revine d\u00fc\u015fk\u00fcn, a\u011f\u0131rba\u015fl\u0131 polis komiseri Strock ile  Fatih Robur  isimli kitaptan tan\u0131d\u0131\u011f\u0131m\u0131z Robur\u2019\u00fc kar\u015f\u0131 kar\u015f\u0131ya getiren  D\u00fcnyan\u0131n Hakimi , sadece ge\u00e7en y\u00fczy\u0131l\u0131n ba\u015f\u0131nda bilginlerin, ara\u015ft\u0131rmac\u0131lar\u0131n masa ba\u015f\u0131nda ya da labaratuvarda tasarlad\u0131klar\u0131n\u0131 okurun g\u00f6z\u00fcnde canland\u0131rmakla kalm\u0131yor, k\u0131talar aras\u0131 yolculuklar\u0131n hen\u00fcz bug\u00fcnk\u00fc kadar s\u0131radan say\u0131lmad\u0131\u011f\u0131 bir d\u00f6nemde Eski D\u00fcnya\u2019n\u0131n , insan\u0131na Yeni D\u00fcnya\u2019n\u0131n \u00e7eli\u015fkilerle dolu de\u011fi\u015fik y\u00f6nlerini de tan\u0131t\u0131yor. Jules Verne, g\u00fcn\u00fcn\u00fczden y\u00fcz bir y\u0131l \u00f6nce kaleme ald\u0131\u011f\u0131 bu yap\u0131t\u0131nda da gelece\u011fe y\u00f6nelik kestirimleri ve d\u00fc\u015fleri i\u00e7 i\u00e7e ge\u00e7irip, kah \u015fa\u015f\u0131rt\u0131c\u0131 kah e\u011flendirici \u00fcslubuyla anlat\u0131yor. Bu kitapta da, bize y\u00fcz y\u0131l geriden -yoksa ileriden mi- muzip\u00e7e g\u00f6z\u00fcn\u00fc k\u0131rpan Jules Verne\u2019nin kalemine kap\u0131l\u0131p gideceksiniz. <\/p>\n","protected":false},"excerpt":{"rendered":"<p>G\u00f6revine d\u00fc\u015fk\u00fcn, a\u011f\u0131rba\u015fl\u0131 polis komiseri Strock ile Fatih Robur isimli kitaptan tan\u0131d\u0131\u011f\u0131m\u0131z Robur\u2019\u00fc kar\u015f\u0131 kar\u015f\u0131ya getiren D\u00fcnyan\u0131n Hakimi , sadece ge\u00e7en y\u00fczy\u0131l\u0131n ba\u015f\u0131nda bilginlerin, ara\u015ft\u0131rmac\u0131lar\u0131n masa<span class=\"excerpt-hellip\"> [\u2026]<\/span><\/p>\n","protected":false},"featured_media":0,"template":"","meta":{"_monsterinsights_skip_tracking":false,"_monsterinsights_sitenote_active":false,"_monsterinsights_sitenote_note":"","_monsterinsights_sitenote_category":0},"product_brand":[],"product_cat":[12291,13376],"product_tag":[],"class_list":{"0":"post-689490","1":"product","2":"type-product","3":"status-publish","5":"product_cat-edebiyat","6":"product_cat-fransiz-edebiyati","7":"pa_cilt-ciltsiz","8":"pa_tur-kitap","9":"pa_yayinevi-ithaki-yayinlari","10":"pa_yazar-jules-verne","12":"first","13":"instock","14":"sale","15":"shipping-taxable","16":"purchasable","17":"product-type-simple"},"_links":{"self":[{"href":"https:\/\/roveyayinevi.com.tr\/index.php\/wp-json\/wp\/v2\/product\/689490","targetHints":{"allow":["GET"]}}],"collection":[{"href":"https:\/\/roveyayinevi.com.tr\/index.php\/wp-json\/wp\/v2\/product"}],"about":[{"href":"https:\/\/roveyayinevi.com.tr\/index.php\/wp-json\/wp\/v2\/types\/product"}],"wp:attachment":[{"href":"https:\/\/roveyayinevi.com.tr\/index.php\/wp-json\/wp\/v2\/media?parent=689490"}],"wp:term":[{"taxonomy":"product_brand","embeddable":true,"href":"https:\/\/roveyayinevi.com.tr\/index.php\/wp-json\/wp\/v2\/product_brand?post=689490"},{"taxonomy":"product_cat","embeddable":true,"href":"https:\/\/roveyayinevi.com.tr\/index.php\/wp-json\/wp\/v2\/product_cat?post=689490"},{"taxonomy":"product_tag","embeddable":true,"href":"https:\/\/roveyayinevi.com.tr\/index.php\/wp-json\/wp\/v2\/product_tag?post=689490"}],"curies":[{"name":"wp","href":"https:\/\/api.w.org\/{rel}","templated":true}]}}