{"id":689489,"date":"2025-08-27T13:11:48","date_gmt":"2025-08-27T10:11:48","guid":{"rendered":"https:\/\/roveyayinevi.com.tr\/index.php\/urun\/cthulhunun-cagrisi\/"},"modified":"2026-04-16T01:59:17","modified_gmt":"2026-04-15T22:59:17","slug":"cthulhunun-cagrisi","status":"publish","type":"product","link":"https:\/\/roveyayinevi.com.tr\/index.php\/urun\/cthulhunun-cagrisi\/","title":{"rendered":"Cthulhu\u2019nun \u00c7a\u011fr\u0131s\u0131"},"content":{"rendered":"<p>Lovecraft\u2019\u0131n neden korku edebiyat\u0131n\u0131n ustas\u0131 olarak an\u0131lmas\u0131 gerekti\u011fini g\u00f6steren; yabanc\u0131l\u0131\u011f\u0131n, deh\u015fetin, tekinsizli\u011fin anlat\u0131ld\u0131\u011f\u0131 toplam yedi \u00f6yk\u00fc var bu kitapta.Korku ancak g\u00f6rd\u00fc\u011f\u00fcm\u00fczde bilebildi\u011fimiz bir \u015fey midir? Yoksa bilmedi\u011fimizi g\u00f6rd\u00fc\u011f\u00fcm\u00fcz \u015fey midir? Belli ki Lovecraft bunu sorguluyordu bu \u00f6yk\u00fcleri yazd\u0131\u011f\u0131 s\u0131rada. Hep korkular\u0131m\u0131zdan ve bilmediklerimizden bahsetmeye \u00e7al\u0131\u015ft\u0131. \u00c7al\u0131\u015ft\u0131 diyoruz, \u00e7\u00fcnk\u00fc asla tam olarak bahsedilemeyece\u011fini biliyordu. T\u0131pk\u0131 bu \u00f6yk\u00fclerde oldu\u011fu gibi, deh\u015feti tarif etmek m\u00fcmk\u00fcn de\u011fildi. Tarif eden ya mezarl\u0131\u011fa d\u00fc\u015ft\u00fc ya da ak\u0131l hastanesine; ya m\u00fczisyen oldu ya da ressam; ya aynaya bakt\u0131\u011f\u0131nda ba\u015fkas\u0131n\u0131 g\u00f6rd\u00fc ya da denizin dibinde buldu kendisini.Bu kitap bir deh\u015fet davetiyesi, bir delilik g\u00fczellemesi.Bu, Lovecraft\u2019\u0131n \u00e7a\u011fr\u0131s\u0131\u2026\u201cLovecraft\u2019\u0131n eserleri modern korku edebiyat\u0131nda bir d\u00f6n\u00fcm noktas\u0131.\u201dClive Barker\u201cLovecraft\u2019\u0131n \u00fcslubu ve hayal g\u00fcc\u00fc b\u00fcy\u00fcleyici.\u201d Alan Moore\u201cStephen King\u2019den Colin Wilson\u2019a, Umberto Eco\u2019dan John Carpenter\u2019a kadar \u00e7ok farkl\u0131 insanlar\u0131 etkileyen nadir yazarlardan. Ola\u011fan\u00fcst\u00fc.\u201dNeil GaimanDost K\u00f6rpe\u2019nin yenilenmi\u015f \u00e7evirisiyle\u2026Bu, Lovecraft\u2019\u0131n \u00e7a\u011fr\u0131s\u0131\u2026 <\/p>\n","protected":false},"excerpt":{"rendered":"<p>Lovecraft\u2019\u0131n neden korku edebiyat\u0131n\u0131n ustas\u0131 olarak an\u0131lmas\u0131 gerekti\u011fini g\u00f6steren; yabanc\u0131l\u0131\u011f\u0131n, deh\u015fetin, tekinsizli\u011fin anlat\u0131ld\u0131\u011f\u0131 toplam yedi \u00f6yk\u00fc var bu kitapta.Korku ancak g\u00f6rd\u00fc\u011f\u00fcm\u00fczde bilebildi\u011fimiz bir \u015fey midir? Yoksa<span class=\"excerpt-hellip\"> [\u2026]<\/span><\/p>\n","protected":false},"featured_media":0,"template":"","meta":{"_monsterinsights_skip_tracking":false,"_monsterinsights_sitenote_active":false,"_monsterinsights_sitenote_note":"","_monsterinsights_sitenote_category":0},"product_brand":[],"product_cat":[12891,12291],"product_tag":[],"class_list":{"0":"post-689489","1":"product","2":"type-product","3":"status-publish","5":"product_cat-amerikan-edebiyati","6":"product_cat-edebiyat","7":"pa_cilt-ciltsiz","8":"pa_tur-kitap","9":"pa_yayinevi-ithaki-yayinlari","10":"pa_yazar-howard-phillips-lovercraft","12":"first","13":"instock","14":"sale","15":"shipping-taxable","16":"purchasable","17":"product-type-simple"},"_links":{"self":[{"href":"https:\/\/roveyayinevi.com.tr\/index.php\/wp-json\/wp\/v2\/product\/689489","targetHints":{"allow":["GET"]}}],"collection":[{"href":"https:\/\/roveyayinevi.com.tr\/index.php\/wp-json\/wp\/v2\/product"}],"about":[{"href":"https:\/\/roveyayinevi.com.tr\/index.php\/wp-json\/wp\/v2\/types\/product"}],"wp:attachment":[{"href":"https:\/\/roveyayinevi.com.tr\/index.php\/wp-json\/wp\/v2\/media?parent=689489"}],"wp:term":[{"taxonomy":"product_brand","embeddable":true,"href":"https:\/\/roveyayinevi.com.tr\/index.php\/wp-json\/wp\/v2\/product_brand?post=689489"},{"taxonomy":"product_cat","embeddable":true,"href":"https:\/\/roveyayinevi.com.tr\/index.php\/wp-json\/wp\/v2\/product_cat?post=689489"},{"taxonomy":"product_tag","embeddable":true,"href":"https:\/\/roveyayinevi.com.tr\/index.php\/wp-json\/wp\/v2\/product_tag?post=689489"}],"curies":[{"name":"wp","href":"https:\/\/api.w.org\/{rel}","templated":true}]}}