{"id":689488,"date":"2025-08-27T13:11:48","date_gmt":"2025-08-27T10:11:48","guid":{"rendered":"https:\/\/roveyayinevi.com.tr\/index.php\/urun\/cesur-yeni-dunya\/"},"modified":"2026-04-16T01:59:17","modified_gmt":"2026-04-15T22:59:17","slug":"cesur-yeni-dunya","status":"publish","type":"product","link":"https:\/\/roveyayinevi.com.tr\/index.php\/urun\/cesur-yeni-dunya\/","title":{"rendered":"Cesur Yeni D\u00fcnya"},"content":{"rendered":"<p>&#8220;Endi\u015fe \u00c7a\u011f\u0131&#8217;n\u0131n ba\u015fyap\u0131t\u0131.&#8221;Ursula K. Le Guin&#8221;K\u0131\u015fk\u0131rt\u0131c\u0131, ayd\u0131nlat\u0131c\u0131, \u015fa\u015f\u0131rt\u0131c\u0131 ve  b\u00fcy\u00fcleyici.&#8221;Observer&#8221;Ben keyif aram\u0131yorum&#8230; Ger\u00e7ek tehlike istiyorum, \u00f6zg\u00fcrl\u00fck istiyorum&#8230; G\u00fcnah \u0130stiyorum.&#8221;Aldous Huxley, sadece kurgular\u0131yla de\u011fil, kurgud\u0131\u015f\u0131 kitaplar\u0131yla da 20. y\u00fczy\u0131l\u0131n en \u00fcretken isimlerinden biri. Yazar\u0131n en bilinmedik ve en g\u00fc\u00e7l\u00fc eseri olan Cesur Yeni D\u00fcnya ise satirle \u00f6ng\u00f6r\u00fcn\u00fcn birle\u015fti\u011fi, kendi distopyas\u0131n\u0131 yaratan bir \u00fctopyaTeknolojik tek ger\u00e7eklik, duygular\u0131n ise uzak durulmas\u0131 gereken kavramlar oldu\u011fu bu gelecekte Ford, Tanr\u0131&#8217;n\u0131n yerini alm\u0131\u015ft\u0131r. Aile kavram\u0131n\u0131n yozla\u015fma g\u00f6stergesi olarak alg\u0131land\u0131\u011f\u0131 bu \u00e7a\u011f, soma ad\u0131 verilen hap sayesinde herkesin mutlu ve hayattan keyif ald\u0131\u011f\u0131 bir sistem \u00fcretir.Hi\u00e7 kimse daha \u00f6nce beraber oldu\u011fu ki\u015fiyle bir kez daha beraber olmaz, \u00e7\u00fcnk\u00fc &#8220;herkes herkes i\u00e7indir&#8221;. \u0130nsanlar makinelerden do\u011far, \u00fcretim kalitesine g\u00f6re ise Alfa, Epsilon gibi s\u0131n\u0131flara ayr\u0131l\u0131r. Ancak bu sistemin d\u0131\u015f\u0131nda, \u015fehirden uzak bir yerlerde kom\u00fcn hayat\u0131 s\u00fcrd\u00fcren bir ba\u015fka topluluk daha vard\u0131r.Bu toplulu\u011fun s\u00fcrd\u00fc\u011f\u00fc ya\u015fam, teknolojinin egemenli\u011fine bir alternatif olabilir mi? Yoksa bu \u00fctopya da ba\u015far\u0131s\u0131z olmaya mahkum mudur?Cesur Yeni D\u00fcnya, korkak bir gelece\u011fin en eski anlat\u0131lar\u0131ndan.<\/p>\n","protected":false},"excerpt":{"rendered":"<p>&#8220;Endi\u015fe \u00c7a\u011f\u0131&#8217;n\u0131n ba\u015fyap\u0131t\u0131.&#8221;Ursula K. Le Guin&#8221;K\u0131\u015fk\u0131rt\u0131c\u0131, ayd\u0131nlat\u0131c\u0131, \u015fa\u015f\u0131rt\u0131c\u0131 ve b\u00fcy\u00fcleyici.&#8221;Observer&#8221;Ben keyif aram\u0131yorum&#8230; Ger\u00e7ek tehlike istiyorum, \u00f6zg\u00fcrl\u00fck istiyorum&#8230; G\u00fcnah \u0130stiyorum.&#8221;Aldous Huxley, sadece kurgular\u0131yla de\u011fil, kurgud\u0131\u015f\u0131 kitaplar\u0131yla da<span class=\"excerpt-hellip\"> [\u2026]<\/span><\/p>\n","protected":false},"featured_media":0,"template":"","meta":{"_monsterinsights_skip_tracking":false,"_monsterinsights_sitenote_active":false,"_monsterinsights_sitenote_note":"","_monsterinsights_sitenote_category":0},"product_brand":[],"product_cat":[12540,12291],"product_tag":[],"class_list":{"0":"post-689488","1":"product","2":"type-product","3":"status-publish","5":"product_cat-bilim-kurgu","6":"product_cat-edebiyat","7":"pa_cilt-ciltsiz","8":"pa_tur-kitap","9":"pa_yayinevi-ithaki-yayinlari","10":"pa_yazar-aldous-huxley","12":"first","13":"instock","14":"sale","15":"shipping-taxable","16":"purchasable","17":"product-type-simple"},"_links":{"self":[{"href":"https:\/\/roveyayinevi.com.tr\/index.php\/wp-json\/wp\/v2\/product\/689488","targetHints":{"allow":["GET"]}}],"collection":[{"href":"https:\/\/roveyayinevi.com.tr\/index.php\/wp-json\/wp\/v2\/product"}],"about":[{"href":"https:\/\/roveyayinevi.com.tr\/index.php\/wp-json\/wp\/v2\/types\/product"}],"wp:attachment":[{"href":"https:\/\/roveyayinevi.com.tr\/index.php\/wp-json\/wp\/v2\/media?parent=689488"}],"wp:term":[{"taxonomy":"product_brand","embeddable":true,"href":"https:\/\/roveyayinevi.com.tr\/index.php\/wp-json\/wp\/v2\/product_brand?post=689488"},{"taxonomy":"product_cat","embeddable":true,"href":"https:\/\/roveyayinevi.com.tr\/index.php\/wp-json\/wp\/v2\/product_cat?post=689488"},{"taxonomy":"product_tag","embeddable":true,"href":"https:\/\/roveyayinevi.com.tr\/index.php\/wp-json\/wp\/v2\/product_tag?post=689488"}],"curies":[{"name":"wp","href":"https:\/\/api.w.org\/{rel}","templated":true}]}}