{"id":689486,"date":"2025-08-27T13:11:48","date_gmt":"2025-08-27T10:11:48","guid":{"rendered":"https:\/\/roveyayinevi.com.tr\/index.php\/urun\/butun-olulerin-derileri-aynidir\/"},"modified":"2026-04-16T01:59:17","modified_gmt":"2026-04-15T22:59:17","slug":"butun-olulerin-derileri-aynidir","status":"publish","type":"product","link":"https:\/\/roveyayinevi.com.tr\/index.php\/urun\/butun-olulerin-derileri-aynidir\/","title":{"rendered":"B\u00fct\u00fcn \u00d6l\u00fclerin Derileri Ayn\u0131d\u0131r"},"content":{"rendered":"<p>Boris Vian\u2019\u0131n eserlerini de kendisini de kal\u0131plara s\u0131\u011fd\u0131rmak zordur. Bu, b\u00fcy\u00fck \u00f6l\u00e7\u00fcde hayat\u0131nda \u201cb\u00fct\u00fcn insan\u201d rol\u00fcne uygun, bilin\u00e7li bir duru\u015f sergilemesinin sonucudur. Vian m\u00fchendis olarak e\u011fitilmi\u015fti ama caz onun diniydi, trompet ise enstr\u00fcman\u0131. Beyni her zaman bir \u015feylerin haz\u0131rl\u0131\u011f\u0131ndayd\u0131 ve bunun iyi bir nedeni vard\u0131. Jazz Hot dergisinde, \u201cShakespeare\u2019i ele al\u0131n,\u201d diye yazm\u0131\u015ft\u0131. \u201cO \u00e7oktan ama \u00e7oktan \u00f6lm\u00fc\u015f. \u00c7\u00fcr\u00fcm\u00fc\u015f de \u00e7\u00fcr\u00fcm\u00fc\u015f. &#8230; Ama baksan\u0131za, bizde onun oyunlar\u0131 var, yani voil\u00e0.\u201d   B\u00fct\u00fcn \u00d6l\u00fclerin Derileri Ayn\u0131d\u0131r roman\u0131 Mezarlar\u0131n\u0131za T\u00fck\u00fcrece\u011fim\u2019in zorunlu devam\u0131d\u0131r. Lee, beyaz derisi sayesinde beyazlar\u0131n aras\u0131na girip onlara kar\u015f\u0131 besledi\u011fi amans\u0131z intikam susuzlu\u011funu gideren sahici bir siyaht\u0131. B\u00fct\u00fcn \u00d6l\u00fclerin Derileri Ayn\u0131d\u0131r\u2019daki Dan ise bir beyazd\u0131r fakat kan\u0131 bak\u0131m\u0131ndan siyah oldu\u011funa inan\u0131r. Beyazlara duydu\u011fu kini yapt\u0131\u011f\u0131 i\u015fle, k\u00f6t\u00fc \u015f\u00f6hretli bir gece kul\u00fcb\u00fcn\u00fcn kabaday\u0131s\u0131 olmakla y\u00fcceltir.   Vian\u2019\u0131n Vernon Sullivan imzas\u0131yla yaz\u0131p kendini kitab\u0131n \u00e7evirmeni olarak g\u00f6sterdi\u011fi bu roman, \u0131rk\u00e7\u0131l\u0131\u011fa kar\u015f\u0131 yaz\u0131lm\u0131\u015f bir a\u011f\u0131t\u2026   \u201cB\u00fct\u00fcn \u00d6l\u00fclerin Derileri Ayn\u0131d\u0131r a\u015f\u0131r\u0131 kimlik bunal\u0131m\u0131 ya\u015fayan bir ki\u015finin k\u00e2busu gibi.\u201d \u2013Literary Hub   \u201cBu kitap, bitmek bilmeyen enerjisi, a\u00e7\u0131ky\u00fcreklili\u011fi ve so\u011fukkanl\u0131 vah\u015fetiyle Jim Thompson\u2019la ayn\u0131 sularda y\u00fcz\u00fcyor.\u201d  \u2013James Sallis <\/p>\n","protected":false},"excerpt":{"rendered":"<p>Boris Vian\u2019\u0131n eserlerini de kendisini de kal\u0131plara s\u0131\u011fd\u0131rmak zordur. Bu, b\u00fcy\u00fck \u00f6l\u00e7\u00fcde hayat\u0131nda \u201cb\u00fct\u00fcn insan\u201d rol\u00fcne uygun, bilin\u00e7li bir duru\u015f sergilemesinin sonucudur. Vian m\u00fchendis olarak e\u011fitilmi\u015fti<span class=\"excerpt-hellip\"> [\u2026]<\/span><\/p>\n","protected":false},"featured_media":0,"template":"","meta":{"_monsterinsights_skip_tracking":false,"_monsterinsights_sitenote_active":false,"_monsterinsights_sitenote_note":"","_monsterinsights_sitenote_category":0},"product_brand":[],"product_cat":[12291,13376],"product_tag":[],"class_list":{"0":"post-689486","1":"product","2":"type-product","3":"status-publish","5":"product_cat-edebiyat","6":"product_cat-fransiz-edebiyati","7":"pa_cilt-ciltsiz","8":"pa_tur-kitap","9":"pa_yayinevi-ithaki-yayinlari","10":"pa_yazar-boris-vian","12":"first","13":"instock","14":"sale","15":"shipping-taxable","16":"purchasable","17":"product-type-simple"},"_links":{"self":[{"href":"https:\/\/roveyayinevi.com.tr\/index.php\/wp-json\/wp\/v2\/product\/689486","targetHints":{"allow":["GET"]}}],"collection":[{"href":"https:\/\/roveyayinevi.com.tr\/index.php\/wp-json\/wp\/v2\/product"}],"about":[{"href":"https:\/\/roveyayinevi.com.tr\/index.php\/wp-json\/wp\/v2\/types\/product"}],"wp:attachment":[{"href":"https:\/\/roveyayinevi.com.tr\/index.php\/wp-json\/wp\/v2\/media?parent=689486"}],"wp:term":[{"taxonomy":"product_brand","embeddable":true,"href":"https:\/\/roveyayinevi.com.tr\/index.php\/wp-json\/wp\/v2\/product_brand?post=689486"},{"taxonomy":"product_cat","embeddable":true,"href":"https:\/\/roveyayinevi.com.tr\/index.php\/wp-json\/wp\/v2\/product_cat?post=689486"},{"taxonomy":"product_tag","embeddable":true,"href":"https:\/\/roveyayinevi.com.tr\/index.php\/wp-json\/wp\/v2\/product_tag?post=689486"}],"curies":[{"name":"wp","href":"https:\/\/api.w.org\/{rel}","templated":true}]}}