{"id":689485,"date":"2025-08-27T13:11:48","date_gmt":"2025-08-27T10:11:48","guid":{"rendered":"https:\/\/roveyayinevi.com.tr\/index.php\/urun\/37-buzlarin-sfenksi-1\/"},"modified":"2025-12-30T09:35:42","modified_gmt":"2025-12-30T06:35:42","slug":"37-buzlarin-sfenksi-1","status":"publish","type":"product","link":"https:\/\/roveyayinevi.com.tr\/index.php\/urun\/37-buzlarin-sfenksi-1\/","title":{"rendered":"37 &#8211; Buzlar\u0131n Sfenksi &#8211; 1"},"content":{"rendered":"<p>Jeolojik ara\u015ft\u0131rmalar\u0131n\u0131n kendisini Antarktika tak\u0131madalar\u0131ndan Kerguelen\u2019e g\u00f6t\u00fcrd\u00fc\u011f\u00fc M\u00f6sy\u00f6 Jeorlig, 1839 y\u0131l\u0131nda Halbrane adl\u0131 gemiyle denize a\u00e7\u0131l\u0131r. Geminin kaptan\u0131 Len Guy, Edgar Allan Poe\u2019nun Arthur Gordon Pym\u2019in \u00d6yk\u00fcs\u00fc roman\u0131na tutkundur. Poe, bu kitab\u0131nda Arthur Pym taraf\u0131ndan Antarktika\u2019ya bir ke\u015fif seferi yapmas\u0131 i\u00e7in ikna edilen Jane adl\u0131 geminin kaptan\u0131 William Guy\u2019\u0131n maceralar\u0131n\u0131 anlat\u0131r. Jane, bu yolculuk s\u0131ras\u0131nda yok olur, ancak buna ra\u011fmen Pym g\u00fcnl\u00fc\u011f\u00fcn\u00fc Edgar Allen Poe\u2019ya ula\u015ft\u0131rmay\u0131 ba\u015far\u0131r. \u00d6yk\u00fcn\u00fcn do\u011frulu\u011fundan her ge\u00e7en an daha emin olan M\u00f6sy\u00f6 Jeorling, Kaptan Len Guy\u2019\u0131 h\u00e2l\u00e2 ya\u015f\u0131yor oldu\u011funa inand\u0131\u011f\u0131 karde\u015fi William Guy\u2019\u0131 bulmas\u0131 i\u00e7in cesaretlendirir. Halbrane ile Antarktika\u2019n\u0131n bilinmeyen yerlerine yap\u0131lan macera dolu yolculu\u011fun birinci k\u0131sm\u0131n\u0131 b\u00fcy\u00fck bir heyecanla takip edeceksiniz&#8230; <\/p>\n","protected":false},"excerpt":{"rendered":"<p>Jeolojik ara\u015ft\u0131rmalar\u0131n\u0131n kendisini Antarktika tak\u0131madalar\u0131ndan Kerguelen\u2019e g\u00f6t\u00fcrd\u00fc\u011f\u00fc M\u00f6sy\u00f6 Jeorlig, 1839 y\u0131l\u0131nda Halbrane adl\u0131 gemiyle denize a\u00e7\u0131l\u0131r. Geminin kaptan\u0131 Len Guy, Edgar Allan Poe\u2019nun Arthur Gordon Pym\u2019in<span class=\"excerpt-hellip\"> [\u2026]<\/span><\/p>\n","protected":false},"featured_media":0,"template":"","meta":{"_monsterinsights_skip_tracking":false,"_monsterinsights_sitenote_active":false,"_monsterinsights_sitenote_note":"","_monsterinsights_sitenote_category":0},"product_brand":[],"product_cat":[12291,13376],"product_tag":[],"class_list":{"0":"post-689485","1":"product","2":"type-product","3":"status-publish","5":"product_cat-edebiyat","6":"product_cat-fransiz-edebiyati","7":"pa_cilt-ciltsiz","8":"pa_tur-kitap","9":"pa_yayinevi-ithaki-yayinlari","10":"pa_yazar-jules-verne","12":"first","13":"instock","14":"sale","15":"shipping-taxable","16":"purchasable","17":"product-type-simple"},"_links":{"self":[{"href":"https:\/\/roveyayinevi.com.tr\/index.php\/wp-json\/wp\/v2\/product\/689485","targetHints":{"allow":["GET"]}}],"collection":[{"href":"https:\/\/roveyayinevi.com.tr\/index.php\/wp-json\/wp\/v2\/product"}],"about":[{"href":"https:\/\/roveyayinevi.com.tr\/index.php\/wp-json\/wp\/v2\/types\/product"}],"wp:attachment":[{"href":"https:\/\/roveyayinevi.com.tr\/index.php\/wp-json\/wp\/v2\/media?parent=689485"}],"wp:term":[{"taxonomy":"product_brand","embeddable":true,"href":"https:\/\/roveyayinevi.com.tr\/index.php\/wp-json\/wp\/v2\/product_brand?post=689485"},{"taxonomy":"product_cat","embeddable":true,"href":"https:\/\/roveyayinevi.com.tr\/index.php\/wp-json\/wp\/v2\/product_cat?post=689485"},{"taxonomy":"product_tag","embeddable":true,"href":"https:\/\/roveyayinevi.com.tr\/index.php\/wp-json\/wp\/v2\/product_tag?post=689485"}],"curies":[{"name":"wp","href":"https:\/\/api.w.org\/{rel}","templated":true}]}}