{"id":689484,"date":"2025-08-27T13:11:47","date_gmt":"2025-08-27T10:11:47","guid":{"rendered":"https:\/\/roveyayinevi.com.tr\/index.php\/urun\/bilge-adamin-korkusu-kral-katili-guncesi-2-gun\/"},"modified":"2026-04-16T01:59:17","modified_gmt":"2026-04-15T22:59:17","slug":"bilge-adamin-korkusu-kral-katili-guncesi-2-gun","status":"publish","type":"product","link":"https:\/\/roveyayinevi.com.tr\/index.php\/urun\/bilge-adamin-korkusu-kral-katili-guncesi-2-gun\/","title":{"rendered":"Bilge Adam\u0131n Korkusu &#8211; Kral Katili G\u00fcncesi 2. G\u00fcn"},"content":{"rendered":"<p>&#8220;Bilge Adam\u0131n Korkusu yay\u0131mland\u0131\u011f\u0131 ilk hafta Amerika\u2019da \u00e7oksatanlar listesine bir numaradan girdi.&#8221;&#8221;Her bilge adam\u0131n korktu\u011fu \u00fc\u00e7 \u015fey vard\u0131r: f\u0131rt\u0131nal\u0131 bir deniz, ays\u0131z bir gece ve yumu\u015fak ba\u015fl\u0131 birinin \u00f6fkesi.&#8221;Bilge Adam\u0131n Korkusu\u2019nda Kvothe kahramanl\u0131k yolundaki ilk ad\u0131mlar\u0131n\u0131 at\u0131yor ve kendi \u00f6mr\u00fc dahilinde efsane haline gelmenin hayat\u0131 bir adam i\u00e7in ne kadar zor k\u0131labilece\u011fini \u00f6\u011freniyor. Uyuyan h\u00f6y\u00fck krallar\u0131ndan prensesler ka\u00e7\u0131rd\u0131m. Trebon kasabas\u0131n\u0131 yak\u0131p k\u00fcl ettim. Felurian\u2019la bir gece ge\u00e7irdim ve hem can\u0131ma hem de akl\u0131ma mukayyet olabildim. \u00c7o\u011fu insan\u0131n al\u0131nd\u0131\u011f\u0131ndan daha k\u00fc\u00e7\u00fck bir ya\u015fta \u00dcniversite\u2019den at\u0131ld\u0131m. Ba\u015fkalar\u0131n\u0131n g\u00fcnd\u00fcz g\u00f6z\u00fcyle a\u011f\u0131zlar\u0131na almaktan bile korktuklar\u0131 yollardan ay \u0131\u015f\u0131\u011f\u0131 alt\u0131nda ge\u00e7tim. Tanr\u0131larla konu\u015ftum, kad\u0131nlar sevdim ve ozanlar\u0131 a\u011flatan \u015fark\u0131lar yazd\u0131m. Benim ad\u0131m Kvothe. Belki beni duymu\u015fsunuzdur.&#8221;Usta eli de\u011fmi\u015f bir kitap.&#8221;- Sevin Okyay-Radikal Kitap <\/p>\n","protected":false},"excerpt":{"rendered":"<p>&#8220;Bilge Adam\u0131n Korkusu yay\u0131mland\u0131\u011f\u0131 ilk hafta Amerika\u2019da \u00e7oksatanlar listesine bir numaradan girdi.&#8221;&#8221;Her bilge adam\u0131n korktu\u011fu \u00fc\u00e7 \u015fey vard\u0131r: f\u0131rt\u0131nal\u0131 bir deniz, ays\u0131z bir gece ve yumu\u015fak<span class=\"excerpt-hellip\"> [\u2026]<\/span><\/p>\n","protected":false},"featured_media":0,"template":"","meta":{"_monsterinsights_skip_tracking":false,"_monsterinsights_sitenote_active":false,"_monsterinsights_sitenote_note":"","_monsterinsights_sitenote_category":0},"product_brand":[],"product_cat":[12291,14777],"product_tag":[],"class_list":{"0":"post-689484","1":"product","2":"type-product","3":"status-publish","5":"product_cat-edebiyat","6":"product_cat-fantastik","7":"pa_cilt-ciltsiz","8":"pa_tur-kitap","9":"pa_yayinevi-ithaki-yayinlari","10":"pa_yazar-patrick-rothfuss","12":"first","13":"instock","14":"sale","15":"shipping-taxable","16":"purchasable","17":"product-type-simple"},"_links":{"self":[{"href":"https:\/\/roveyayinevi.com.tr\/index.php\/wp-json\/wp\/v2\/product\/689484","targetHints":{"allow":["GET"]}}],"collection":[{"href":"https:\/\/roveyayinevi.com.tr\/index.php\/wp-json\/wp\/v2\/product"}],"about":[{"href":"https:\/\/roveyayinevi.com.tr\/index.php\/wp-json\/wp\/v2\/types\/product"}],"wp:attachment":[{"href":"https:\/\/roveyayinevi.com.tr\/index.php\/wp-json\/wp\/v2\/media?parent=689484"}],"wp:term":[{"taxonomy":"product_brand","embeddable":true,"href":"https:\/\/roveyayinevi.com.tr\/index.php\/wp-json\/wp\/v2\/product_brand?post=689484"},{"taxonomy":"product_cat","embeddable":true,"href":"https:\/\/roveyayinevi.com.tr\/index.php\/wp-json\/wp\/v2\/product_cat?post=689484"},{"taxonomy":"product_tag","embeddable":true,"href":"https:\/\/roveyayinevi.com.tr\/index.php\/wp-json\/wp\/v2\/product_tag?post=689484"}],"curies":[{"name":"wp","href":"https:\/\/api.w.org\/{rel}","templated":true}]}}