{"id":689474,"date":"2025-08-27T13:11:46","date_gmt":"2025-08-27T10:11:46","guid":{"rendered":"https:\/\/roveyayinevi.com.tr\/index.php\/urun\/sinirsiz-guc\/"},"modified":"2026-04-16T01:59:16","modified_gmt":"2026-04-15T22:59:16","slug":"sinirsiz-guc","status":"publish","type":"product","link":"https:\/\/roveyayinevi.com.tr\/index.php\/urun\/sinirsiz-guc\/","title":{"rendered":"S\u0131n\u0131rs\u0131z G\u00fc\u00e7"},"content":{"rendered":"<p>Evet, ya\u015famda istedi\u011finiz herhangi bir \u015feyi yapabilir, yaratabilir, ba\u015farabilir ve elde edebilirsiniz. Zihinsel g\u00fcc\u00fcn sihiri konusunun en b\u00fcy\u00fck ustas\u0131 olan Robbins, bu sayfalarda kendi kendinizi nas\u0131l kullanaca\u011f\u0131n\u0131z\u0131 g\u00f6stermektedir. 0, h\u0131rsla ve incelikleriyle; ne isterseniz olabilece\u011finizi, ne yapabilece\u011finizi ve ne yapamayaca\u011f\u0131n\u0131z\u0131 zihninizin durumunun belirledi\u011fini, t\u00fcm ba\u015far\u0131l\u0131 sonu\u00e7lar\u0131n modellenebilece\u011fini ve aynen tekrarlanabilece\u011fini g\u00f6stermektedir Size; dakikalarla ifade edilen s\u00fcrelerde zihninizin korkular\u0131 yok etmek i\u00e7in nas\u0131l yeniden programlanaca\u011f\u0131n\u0131, v\u00fccudunuzun \u00e7ok sa\u011fl\u0131kl\u0131 ve enerjili olmas\u0131 i\u00e7in hangi yak\u0131tlar\u0131n kullan\u0131laca\u011f\u0131n\u0131, di\u011fer ki\u015filerle olan ili\u015fkilerinizi nas\u0131l geli\u015ftirece\u011finizi, nas\u0131l ikna edici bir ileti\u015fimci olunaca\u011f\u0131n\u0131 ve kar\u015f\u0131la\u015ft\u0131\u011f\u0131n\u0131z herhangi bir ki\u015fiyle ahengin an\u0131nda nas\u0131l sa\u011flanaca\u011f\u0131n\u0131, di\u011fer ki\u015filerin ba\u015far\u0131lar\u0131n\u0131 kendiniz i\u00e7in tekrar nas\u0131l modelleyece\u011finizi, zenginlik ve mutlulu\u011fun be\u015f anahtar\u0131n\u0131. As\u0131l Ba\u015far\u0131 i\u00e7in nas\u0131l ustala\u015f\u0131laca\u011f\u0131n\u0131 a\u00e7\u0131klad\u0131k\u00e7a; co\u015fkusu salg\u0131n hastal\u0131k gibi herkese bula\u015fmaktad\u0131r. Robbins onu ki\u015fisel ba\u015far\u0131n\u0131n yeni bilimi olarak adland\u0131rmaktad\u0131r. Siz de onu hayat\u0131n\u0131zda kar\u015f\u0131la\u015ft\u0131\u011f\u0131n\u0131z en iyi \u015fey olarak adland\u0131racaks\u0131n\u0131z. \ufffcTan\u0131t\u0131m Metni<\/p>\n","protected":false},"excerpt":{"rendered":"<p>Evet, ya\u015famda istedi\u011finiz herhangi bir \u015feyi yapabilir, yaratabilir, ba\u015farabilir ve elde edebilirsiniz. Zihinsel g\u00fcc\u00fcn sihiri konusunun en b\u00fcy\u00fck ustas\u0131 olan Robbins, bu sayfalarda kendi kendinizi nas\u0131l<span class=\"excerpt-hellip\"> [\u2026]<\/span><\/p>\n","protected":false},"featured_media":0,"template":"","meta":{"_monsterinsights_skip_tracking":false,"_monsterinsights_sitenote_active":false,"_monsterinsights_sitenote_note":"","_monsterinsights_sitenote_category":0},"product_brand":[],"product_cat":[12364,12376],"product_tag":[],"class_list":{"0":"post-689474","1":"product","2":"type-product","3":"status-publish","5":"product_cat-genel-konular","6":"product_cat-kisisel-gelisim","7":"pa_cilt-ciltsiz","8":"pa_tur-kitap","9":"pa_yayinevi-inkilap-kitabevi","10":"pa_yazar-anthony-robbins","12":"first","13":"instock","14":"sale","15":"shipping-taxable","16":"purchasable","17":"product-type-simple"},"_links":{"self":[{"href":"https:\/\/roveyayinevi.com.tr\/index.php\/wp-json\/wp\/v2\/product\/689474","targetHints":{"allow":["GET"]}}],"collection":[{"href":"https:\/\/roveyayinevi.com.tr\/index.php\/wp-json\/wp\/v2\/product"}],"about":[{"href":"https:\/\/roveyayinevi.com.tr\/index.php\/wp-json\/wp\/v2\/types\/product"}],"wp:attachment":[{"href":"https:\/\/roveyayinevi.com.tr\/index.php\/wp-json\/wp\/v2\/media?parent=689474"}],"wp:term":[{"taxonomy":"product_brand","embeddable":true,"href":"https:\/\/roveyayinevi.com.tr\/index.php\/wp-json\/wp\/v2\/product_brand?post=689474"},{"taxonomy":"product_cat","embeddable":true,"href":"https:\/\/roveyayinevi.com.tr\/index.php\/wp-json\/wp\/v2\/product_cat?post=689474"},{"taxonomy":"product_tag","embeddable":true,"href":"https:\/\/roveyayinevi.com.tr\/index.php\/wp-json\/wp\/v2\/product_tag?post=689474"}],"curies":[{"name":"wp","href":"https:\/\/api.w.org\/{rel}","templated":true}]}}