{"id":689469,"date":"2025-08-27T13:11:45","date_gmt":"2025-08-27T10:11:45","guid":{"rendered":"https:\/\/roveyayinevi.com.tr\/index.php\/urun\/tatli-pasta-ogretimi-ve-soguk-yemekler-mezeler-salatalar-2\/"},"modified":"2026-04-16T01:59:16","modified_gmt":"2026-04-15T22:59:16","slug":"tatli-pasta-ogretimi-ve-soguk-yemekler-mezeler-salatalar-2","status":"publish","type":"product","link":"https:\/\/roveyayinevi.com.tr\/index.php\/urun\/tatli-pasta-ogretimi-ve-soguk-yemekler-mezeler-salatalar-2\/","title":{"rendered":"Tatl\u0131-Pasta \u00d6\u011fretimi ve So\u011fuk Yemekler-Mezeler-Salatalar 2"},"content":{"rendered":"<p>Tatl\u0131-Pasta \u00d6\u011fretimi ve So\u011fuk Yemekler-Mezeler-Salatalar 2 \ufffcTan\u0131t\u0131m Metni<\/p>\n","protected":false},"excerpt":{"rendered":"<p>Tatl\u0131-Pasta \u00d6\u011fretimi ve So\u011fuk Yemekler-Mezeler-Salatalar 2 \ufffcTan\u0131t\u0131m Metni<\/p>\n","protected":false},"featured_media":0,"template":"","meta":{"_monsterinsights_skip_tracking":false,"_monsterinsights_sitenote_active":false,"_monsterinsights_sitenote_note":"","_monsterinsights_sitenote_category":0},"product_brand":[],"product_cat":[12458,12457],"product_tag":[],"class_list":{"0":"post-689469","1":"product","2":"type-product","3":"status-publish","5":"product_cat-turk-mutfagi","6":"product_cat-yemek-kitaplari","7":"pa_cilt-ciltsiz","8":"pa_tur-kitap","9":"pa_yayinevi-inkilap-kitabevi","10":"pa_yazar-ekrem-muhittin-yegen","12":"first","13":"instock","14":"sale","15":"shipping-taxable","16":"purchasable","17":"product-type-simple"},"_links":{"self":[{"href":"https:\/\/roveyayinevi.com.tr\/index.php\/wp-json\/wp\/v2\/product\/689469","targetHints":{"allow":["GET"]}}],"collection":[{"href":"https:\/\/roveyayinevi.com.tr\/index.php\/wp-json\/wp\/v2\/product"}],"about":[{"href":"https:\/\/roveyayinevi.com.tr\/index.php\/wp-json\/wp\/v2\/types\/product"}],"wp:attachment":[{"href":"https:\/\/roveyayinevi.com.tr\/index.php\/wp-json\/wp\/v2\/media?parent=689469"}],"wp:term":[{"taxonomy":"product_brand","embeddable":true,"href":"https:\/\/roveyayinevi.com.tr\/index.php\/wp-json\/wp\/v2\/product_brand?post=689469"},{"taxonomy":"product_cat","embeddable":true,"href":"https:\/\/roveyayinevi.com.tr\/index.php\/wp-json\/wp\/v2\/product_cat?post=689469"},{"taxonomy":"product_tag","embeddable":true,"href":"https:\/\/roveyayinevi.com.tr\/index.php\/wp-json\/wp\/v2\/product_tag?post=689469"}],"curies":[{"name":"wp","href":"https:\/\/api.w.org\/{rel}","templated":true}]}}