{"id":689468,"date":"2025-08-27T13:11:45","date_gmt":"2025-08-27T10:11:45","guid":{"rendered":"https:\/\/roveyayinevi.com.tr\/index.php\/urun\/acimak\/"},"modified":"2026-04-16T01:59:16","modified_gmt":"2026-04-15T22:59:16","slug":"acimak","status":"publish","type":"product","link":"https:\/\/roveyayinevi.com.tr\/index.php\/urun\/acimak\/","title":{"rendered":"Ac\u0131mak"},"content":{"rendered":"<p>\u201cAc\u0131mak&#8230; Ben insan ruhlar\u0131ndaki derinli\u011fin ancak onunla \u00f6l\u00e7\u00fclebilece\u011fine kaniyim. Evet, dibi g\u00f6r\u00fcnmeyen kuyulara at\u0131lan ta\u015f nas\u0131l \u00e7\u0131kard\u0131\u011f\u0131 sesle onlar\u0131n derinli\u011fini g\u00f6sterirse ba\u015fkalar\u0131n\u0131n elemi de bizim y\u00fcreklerimize d\u00fc\u015ft\u00fc\u011f\u00fc zaman \u00e7\u0131kard\u0131\u011f\u0131 sesle bize kendimizi, insanl\u0131\u011f\u0131m\u0131z\u0131n derecesini \u00f6\u011fretir&#8230; Fikrimce yaln\u0131z do\u011fruluk hastal\u0131\u011f\u0131, bir hak ve hakikat meselesi etraf\u0131nda toplanmak kabiliyeti, bir cemiyeti mesut etmeye k\u00e2fi gelemez&#8230; Bunun i\u00e7in ac\u0131mak, birbirimizin feryad\u0131n\u0131, iniltisini duyabilmek de laz\u0131m!..\u201d Edebiyat\u0131m\u0131z\u0131n b\u00fcy\u00fck ustas\u0131 Re\u015fat Nuri G\u00fcntekin, Ac\u0131mak\u2019ta nefret ile sevgi aras\u0131ndaki ince \u00e7izginin tasvirini ustal\u0131kla yap\u0131yor. Zehra \u00d6\u011fretmen ile babas\u0131 M\u00fcr\u015fit Efendi\u2019nin hik\u00e2yesi \u00fczerinden be\u015feri duygular\u0131 t\u00fcm yal\u0131nl\u0131\u011f\u0131yla ortaya d\u00f6ken usta yazar, bu romanla yerel olanda evrenseli yakal\u0131yor. \u0130ki ayr\u0131 vaka halkas\u0131n\u0131 ustaca birle\u015ftiren olay \u00f6rg\u00fcs\u00fcyle roman tekni\u011fi a\u00e7\u0131s\u0131ndan da \u00f6zel bir yerde duran eser, idealist karakterlerin anlat\u0131s\u0131ndan hareketle toplumsal yozla\u015fmaya dair keskin bir bak\u0131\u015f da sunuyor. Ahmet Hamdi Tanp\u0131nar\u2019\u0131n veciz nitelemesiyle \u201cT\u00fcrk\u00e7enin ortas\u0131nda geni\u015f bir sevgi ve \u015fefkat \u00fcrpermesi\u201d olan Re\u015fat Nuri G\u00fcntekin\u2019in \u00f6l\u00fcms\u00fcz eseri Ac\u0131mak, insana dair g\u00fc\u00e7l\u00fc anlat\u0131s\u0131yla edebiyat\u0131m\u0131z\u0131n a\u015f\u0131lmaz doruklar\u0131ndan birini simgeliyor. <\/p>\n","protected":false},"excerpt":{"rendered":"<p>\u201cAc\u0131mak&#8230; Ben insan ruhlar\u0131ndaki derinli\u011fin ancak onunla \u00f6l\u00e7\u00fclebilece\u011fine kaniyim. Evet, dibi g\u00f6r\u00fcnmeyen kuyulara at\u0131lan ta\u015f nas\u0131l \u00e7\u0131kard\u0131\u011f\u0131 sesle onlar\u0131n derinli\u011fini g\u00f6sterirse ba\u015fkalar\u0131n\u0131n elemi de bizim y\u00fcreklerimize<span class=\"excerpt-hellip\"> [\u2026]<\/span><\/p>\n","protected":false},"featured_media":0,"template":"","meta":{"_monsterinsights_skip_tracking":false,"_monsterinsights_sitenote_active":false,"_monsterinsights_sitenote_note":"","_monsterinsights_sitenote_category":0},"product_brand":[],"product_cat":[12291,12292],"product_tag":[],"class_list":{"0":"post-689468","1":"product","2":"type-product","3":"status-publish","5":"product_cat-edebiyat","6":"product_cat-turk-edebiyati","7":"pa_cilt-ciltsiz","8":"pa_tur-kitap","9":"pa_yayinevi-resat-nuri-guntekin-yayinlari","10":"pa_yazar-resat-nuri-guntekin","12":"first","13":"instock","14":"sale","15":"shipping-taxable","16":"purchasable","17":"product-type-simple"},"_links":{"self":[{"href":"https:\/\/roveyayinevi.com.tr\/index.php\/wp-json\/wp\/v2\/product\/689468","targetHints":{"allow":["GET"]}}],"collection":[{"href":"https:\/\/roveyayinevi.com.tr\/index.php\/wp-json\/wp\/v2\/product"}],"about":[{"href":"https:\/\/roveyayinevi.com.tr\/index.php\/wp-json\/wp\/v2\/types\/product"}],"wp:attachment":[{"href":"https:\/\/roveyayinevi.com.tr\/index.php\/wp-json\/wp\/v2\/media?parent=689468"}],"wp:term":[{"taxonomy":"product_brand","embeddable":true,"href":"https:\/\/roveyayinevi.com.tr\/index.php\/wp-json\/wp\/v2\/product_brand?post=689468"},{"taxonomy":"product_cat","embeddable":true,"href":"https:\/\/roveyayinevi.com.tr\/index.php\/wp-json\/wp\/v2\/product_cat?post=689468"},{"taxonomy":"product_tag","embeddable":true,"href":"https:\/\/roveyayinevi.com.tr\/index.php\/wp-json\/wp\/v2\/product_tag?post=689468"}],"curies":[{"name":"wp","href":"https:\/\/api.w.org\/{rel}","templated":true}]}}