{"id":689466,"date":"2025-08-27T13:11:44","date_gmt":"2025-08-27T10:11:44","guid":{"rendered":"https:\/\/roveyayinevi.com.tr\/index.php\/urun\/akilli-ol\/"},"modified":"2026-04-08T01:59:05","modified_gmt":"2026-04-07T22:59:05","slug":"akilli-ol","status":"publish","type":"product","link":"https:\/\/roveyayinevi.com.tr\/index.php\/urun\/akilli-ol\/","title":{"rendered":"Ak\u0131ll\u0131 Ol!"},"content":{"rendered":"<p>Kitab\u0131n konusu, insan\u0131n kendisidir ve ya\u015fan\u0131lan d\u00fcnyay\u0131 anlat\u0131yor. Korku, arzu ve umut insan\u0131 gelece\u011fe do\u011fru iter, ba\u015fl\u0131ca d\u00fc\u015fmanlar\u0131 ise; \u00f6l\u00fcm, yoksulluk ve ac\u0131d\u0131r. \u00c7ocuklara her zaman do\u011fru olmalar\u0131, tutkular\u0131na egemen olmalar\u0131, hi\u00e7bir \u015feyden korkmamalar\u0131 \u00f6\u011fretilmelidir. \u00c7\u00fcnk\u00fc toplumun y\u00fckseli\u015fi; en ak\u0131ll\u0131, en adil, en d\u00fcr\u00fcst ve en cesur insanlar sayesinde m\u00fcmk\u00fcn olacakt\u0131r. Herkes adalet ve \u00f6zg\u00fcrl\u00fck i\u00e7in her \u015feyini ortaya koymal\u0131d\u0131r, bunu yapmaya kararl\u0131 oldu\u011funu da kan\u0131tlamal\u0131d\u0131r. Yazg\u0131 kendisi gibi, kendisine benzeyen ele avuca s\u0131\u011fmaz insanlar\u0131 sever&#8230; -Osman Pamuko\u011flu- <\/p>\n","protected":false},"excerpt":{"rendered":"<p>Kitab\u0131n konusu, insan\u0131n kendisidir ve ya\u015fan\u0131lan d\u00fcnyay\u0131 anlat\u0131yor. Korku, arzu ve umut insan\u0131 gelece\u011fe do\u011fru iter, ba\u015fl\u0131ca d\u00fc\u015fmanlar\u0131 ise; \u00f6l\u00fcm, yoksulluk ve ac\u0131d\u0131r. \u00c7ocuklara her zaman<span class=\"excerpt-hellip\"> [\u2026]<\/span><\/p>\n","protected":false},"featured_media":0,"template":"","meta":{"_monsterinsights_skip_tracking":false,"_monsterinsights_sitenote_active":false,"_monsterinsights_sitenote_note":"","_monsterinsights_sitenote_category":0},"product_brand":[],"product_cat":[12364,12376],"product_tag":[],"class_list":{"0":"post-689466","1":"product","2":"type-product","3":"status-publish","5":"product_cat-genel-konular","6":"product_cat-kisisel-gelisim","7":"pa_cilt-ciltsiz","8":"pa_tur-kitap","9":"pa_yayinevi-inkilap-kitabevi","10":"pa_yazar-osman-pamukoglu","12":"first","13":"instock","14":"sale","15":"shipping-taxable","16":"purchasable","17":"product-type-simple"},"_links":{"self":[{"href":"https:\/\/roveyayinevi.com.tr\/index.php\/wp-json\/wp\/v2\/product\/689466","targetHints":{"allow":["GET"]}}],"collection":[{"href":"https:\/\/roveyayinevi.com.tr\/index.php\/wp-json\/wp\/v2\/product"}],"about":[{"href":"https:\/\/roveyayinevi.com.tr\/index.php\/wp-json\/wp\/v2\/types\/product"}],"wp:attachment":[{"href":"https:\/\/roveyayinevi.com.tr\/index.php\/wp-json\/wp\/v2\/media?parent=689466"}],"wp:term":[{"taxonomy":"product_brand","embeddable":true,"href":"https:\/\/roveyayinevi.com.tr\/index.php\/wp-json\/wp\/v2\/product_brand?post=689466"},{"taxonomy":"product_cat","embeddable":true,"href":"https:\/\/roveyayinevi.com.tr\/index.php\/wp-json\/wp\/v2\/product_cat?post=689466"},{"taxonomy":"product_tag","embeddable":true,"href":"https:\/\/roveyayinevi.com.tr\/index.php\/wp-json\/wp\/v2\/product_tag?post=689466"}],"curies":[{"name":"wp","href":"https:\/\/api.w.org\/{rel}","templated":true}]}}