{"id":689465,"date":"2025-08-27T13:11:44","date_gmt":"2025-08-27T10:11:44","guid":{"rendered":"https:\/\/roveyayinevi.com.tr\/index.php\/urun\/adan-zye-dijital-fotografcilik\/"},"modified":"2026-04-16T01:59:16","modified_gmt":"2026-04-15T22:59:16","slug":"adan-zye-dijital-fotografcilik","status":"publish","type":"product","link":"https:\/\/roveyayinevi.com.tr\/index.php\/urun\/adan-zye-dijital-fotografcilik\/","title":{"rendered":"A\u2019dan Z\u2019ye Dijital Foto\u011fraf\u00e7\u0131l\u0131k"},"content":{"rendered":"<p>G\u00fcncel, kapsaml\u0131, g\u00fcvenilir ve ilham verici. Dijital foto\u011fraf makinenizi, m\u00f6n\u00fc ayarlar\u0131ndan ba\u015flay\u0131p \u00e7al\u0131\u015fmas\u0131n\u0131 sa\u011flayan teknolojiye kadar ad\u0131m ad\u0131m ke\u015ffedin. Kompozisyon yetene\u011finizi geli\u015ftirin. Enstantane, diyafram ve di\u011fer kontroller de dahil olmak \u00fczere, t\u00fcm geleneksel foto\u011fraf\u00e7\u0131l\u0131k yeteneklerinizi derinlemesine g\u00f6zden ge\u00e7irip yarat\u0131c\u0131l\u0131\u011f\u0131n\u0131z\u0131 serbest b\u0131rak\u0131n. <\/p>\n","protected":false},"excerpt":{"rendered":"<p>G\u00fcncel, kapsaml\u0131, g\u00fcvenilir ve ilham verici. Dijital foto\u011fraf makinenizi, m\u00f6n\u00fc ayarlar\u0131ndan ba\u015flay\u0131p \u00e7al\u0131\u015fmas\u0131n\u0131 sa\u011flayan teknolojiye kadar ad\u0131m ad\u0131m ke\u015ffedin. Kompozisyon yetene\u011finizi geli\u015ftirin. Enstantane, diyafram ve di\u011fer<span class=\"excerpt-hellip\"> [\u2026]<\/span><\/p>\n","protected":false},"featured_media":0,"template":"","meta":{"_monsterinsights_skip_tracking":false,"_monsterinsights_sitenote_active":false,"_monsterinsights_sitenote_note":"","_monsterinsights_sitenote_category":0},"product_brand":[],"product_cat":[12409,12408],"product_tag":[],"class_list":{"0":"post-689465","1":"product","2":"type-product","3":"status-publish","5":"product_cat-fotograf-sinema-tiyatro","6":"product_cat-sanat","7":"pa_cilt-ciltsiz","8":"pa_tur-kitap","9":"pa_yayinevi-inkilap-kitabevi","10":"pa_yazar-chris-george","12":"first","13":"instock","14":"sale","15":"shipping-taxable","16":"purchasable","17":"product-type-simple"},"_links":{"self":[{"href":"https:\/\/roveyayinevi.com.tr\/index.php\/wp-json\/wp\/v2\/product\/689465","targetHints":{"allow":["GET"]}}],"collection":[{"href":"https:\/\/roveyayinevi.com.tr\/index.php\/wp-json\/wp\/v2\/product"}],"about":[{"href":"https:\/\/roveyayinevi.com.tr\/index.php\/wp-json\/wp\/v2\/types\/product"}],"wp:attachment":[{"href":"https:\/\/roveyayinevi.com.tr\/index.php\/wp-json\/wp\/v2\/media?parent=689465"}],"wp:term":[{"taxonomy":"product_brand","embeddable":true,"href":"https:\/\/roveyayinevi.com.tr\/index.php\/wp-json\/wp\/v2\/product_brand?post=689465"},{"taxonomy":"product_cat","embeddable":true,"href":"https:\/\/roveyayinevi.com.tr\/index.php\/wp-json\/wp\/v2\/product_cat?post=689465"},{"taxonomy":"product_tag","embeddable":true,"href":"https:\/\/roveyayinevi.com.tr\/index.php\/wp-json\/wp\/v2\/product_tag?post=689465"}],"curies":[{"name":"wp","href":"https:\/\/api.w.org\/{rel}","templated":true}]}}