{"id":689463,"date":"2025-08-27T13:11:44","date_gmt":"2025-08-27T10:11:44","guid":{"rendered":"https:\/\/roveyayinevi.com.tr\/index.php\/urun\/akl-i-kemal-cilt-4\/"},"modified":"2026-04-16T01:59:16","modified_gmt":"2026-04-15T22:59:16","slug":"akl-i-kemal-cilt-4","status":"publish","type":"product","link":"https:\/\/roveyayinevi.com.tr\/index.php\/urun\/akl-i-kemal-cilt-4\/","title":{"rendered":"Akl-\u0131 Kemal Cilt: 4"},"content":{"rendered":"<p>O nas\u0131l yapt\u0131 \u00f6tekiler nas\u0131l y\u0131kt\u0131?  Devrim ve Kar\u015f\u0131 Devrim  D\u00fcnyaya parmak \u0131s\u0131rtan Cumhuriyet mucizesi ak\u0131ll\u0131 projelerin, ak\u0131ll\u0131 projeler ise Akl-\u0131 Kemal\u2019in (Atat\u00fcrk\u2019\u00fcn akl\u0131n\u0131n) bir \u00fcr\u00fcn\u00fcd\u00fcr. Akl-\u0131 Kemal\u2019in 4. cildinde yer alan Atat\u00fcrk\u2019\u00fcn Ak\u0131ll\u0131 Projeleri \u015funlard\u0131r: U\u00e7ak Sanayi projesi; (Havac\u0131l\u0131k ve Uzay \u00d6ng\u00f6r\u00fcs\u00fc): T\u00fcrk Havac\u0131l\u0131k Tarihi\u2019nin k\u0131sa bilan\u00e7osu, Kurtulu\u015f Sava\u015f\u0131\u2019nda k\u0131r\u0131k kanatlar mucizesi, Atat\u00fcrk\u2019\u00fcn Kayseri, Ankara, Eski\u015fehir u\u00e7ak ve motor fabrikalar\u0131, Vecihi H\u00fcrku\u015f ve Nuri Demira\u011f\u2019\u0131n yerli u\u00e7aklar\u0131, 1930\u2019larda u\u00e7ak ihra\u00e7 eden T\u00fcrkiye ger\u00e7e\u011fi, Atat\u00fcrk\u2019\u00fcn bilinmeyen uzay \u00f6ng\u00f6r\u00fcs\u00fc ve Ay Projesi, 1940\u2019larda T\u00fcrkiye\u2019nin yapt\u0131\u011f\u0131 yarasa u\u00e7ak U\u00e7an Kanat, ilk yerli sava\u015f u\u00e7a\u011f\u0131 Mehmet\u00e7ik Projesi ve Ankara R\u00fczg\u00e2r T\u00fcneli, 1950\u2019lerde ABD raporlar\u0131yla ve istekleriyle T\u00fcrk u\u00e7ak fabrikalar\u0131n\u0131n tava, tencere ve trakt\u00f6r fabrikas\u0131na d\u00f6n\u00fc\u015ft\u00fcr\u00fclmesi.. Dinde \u00d6ze D\u00f6n\u00fc\u015f Projesi: Atat\u00fcrk\u2019\u00fcn bilinmeyen din anlay\u0131\u015f\u0131, \u0130slam R\u00f6nesans\u0131\u2019ndan hurafelerin batakl\u0131\u011f\u0131na \u0130slam d\u00fcnyas\u0131, Osmanl\u0131\u2019da dinde \u00f6ze d\u00f6n\u00fc\u015f \u00e7al\u0131\u015fmalar\u0131, Atat\u00fcrk\u2019\u00fcn 1930\u2019lardaki din ve \u0130slam ele\u015ftirilerinin unutulan devrimci nedenleri; 1932\u2019de Atat\u00fcrk\u2019\u00fcn 9 se\u00e7ilmi\u015f haf\u0131zla Dolmabah\u00e7e\u2019deki bir haftal\u0131k Kur\u2019an \u00e7al\u0131\u015fmas\u0131, Dr. Re\u015fit Galip\u2019in T\u00fcrk\u2019\u00fcn Milli Dini \u0130slam tezi, Tarih Kurultaylar\u0131nda Hz. Muhammed\u2019e sahip \u00e7\u0131k\u0131lmas\u0131, Atat\u00fcrk\u2019\u00fcn Ayasofya\u2019da planlad\u0131\u011f\u0131 b\u00fcy\u00fck din tart\u0131\u015fmas\u0131, T\u00fcrk\u00e7e Kur\u2019an, dua, hutbe, ezan, salat konusundaki ger\u00e7ekler, Mehmet Akif ve Kur\u2019an terc\u00fcmesi, Atat\u00fcrk\u2019\u00fcn \u0130slama b\u00fcy\u00fck hizmetleri, 1950\u2019lerde Dinde \u00d6ze D\u00f6n\u00fc\u015f Projesi\u2019nin yok edilmesi&#8230; Tarih ve Dil Tezleri Projesi: T\u00fcrk Tarih Tezi\u2019nin uluslararas\u0131 kaynaklar\u0131, Cumhuriyet\u2019in Bat\u0131 merkezli tarihe ba\u015fkald\u0131ran k\u00fclt\u00fcr-uygarl\u0131k eksenli bilimsel tarih kitaplar\u0131, tarih kurultaylar\u0131, Dil Devrimi\u2019yle T\u00fcrk\u00e7enin kurtulu\u015fu, G\u00fcne\u015f Dil Teorisi\u2019nin uluslararas\u0131 kaynaklar\u0131, Dil Kurultaylar\u0131, Tarih ve Dil Tezlerinin bilimsel boyutu ve uluslararas\u0131 etkisi, Atat\u00fcrk\u2019\u00fcn dilbilim &#8211; k\u00f6kenbilim \u00e7al\u0131\u015fmalar\u0131; Atat\u00fcrk\u2019\u00fcn bilimkurgu tarih\/dil g\u00f6r\u00fc\u015f\u00fc, Atat\u00fcrk\u2019\u00fcn antropoloji \u00e7al\u0131\u015fmalar\u0131; \u0131rk\u00e7\u0131 Nazi antropolojisine e\u015fitlik\u00e7i brakisefal Avrasya kuram\u0131yla ba\u015fkald\u0131r\u0131, Atat\u00fcrk\u2019\u00fcn antropoloji \u00e7al\u0131\u015fmalar\u0131n\u0131n bilimsel niteli\u011fi ve \u0131rk\u00e7\u0131l\u0131k kar\u015f\u0131tl\u0131\u011f\u0131, 1940\u2019larda ve 1950\u2019lerde Tarih ve Dil Tezleri Projesi\u2019nin yok edilmesi&#8230; Atat\u00fcrk ak\u0131ll\u0131 projelerini geli\u015ftirirken tarihi tecr\u00fcbelerden, Tanzimat\u2019tan beri devam eden k\u0131r\u0131lgan ve karars\u0131z Osmanl\u0131 modernle\u015fmesinden, 15. y\u00fczy\u0131lda ba\u015flayan Avrupa ayd\u0131nlanmas\u0131ndan, T\u00fcrk-\u0130slam tarihinin ayd\u0131nl\u0131k sayfalar\u0131ndan, okudu\u011fu 5000\u2019e yak\u0131n kitaptan ve Allah vergisi dehas\u0131ndan yararlanm\u0131\u015ft\u0131r. Atat\u00fcrk\u2019\u00fcn Ak\u0131ll\u0131 Projeleri, Atat\u00fcrk\u2019\u00fcn \u00f6l\u00fcm\u00fcnden hemen sonra yok edilmeye ba\u015flanm\u0131\u015ft\u0131r.  Ben bu konular\u0131 daha gen\u00e7li\u011fimden beri d\u00fc\u015f\u00fcnen bir insan\u0131m. E\u011fer size, bu konular\u0131 yeni d\u00fc\u015f\u00fcnmeye ba\u015flad\u0131\u011f\u0131m\u0131 s\u00f6ylersem inanmay\u0131n\u0131z.  -Mustafa Kemal Atat\u00fcrk- <\/p>\n","protected":false},"excerpt":{"rendered":"<p>O nas\u0131l yapt\u0131 \u00f6tekiler nas\u0131l y\u0131kt\u0131? Devrim ve Kar\u015f\u0131 Devrim D\u00fcnyaya parmak \u0131s\u0131rtan Cumhuriyet mucizesi ak\u0131ll\u0131 projelerin, ak\u0131ll\u0131 projeler ise Akl-\u0131 Kemal\u2019in (Atat\u00fcrk\u2019\u00fcn akl\u0131n\u0131n) bir \u00fcr\u00fcn\u00fcd\u00fcr.<span class=\"excerpt-hellip\"> [\u2026]<\/span><\/p>\n","protected":false},"featured_media":0,"template":"","meta":{"_monsterinsights_skip_tracking":false,"_monsterinsights_sitenote_active":false,"_monsterinsights_sitenote_note":"","_monsterinsights_sitenote_category":0},"product_brand":[],"product_cat":[12530,12304],"product_tag":[],"class_list":{"0":"post-689463","1":"product","2":"type-product","3":"status-publish","5":"product_cat-mustafa-kemal-ataturk","6":"product_cat-tarih","7":"pa_cilt-ciltsiz","8":"pa_tur-kitap","9":"pa_yayinevi-inkilap-kitabevi","10":"pa_yazar-sinan-meydan","12":"first","13":"instock","14":"sale","15":"shipping-taxable","16":"purchasable","17":"product-type-simple"},"_links":{"self":[{"href":"https:\/\/roveyayinevi.com.tr\/index.php\/wp-json\/wp\/v2\/product\/689463","targetHints":{"allow":["GET"]}}],"collection":[{"href":"https:\/\/roveyayinevi.com.tr\/index.php\/wp-json\/wp\/v2\/product"}],"about":[{"href":"https:\/\/roveyayinevi.com.tr\/index.php\/wp-json\/wp\/v2\/types\/product"}],"wp:attachment":[{"href":"https:\/\/roveyayinevi.com.tr\/index.php\/wp-json\/wp\/v2\/media?parent=689463"}],"wp:term":[{"taxonomy":"product_brand","embeddable":true,"href":"https:\/\/roveyayinevi.com.tr\/index.php\/wp-json\/wp\/v2\/product_brand?post=689463"},{"taxonomy":"product_cat","embeddable":true,"href":"https:\/\/roveyayinevi.com.tr\/index.php\/wp-json\/wp\/v2\/product_cat?post=689463"},{"taxonomy":"product_tag","embeddable":true,"href":"https:\/\/roveyayinevi.com.tr\/index.php\/wp-json\/wp\/v2\/product_tag?post=689463"}],"curies":[{"name":"wp","href":"https:\/\/api.w.org\/{rel}","templated":true}]}}