{"id":689462,"date":"2025-08-27T13:11:44","date_gmt":"2025-08-27T10:11:44","guid":{"rendered":"https:\/\/roveyayinevi.com.tr\/index.php\/urun\/ago-pasanin-hatirati\/"},"modified":"2026-04-16T01:59:16","modified_gmt":"2026-04-15T22:59:16","slug":"ago-pasanin-hatirati","status":"publish","type":"product","link":"https:\/\/roveyayinevi.com.tr\/index.php\/urun\/ago-pasanin-hatirati\/","title":{"rendered":"Ago Pa\u015fa\u2019n\u0131n Hat\u0131rat\u0131"},"content":{"rendered":"<p>Ah, o zamanki han\u0131mefendilerin kibarl\u0131\u011f\u0131, o halay\u0131klar\u0131n g\u00fczelli\u011fi, o saz \u00e2lemleri ve helva sohbetleri!&#8230; Ho\u015f, ezberledi\u011fim o tesirli c\u00fcmlenin sade bana de\u011fil, efendime de faydas\u0131 dokunmu\u015ftu. Zaman\u0131n padi\u015fah\u0131 onu r\u00fctbe, mesnet ve servete gark etmi\u015fti; g\u00f6\u011fs\u00fc ni\u015fanlarla dolmu\u015ftu. Bana bile fahri olarak galiba bir unvan verilmi\u015fti ki art\u0131k sadece: Ago! Ago! diye hitap etmiyorlar, o \u00e7etrefil dilli, ince belli, s\u0131rma sa\u00e7l\u0131, narin, nazik, nazenin \u00c7erkez k\u0131zlar\u0131 beni: Ago Pa\u015fa! diye \u00e7a\u011f\u0131r\u0131yorlar, b\u00f6yle ok\u015fuyorlar, b\u00f6yle \u00f6p\u00fcyorlard\u0131. \u0130stanbul T\u00fcrk\u00e7esini en g\u00fczel kullanan yazarlardan biri olan Refik Halid Karay, Ago Pa\u015fa\u2019n\u0131n Hat\u0131rat\u0131\u2019nda mizahi bir bak\u0131\u015f a\u00e7\u0131s\u0131 ve \u00fcslupla 1920\u2019li y\u0131llar\u0131n ya\u015fam\u0131n\u0131, geleneklerini, al\u0131\u015fkanl\u0131klar\u0131n\u0131 anlat\u0131yor. \ufffcTan\u0131t\u0131m Metni<\/p>\n","protected":false},"excerpt":{"rendered":"<p>Ah, o zamanki han\u0131mefendilerin kibarl\u0131\u011f\u0131, o halay\u0131klar\u0131n g\u00fczelli\u011fi, o saz \u00e2lemleri ve helva sohbetleri!&#8230; Ho\u015f, ezberledi\u011fim o tesirli c\u00fcmlenin sade bana de\u011fil, efendime de faydas\u0131 dokunmu\u015ftu.<span class=\"excerpt-hellip\"> [\u2026]<\/span><\/p>\n","protected":false},"featured_media":0,"template":"","meta":{"_monsterinsights_skip_tracking":false,"_monsterinsights_sitenote_active":false,"_monsterinsights_sitenote_note":"","_monsterinsights_sitenote_category":0},"product_brand":[],"product_cat":[13701,12291],"product_tag":[],"class_list":{"0":"post-689462","1":"product","2":"type-product","3":"status-publish","5":"product_cat-ani-mektup-gunluk","6":"product_cat-edebiyat","7":"pa_cilt-ciltsiz","8":"pa_tur-kitap","9":"pa_yayinevi-inkilap-kitabevi","10":"pa_yazar-refik-halid-karay","12":"first","13":"instock","14":"sale","15":"shipping-taxable","16":"purchasable","17":"product-type-simple"},"_links":{"self":[{"href":"https:\/\/roveyayinevi.com.tr\/index.php\/wp-json\/wp\/v2\/product\/689462","targetHints":{"allow":["GET"]}}],"collection":[{"href":"https:\/\/roveyayinevi.com.tr\/index.php\/wp-json\/wp\/v2\/product"}],"about":[{"href":"https:\/\/roveyayinevi.com.tr\/index.php\/wp-json\/wp\/v2\/types\/product"}],"wp:attachment":[{"href":"https:\/\/roveyayinevi.com.tr\/index.php\/wp-json\/wp\/v2\/media?parent=689462"}],"wp:term":[{"taxonomy":"product_brand","embeddable":true,"href":"https:\/\/roveyayinevi.com.tr\/index.php\/wp-json\/wp\/v2\/product_brand?post=689462"},{"taxonomy":"product_cat","embeddable":true,"href":"https:\/\/roveyayinevi.com.tr\/index.php\/wp-json\/wp\/v2\/product_cat?post=689462"},{"taxonomy":"product_tag","embeddable":true,"href":"https:\/\/roveyayinevi.com.tr\/index.php\/wp-json\/wp\/v2\/product_tag?post=689462"}],"curies":[{"name":"wp","href":"https:\/\/api.w.org\/{rel}","templated":true}]}}