{"id":689460,"date":"2025-08-27T13:11:43","date_gmt":"2025-08-27T10:11:43","guid":{"rendered":"https:\/\/roveyayinevi.com.tr\/index.php\/urun\/1453-istanbulun-fethi\/"},"modified":"2026-04-16T01:59:16","modified_gmt":"2026-04-15T22:59:16","slug":"1453-istanbulun-fethi","status":"publish","type":"product","link":"https:\/\/roveyayinevi.com.tr\/index.php\/urun\/1453-istanbulun-fethi\/","title":{"rendered":"1453 \u0130stanbul\u2019un Fethi"},"content":{"rendered":"<p>Kostantiniye\u2019nin benim taraf\u0131mdan fetholunmas\u0131 takdir edilmi\u015f ise, bur\u00e7lar\u0131 ta\u015f ve topraktan de\u011fil, demirden olsa, ate\u015fi h\u0131\u015fm\u0131 kahr ile eritip, mum gibi yumu\u015fak eylerim.  -Fatih Sultan Mehmet- D\u00fcnya durduk\u00e7a varolacak \u015fehir \u0130stanbul&#8230; Tarihin s\u0131rl\u0131 perdesi yeniden a\u00e7\u0131l\u0131yor. A\u015fk\u0131n g\u00f6lgesinde soluklanan hayatlar, ihtiraslar ve hi\u00e7 s\u00f6nmeyecek bir m\u00fccadelenin \u00f6yk\u00fcs\u00fc&#8230; \u0130stanbul\u2019un Fethi bir solukta okuyaca\u011f\u0131n\u0131z bir fetih destan\u0131. Zaman\u0131n ak\u0131\u015f\u0131n\u0131 durduran bir tarih 1453. Bizans\u2019\u0131n d\u00fc\u015ft\u00fc\u011f\u00fc, Fatih\u2019in h\u00fck\u00fcmranl\u0131\u011f\u0131n\u0131 t\u00fcm d\u00fcnyaya kabul ettirdi\u011fi tarih.  Fetih sana m\u00fcyesser olacakt\u0131r  m\u00fcjdesini ruhunun derinliklerinde ta\u015f\u0131yan Fatih\u2019in tahta ge\u00e7mesiyle birlikte ya\u015fanan olaylar, \u015eehzade Orhan \u00c7elebi\u2019nin ba\u015f\u0131na gelenler, \u0130stanbul\u2019un ku\u015fat\u0131lmas\u0131, \u00c7andarl\u0131 Halil Pa\u015fa\u2019n\u0131n Kostantiniye\u2019deki gizli te\u015fkilat\u0131, Bizans entrikalar\u0131, at\u0131n\u0131 dalgalara do\u011fru s\u00fcren bir padi\u015fah\u0131n inan\u0131lmaz ve bir o kadar da merakla okuyaca\u011f\u0131n\u0131z hik\u00e2yesi. Tarihi roman\u0131n \u00f6nc\u00fc isimlerinden Feridun Faz\u0131l T\u00fclbent\u00e7i\u2019nin kaleminden hi\u00e7 eskimeyen bir Fatih ve Fetih roman\u0131. Her sat\u0131r\u0131nda kendinizi tarih sahnesinde yeniden bulacaks\u0131n\u0131z. B\u00fcy\u00fcleyici ve heyecan dolu bir kas\u0131rga sizleri bekliyor. <\/p>\n","protected":false},"excerpt":{"rendered":"<p>Kostantiniye\u2019nin benim taraf\u0131mdan fetholunmas\u0131 takdir edilmi\u015f ise, bur\u00e7lar\u0131 ta\u015f ve topraktan de\u011fil, demirden olsa, ate\u015fi h\u0131\u015fm\u0131 kahr ile eritip, mum gibi yumu\u015fak eylerim. -Fatih Sultan Mehmet-<span class=\"excerpt-hellip\"> [\u2026]<\/span><\/p>\n","protected":false},"featured_media":0,"template":"","meta":{"_monsterinsights_skip_tracking":false,"_monsterinsights_sitenote_active":false,"_monsterinsights_sitenote_note":"","_monsterinsights_sitenote_category":0},"product_brand":[],"product_cat":[12291,12292],"product_tag":[],"class_list":{"0":"post-689460","1":"product","2":"type-product","3":"status-publish","5":"product_cat-edebiyat","6":"product_cat-turk-edebiyati","7":"pa_cilt-ciltsiz","8":"pa_tur-kitap","9":"pa_yayinevi-inkilap-kitabevi","10":"pa_yazar-feridun-fazil-tulbentci","12":"first","13":"instock","14":"sale","15":"shipping-taxable","16":"purchasable","17":"product-type-simple"},"_links":{"self":[{"href":"https:\/\/roveyayinevi.com.tr\/index.php\/wp-json\/wp\/v2\/product\/689460","targetHints":{"allow":["GET"]}}],"collection":[{"href":"https:\/\/roveyayinevi.com.tr\/index.php\/wp-json\/wp\/v2\/product"}],"about":[{"href":"https:\/\/roveyayinevi.com.tr\/index.php\/wp-json\/wp\/v2\/types\/product"}],"wp:attachment":[{"href":"https:\/\/roveyayinevi.com.tr\/index.php\/wp-json\/wp\/v2\/media?parent=689460"}],"wp:term":[{"taxonomy":"product_brand","embeddable":true,"href":"https:\/\/roveyayinevi.com.tr\/index.php\/wp-json\/wp\/v2\/product_brand?post=689460"},{"taxonomy":"product_cat","embeddable":true,"href":"https:\/\/roveyayinevi.com.tr\/index.php\/wp-json\/wp\/v2\/product_cat?post=689460"},{"taxonomy":"product_tag","embeddable":true,"href":"https:\/\/roveyayinevi.com.tr\/index.php\/wp-json\/wp\/v2\/product_tag?post=689460"}],"curies":[{"name":"wp","href":"https:\/\/api.w.org\/{rel}","templated":true}]}}