{"id":689458,"date":"2025-08-27T13:11:43","date_gmt":"2025-08-27T10:11:43","guid":{"rendered":"https:\/\/roveyayinevi.com.tr\/index.php\/urun\/akil-cagi\/"},"modified":"2026-04-16T01:59:16","modified_gmt":"2026-04-15T22:59:16","slug":"akil-cagi","status":"publish","type":"product","link":"https:\/\/roveyayinevi.com.tr\/index.php\/urun\/akil-cagi\/","title":{"rendered":"Ak\u0131l \u00c7a\u011f\u0131"},"content":{"rendered":"<p>Thomas Paine (1737-1809): Ayd\u0131nlanma d\u00f6neminin en \u00f6nemli yazar, ayd\u0131n ve devrimci d\u00fc\u015f\u00fcn\u00fcrlerindendir. Risaleleri ve \u00f6zellikle Sa\u011fduyu adl\u0131 eseriyle Amerikan Ba\u011f\u0131ms\u0131zl\u0131k Bildirgesi&#8217;nin haz\u0131rlanmas\u0131nda \u00f6nemli bir rol oynad\u0131. 1792&#8217;de yazd\u0131\u011f\u0131 \u0130nsan Haklar\u0131 adl\u0131 eseriyle, Frans\u0131z Devrimi&#8217;nin temellerini de g\u00fc\u00e7lendiren en \u00f6nemli isimlerden biri oldu. Meclisin Frans\u0131z olmayan \u00fc\u00e7 \u00fcyesinden biriyken Robespierre d\u00f6neminde tutukland\u0131. \u0130lk b\u00f6l\u00fcm\u00fcn\u00fc hapishanedeyken yazd\u0131\u011f\u0131 Ak\u0131l \u00c7a\u011f\u0131 t\u00fcm d\u00fcnyada ilgiyle kar\u015f\u0131land\u0131. \u0130nsanlar\u0131n dogmalara ku\u015fkuyla yakla\u015fmaya ba\u015flad\u0131\u011f\u0131 Ayd\u0131nlanma d\u00f6neminin temel eserlerinden biri olan Ak\u0131l \u00c7a\u011f\u0131, Thomas Paine&#8217;in di\u011fer eserleri gibi g\u00fcn\u00fcm\u00fczde de \u00f6zg\u00fcnl\u00fc\u011f\u00fcn\u00fc korumaktad\u0131r. <\/p>\n","protected":false},"excerpt":{"rendered":"<p>Thomas Paine (1737-1809): Ayd\u0131nlanma d\u00f6neminin en \u00f6nemli yazar, ayd\u0131n ve devrimci d\u00fc\u015f\u00fcn\u00fcrlerindendir. Risaleleri ve \u00f6zellikle Sa\u011fduyu adl\u0131 eseriyle Amerikan Ba\u011f\u0131ms\u0131zl\u0131k Bildirgesi&#8217;nin haz\u0131rlanmas\u0131nda \u00f6nemli bir rol oynad\u0131.<span class=\"excerpt-hellip\"> [\u2026]<\/span><\/p>\n","protected":false},"featured_media":0,"template":"","meta":{"_monsterinsights_skip_tracking":false,"_monsterinsights_sitenote_active":false,"_monsterinsights_sitenote_note":"","_monsterinsights_sitenote_category":0},"product_brand":[],"product_cat":[12388,14717],"product_tag":[],"class_list":{"0":"post-689458","1":"product","2":"type-product","3":"status-publish","5":"product_cat-felsefe","6":"product_cat-felsefe-tarihi","7":"pa_cilt-ciltsiz","8":"pa_tur-kitap","9":"pa_yayinevi-is-bankasi-kultur-yayinlari","10":"pa_yazar-thomas-paine","12":"first","13":"instock","14":"sale","15":"shipping-taxable","16":"purchasable","17":"product-type-simple"},"_links":{"self":[{"href":"https:\/\/roveyayinevi.com.tr\/index.php\/wp-json\/wp\/v2\/product\/689458","targetHints":{"allow":["GET"]}}],"collection":[{"href":"https:\/\/roveyayinevi.com.tr\/index.php\/wp-json\/wp\/v2\/product"}],"about":[{"href":"https:\/\/roveyayinevi.com.tr\/index.php\/wp-json\/wp\/v2\/types\/product"}],"wp:attachment":[{"href":"https:\/\/roveyayinevi.com.tr\/index.php\/wp-json\/wp\/v2\/media?parent=689458"}],"wp:term":[{"taxonomy":"product_brand","embeddable":true,"href":"https:\/\/roveyayinevi.com.tr\/index.php\/wp-json\/wp\/v2\/product_brand?post=689458"},{"taxonomy":"product_cat","embeddable":true,"href":"https:\/\/roveyayinevi.com.tr\/index.php\/wp-json\/wp\/v2\/product_cat?post=689458"},{"taxonomy":"product_tag","embeddable":true,"href":"https:\/\/roveyayinevi.com.tr\/index.php\/wp-json\/wp\/v2\/product_tag?post=689458"}],"curies":[{"name":"wp","href":"https:\/\/api.w.org\/{rel}","templated":true}]}}