{"id":689452,"date":"2025-08-27T13:11:42","date_gmt":"2025-08-27T10:11:42","guid":{"rendered":"https:\/\/roveyayinevi.com.tr\/index.php\/urun\/akilli-tilkinin-masali\/"},"modified":"2026-04-16T01:59:16","modified_gmt":"2026-04-15T22:59:16","slug":"akilli-tilkinin-masali","status":"publish","type":"product","link":"https:\/\/roveyayinevi.com.tr\/index.php\/urun\/akilli-tilkinin-masali\/","title":{"rendered":"Ak\u0131ll\u0131 Tilkinin Masal\u0131"},"content":{"rendered":"<p>Aile sevgisini anlatan duygusal ve e\u011fitici bir \u00f6yk\u00fc!G\u00fcn\u00fcm\u00fcz \u00e7ocuk klasiklerinden biri olarak kabul edilen Ak\u0131ll\u0131 Tilkinin Masal\u0131, ele\u015ftirmenler taraf\u0131ndan \u201cKocaman bir kucaklaman\u0131n edebi kar\u015f\u0131l\u0131\u011f\u0131!\u201d olarak tan\u0131mlanm\u0131\u015ft\u0131r. <\/p>\n","protected":false},"excerpt":{"rendered":"<p>Aile sevgisini anlatan duygusal ve e\u011fitici bir \u00f6yk\u00fc!G\u00fcn\u00fcm\u00fcz \u00e7ocuk klasiklerinden biri olarak kabul edilen Ak\u0131ll\u0131 Tilkinin Masal\u0131, ele\u015ftirmenler taraf\u0131ndan \u201cKocaman bir kucaklaman\u0131n edebi kar\u015f\u0131l\u0131\u011f\u0131!\u201d olarak tan\u0131mlanm\u0131\u015ft\u0131r.<\/p>\n","protected":false},"featured_media":0,"template":"","meta":{"_monsterinsights_skip_tracking":false,"_monsterinsights_sitenote_active":false,"_monsterinsights_sitenote_note":"","_monsterinsights_sitenote_category":0},"product_brand":[],"product_cat":[12274,12523],"product_tag":[],"class_list":{"0":"post-689452","1":"product","2":"type-product","3":"status-publish","5":"product_cat-cocuk-ve-genclik-kitaplari","6":"product_cat-masallar","7":"pa_cilt-ciltsiz","8":"pa_tur-kitap","9":"pa_yayinevi-is-bankasi-kultur-yayinlari","10":"pa_yazar-debi-gliori","12":"first","13":"instock","14":"sale","15":"shipping-taxable","16":"purchasable","17":"product-type-simple"},"_links":{"self":[{"href":"https:\/\/roveyayinevi.com.tr\/index.php\/wp-json\/wp\/v2\/product\/689452","targetHints":{"allow":["GET"]}}],"collection":[{"href":"https:\/\/roveyayinevi.com.tr\/index.php\/wp-json\/wp\/v2\/product"}],"about":[{"href":"https:\/\/roveyayinevi.com.tr\/index.php\/wp-json\/wp\/v2\/types\/product"}],"wp:attachment":[{"href":"https:\/\/roveyayinevi.com.tr\/index.php\/wp-json\/wp\/v2\/media?parent=689452"}],"wp:term":[{"taxonomy":"product_brand","embeddable":true,"href":"https:\/\/roveyayinevi.com.tr\/index.php\/wp-json\/wp\/v2\/product_brand?post=689452"},{"taxonomy":"product_cat","embeddable":true,"href":"https:\/\/roveyayinevi.com.tr\/index.php\/wp-json\/wp\/v2\/product_cat?post=689452"},{"taxonomy":"product_tag","embeddable":true,"href":"https:\/\/roveyayinevi.com.tr\/index.php\/wp-json\/wp\/v2\/product_tag?post=689452"}],"curies":[{"name":"wp","href":"https:\/\/api.w.org\/{rel}","templated":true}]}}