{"id":689451,"date":"2025-08-27T13:11:42","date_gmt":"2025-08-27T10:11:42","guid":{"rendered":"https:\/\/roveyayinevi.com.tr\/index.php\/urun\/barbarliklar-catismasi\/"},"modified":"2026-04-16T01:59:16","modified_gmt":"2026-04-15T22:59:16","slug":"barbarliklar-catismasi","status":"publish","type":"product","link":"https:\/\/roveyayinevi.com.tr\/index.php\/urun\/barbarliklar-catismasi\/","title":{"rendered":"Barbarl\u0131klar \u00c7at\u0131\u015fmas\u0131"},"content":{"rendered":"<p>Elinizdeki kitap, Barbarl\u0131klar \u00c7at\u0131\u015fmas\u0131, 11 Eyl\u00fcl 2001 sald\u0131r\u0131lar\u0131n\u0131 ele al\u0131yor. Ve yazar\u0131n\u0131n deyimiyle: ikiz ter\u00f6rizmlerin \u00f6l\u00fcmc\u00fcl serisini&#8230; Genellikle yap\u0131ld\u0131\u011f\u0131 \u00fczere   iyilerin   ve   k\u00f6t\u00fclerin   saflar\u0131n\u0131n net bir bi\u00e7imde tan\u0131mland\u0131\u011f\u0131 lanetli bir senaryo olarak de\u011fil ama. Sald\u0131r\u0131lar\u0131n ard\u0131ndan ya\u015fanan Afganistan ve Irak i\u015fgallerinin yaratt\u0131\u011f\u0131 trajedilerin mutlak nedeni,   biricik  ,   benzersiz   bir fenomen olarak da ele alm\u0131yor yazar 11 Eyl\u00fcl 2001 sald\u0131r\u0131lar\u0131n\u0131. Aksine, 20. Y\u00fczy\u0131l boyunca Ortado\u011fu\u2019da ve t\u00fcm d\u00fcnyada uygulanan Amerikan politikalar\u0131n\u0131n ka\u00e7\u0131n\u0131lmaz sonucu, nihai meyvas\u0131 ve doruk noktas\u0131 olarak bu fenomeni do\u011fru bir bi\u00e7imde anlamaya ve tan\u0131mlamaya \u00e7a\u011f\u0131r\u0131yor okurlar\u0131n\u0131. <\/p>\n","protected":false},"excerpt":{"rendered":"<p>Elinizdeki kitap, Barbarl\u0131klar \u00c7at\u0131\u015fmas\u0131, 11 Eyl\u00fcl 2001 sald\u0131r\u0131lar\u0131n\u0131 ele al\u0131yor. Ve yazar\u0131n\u0131n deyimiyle: ikiz ter\u00f6rizmlerin \u00f6l\u00fcmc\u00fcl serisini&#8230; Genellikle yap\u0131ld\u0131\u011f\u0131 \u00fczere iyilerin ve k\u00f6t\u00fclerin saflar\u0131n\u0131n net bir<span class=\"excerpt-hellip\"> [\u2026]<\/span><\/p>\n","protected":false},"featured_media":0,"template":"","meta":{"_monsterinsights_skip_tracking":false,"_monsterinsights_sitenote_active":false,"_monsterinsights_sitenote_note":"","_monsterinsights_sitenote_category":0},"product_brand":[],"product_cat":[12351,12324],"product_tag":[],"class_list":{"0":"post-689451","1":"product","2":"type-product","3":"status-publish","5":"product_cat-siyaset-sosyolojisi","6":"product_cat-sosyoloji","7":"pa_tur-kitap","8":"pa_yayinevi-ithaki-yayinlari","9":"pa_yazar-gilbert-achcar","11":"first","12":"instock","13":"sale","14":"shipping-taxable","15":"purchasable","16":"product-type-simple"},"_links":{"self":[{"href":"https:\/\/roveyayinevi.com.tr\/index.php\/wp-json\/wp\/v2\/product\/689451","targetHints":{"allow":["GET"]}}],"collection":[{"href":"https:\/\/roveyayinevi.com.tr\/index.php\/wp-json\/wp\/v2\/product"}],"about":[{"href":"https:\/\/roveyayinevi.com.tr\/index.php\/wp-json\/wp\/v2\/types\/product"}],"wp:attachment":[{"href":"https:\/\/roveyayinevi.com.tr\/index.php\/wp-json\/wp\/v2\/media?parent=689451"}],"wp:term":[{"taxonomy":"product_brand","embeddable":true,"href":"https:\/\/roveyayinevi.com.tr\/index.php\/wp-json\/wp\/v2\/product_brand?post=689451"},{"taxonomy":"product_cat","embeddable":true,"href":"https:\/\/roveyayinevi.com.tr\/index.php\/wp-json\/wp\/v2\/product_cat?post=689451"},{"taxonomy":"product_tag","embeddable":true,"href":"https:\/\/roveyayinevi.com.tr\/index.php\/wp-json\/wp\/v2\/product_tag?post=689451"}],"curies":[{"name":"wp","href":"https:\/\/api.w.org\/{rel}","templated":true}]}}