{"id":689448,"date":"2025-08-27T13:11:41","date_gmt":"2025-08-27T10:11:41","guid":{"rendered":"https:\/\/roveyayinevi.com.tr\/index.php\/urun\/aforizmalar\/"},"modified":"2026-04-16T01:59:16","modified_gmt":"2026-04-15T22:59:16","slug":"aforizmalar","status":"publish","type":"product","link":"https:\/\/roveyayinevi.com.tr\/index.php\/urun\/aforizmalar\/","title":{"rendered":"Aforizmalar"},"content":{"rendered":"<p>Kafka, i\u00e7inde ya\u015fad\u0131\u011f\u0131 d\u00f6nemin, o d\u00f6nemin olaylar\u0131n\u0131n de\u011fil, gelmi\u015f ge\u00e7mi\u015f t\u00fcm zamanlar\u0131n toplumsal mekanizmalar\u0131n\u0131n yaratt\u0131\u011f\u0131 yaln\u0131zl\u0131\u011f\u0131, anlams\u0131zl\u0131\u011f\u0131 betimlemi\u015ftir. Ku\u015fkusuz, karanl\u0131k bir tablodur bu. Bu karanl\u0131k tabloyu ayd\u0131nlatan ise Kafka G\u00fcne\u015fi\u2019dir. Ku\u015fkusuz, karanl\u0131k bir tablodur bu. Bu karanl\u0131k tabloyu ayd\u0131nlatan ise Kafka G\u00fcne\u015fi&#8217;dir. Gecenin en yo\u011fun an\u0131nda do\u011fan, karanl\u0131\u011f\u0131n t\u00fcm gizlerini a\u00e7\u0131\u011fa vuran \u0131\u015f\u0131\u011f\u0131yla, bizlere, insanlara yalans\u0131z bir d\u00fcnya g\u00f6stermeye \u00e7al\u0131\u015fan, bunu handiyse \u00f6z\u00fcr dilercesine m\u0131r\u0131ldanarak ger\u00e7ekle\u015fitern, san a\u015famada da pi\u015fman olup t\u00fcm yazd\u0131klar\u0131n\u0131n yak\u0131lmas\u0131n\u0131 (bunu hi\u00e7bir zaman yerine getirmeyecek bir dostundan istemi\u015f olsa da ) isteyen, hi\u00e7likten sahici bir d\u00fcnya yaratan bir insan. E\u011fer Kafka&#8217;n\u0131n yap\u0131t\u0131nda manevi de\u011ferler ve umut aran\u0131yorsa, burada aranmal\u0131. Ve aforizmanlar da bu \u0131\u015f\u0131\u011f\u0131n alt\u0131nda okunmal\u0131. Bu kitap, Kafka&#8217;n\u0131n ard\u0131nda b\u0131rakt\u0131\u011f\u0131 tamamlanm\u0131\u015f ender elyazlar\u0131ndan biridir. T\u00fcm arforizmalar Kafka taraf\u0131ndan tek tek numaraland\u0131r\u0131lm\u0131\u015ft\u0131r. Max Brod, alt\u0131s\u0131, k\u00fc\u00e7\u00fck okul defterine yaz\u0131lm\u0131\u015f aforizmalardan, k\u0131sa \u00f6yk\u00fcc\u00fcl\u00fcklerden, \u00e7e\u015fitli konulardan olu\u015fan bu elmazmalar\u0131 y\u0131\u011f\u0131n\u0131 Ta\u015frada toplanm\u0131\u015ft\u0131r. Daha sonralar\u0131. Bir\u00e7ok \u00fclkede, bu kitaptan k\u00fc\u00e7\u00fck ba\u015fka kitaplar \u00fcretilmi\u015ftir: Babaya Mektup ve Aforizmalar gibi. Bu kitaptaki Aforizmalar\u0131n tam olarak ne zaman yaz\u0131ld\u0131\u011f\u0131n\u0131 bilmiyoruz. Bir sayfadaki 1917 tarihiyle G\u00fcnl\u00fck&#8217;te yer alan benzer c\u00fcmleler, aforizmalar\u0131n 1917-18 y\u0131llar\u0131 aras\u0131nda yaz\u0131ld\u0131\u011f\u0131na i\u015faret etmektedir. Max Brod, bu aforizmalara G\u00fcnah, Ac\u0131\u00e7ekme, Umut ve Ger\u00e7ek Yol \u00dczerine Derin D\u00fc\u015f\u00fcnceler ba\u015fl\u0131\u011f\u0131n\u0131 uygun g\u00f6rm\u00fc\u015ft\u00fcr. Ama Kafka, bu elyazlar\u0131na bir ad vermedi\u011fine g\u00f6re, en uygun ba\u015fl\u0131k, ku\u015fkusuz, yaz\u0131n alan\u0131ndaki bu t\u00fcr\u00fcn genel ad\u0131 olan Aforizmalar&#8217;d\u0131r. Hemen \u015funu da belirteeyim ki, Kafka&#8217;n\u0131n t\u00fcm kitaplar\u0131nda, \u00f6zellikle G\u00fcnl\u00fcklerde ve mektuplarda yaz\u0131lm\u0131\u015f, \u00e7e\u015fitli konularda, ay\u0131klanacak olsa, ba\u015fl\u0131 ba\u015f\u0131na b\u00fcy\u00fck bir kitap olu\u015fturacak kadar aforizma vard\u0131r. Ferit Edg\u00fc&#8217;n\u00fcn \u00f6ns\u00f6z\u00fcnden.<\/p>\n","protected":false},"excerpt":{"rendered":"<p>Kafka, i\u00e7inde ya\u015fad\u0131\u011f\u0131 d\u00f6nemin, o d\u00f6nemin olaylar\u0131n\u0131n de\u011fil, gelmi\u015f ge\u00e7mi\u015f t\u00fcm zamanlar\u0131n toplumsal mekanizmalar\u0131n\u0131n yaratt\u0131\u011f\u0131 yaln\u0131zl\u0131\u011f\u0131, anlams\u0131zl\u0131\u011f\u0131 betimlemi\u015ftir. Ku\u015fkusuz, karanl\u0131k bir tablodur bu. Bu karanl\u0131k tabloyu<span class=\"excerpt-hellip\"> [\u2026]<\/span><\/p>\n","protected":false},"featured_media":0,"template":"","meta":{"_monsterinsights_skip_tracking":false,"_monsterinsights_sitenote_active":false,"_monsterinsights_sitenote_note":"","_monsterinsights_sitenote_category":0},"product_brand":[],"product_cat":[12782,12291],"product_tag":[],"class_list":{"0":"post-689448","1":"product","2":"type-product","3":"status-publish","5":"product_cat-alman-edebiyati","6":"product_cat-edebiyat","7":"pa_cilt-ciltsiz","8":"pa_tur-kitap","9":"pa_yayinevi-is-bankasi-kultur-yayinlari","10":"pa_yazar-franz-kafka","12":"first","13":"instock","14":"sale","15":"shipping-taxable","16":"purchasable","17":"product-type-simple"},"_links":{"self":[{"href":"https:\/\/roveyayinevi.com.tr\/index.php\/wp-json\/wp\/v2\/product\/689448","targetHints":{"allow":["GET"]}}],"collection":[{"href":"https:\/\/roveyayinevi.com.tr\/index.php\/wp-json\/wp\/v2\/product"}],"about":[{"href":"https:\/\/roveyayinevi.com.tr\/index.php\/wp-json\/wp\/v2\/types\/product"}],"wp:attachment":[{"href":"https:\/\/roveyayinevi.com.tr\/index.php\/wp-json\/wp\/v2\/media?parent=689448"}],"wp:term":[{"taxonomy":"product_brand","embeddable":true,"href":"https:\/\/roveyayinevi.com.tr\/index.php\/wp-json\/wp\/v2\/product_brand?post=689448"},{"taxonomy":"product_cat","embeddable":true,"href":"https:\/\/roveyayinevi.com.tr\/index.php\/wp-json\/wp\/v2\/product_cat?post=689448"},{"taxonomy":"product_tag","embeddable":true,"href":"https:\/\/roveyayinevi.com.tr\/index.php\/wp-json\/wp\/v2\/product_tag?post=689448"}],"curies":[{"name":"wp","href":"https:\/\/api.w.org\/{rel}","templated":true}]}}