{"id":689446,"date":"2025-08-27T13:11:41","date_gmt":"2025-08-27T10:11:41","guid":{"rendered":"https:\/\/roveyayinevi.com.tr\/index.php\/urun\/italyanca-turkce-turkce-italyanca-standart-sozluk-orta\/"},"modified":"2026-04-16T01:59:16","modified_gmt":"2026-04-15T22:59:16","slug":"italyanca-turkce-turkce-italyanca-standart-sozluk-orta","status":"publish","type":"product","link":"https:\/\/roveyayinevi.com.tr\/index.php\/urun\/italyanca-turkce-turkce-italyanca-standart-sozluk-orta\/","title":{"rendered":"\u0130talyanca &#8211; T\u00fcrk\u00e7e \/ T\u00fcrk\u00e7e &#8211; \u0130talyanca Standart S\u00f6zl\u00fck (Orta)"},"content":{"rendered":"<p>\u0130talyanca &#8211; T\u00fcrk\u00e7e \/ T\u00fcrk\u00e7e &#8211; \u0130talyanca Standart S\u00f6zl\u00fck (Orta) <\/p>\n","protected":false},"excerpt":{"rendered":"<p>\u0130talyanca &#8211; T\u00fcrk\u00e7e \/ T\u00fcrk\u00e7e &#8211; \u0130talyanca Standart S\u00f6zl\u00fck (Orta)<\/p>\n","protected":false},"featured_media":0,"template":"","meta":{"_monsterinsights_skip_tracking":false,"_monsterinsights_sitenote_active":false,"_monsterinsights_sitenote_note":"","_monsterinsights_sitenote_category":0},"product_brand":[],"product_cat":[12566,13612,13611],"product_tag":[],"class_list":{"0":"post-689446","1":"product","2":"type-product","3":"status-publish","5":"product_cat-egitim","6":"product_cat-italyanca-sozlukler","7":"product_cat-sozlukler-ve-konusma-kilavuzlari","8":"pa_cilt-ciltsiz","9":"pa_tur-kitap","10":"pa_yayinevi-inkilap-kitabevi","11":"pa_yazar-asim-tanis","13":"first","14":"instock","15":"sale","16":"shipping-taxable","17":"purchasable","18":"product-type-simple"},"_links":{"self":[{"href":"https:\/\/roveyayinevi.com.tr\/index.php\/wp-json\/wp\/v2\/product\/689446","targetHints":{"allow":["GET"]}}],"collection":[{"href":"https:\/\/roveyayinevi.com.tr\/index.php\/wp-json\/wp\/v2\/product"}],"about":[{"href":"https:\/\/roveyayinevi.com.tr\/index.php\/wp-json\/wp\/v2\/types\/product"}],"wp:attachment":[{"href":"https:\/\/roveyayinevi.com.tr\/index.php\/wp-json\/wp\/v2\/media?parent=689446"}],"wp:term":[{"taxonomy":"product_brand","embeddable":true,"href":"https:\/\/roveyayinevi.com.tr\/index.php\/wp-json\/wp\/v2\/product_brand?post=689446"},{"taxonomy":"product_cat","embeddable":true,"href":"https:\/\/roveyayinevi.com.tr\/index.php\/wp-json\/wp\/v2\/product_cat?post=689446"},{"taxonomy":"product_tag","embeddable":true,"href":"https:\/\/roveyayinevi.com.tr\/index.php\/wp-json\/wp\/v2\/product_tag?post=689446"}],"curies":[{"name":"wp","href":"https:\/\/api.w.org\/{rel}","templated":true}]}}