{"id":689445,"date":"2025-08-27T13:11:41","date_gmt":"2025-08-27T10:11:41","guid":{"rendered":"https:\/\/roveyayinevi.com.tr\/index.php\/urun\/abbas-yolcu\/"},"modified":"2026-04-16T01:59:16","modified_gmt":"2026-04-15T22:59:16","slug":"abbas-yolcu","status":"publish","type":"product","link":"https:\/\/roveyayinevi.com.tr\/index.php\/urun\/abbas-yolcu\/","title":{"rendered":"Abbas Yolcu"},"content":{"rendered":"<p>Bu kitap Attila \u0130lhan&#8217;\u0131n 1949-1952 y\u0131llar\u0131 aras\u0131nda, o d\u00f6nem i\u00e7in yepyeni olan bir \u00fcslupla kaleme ald\u0131\u011f\u0131 ve Varl\u0131k dergisinde b\u00f6l\u00fcm b\u00f6l\u00fcm yay\u0131mlanm\u0131\u015f gezi yaz\u0131lar\u0131ndan olu\u015fuyor. Ama nas\u0131l gezi yaz\u0131lar\u0131? Asl\u0131nda bir k\u0131sm\u0131 bug\u00fcnden d\u00f6n\u00fcp bak\u0131ld\u0131\u011f\u0131nda bir g\u00fcn\u00fc almayacak gibi g\u00f6r\u00fcnen, ama zaman\u0131nda ba\u015fl\u0131 ba\u015f\u0131na birer macera olan gezileri anlat\u0131yor: \u0130zmir-S\u0131nd\u0131rg\u0131 yolculu\u011fu gibi. Attila \u0130lhan&#8217;\u0131n kalemi \u00f6yle k\u0131vrak ki, k\u0131sa yolculuklar\u0131n bile bir edebiyat\u00e7\u0131 g\u00f6z\u00fcyle nas\u0131l zenginle\u015febilece\u011fini g\u00f6r\u00fcyorsunuz&#8230;  Attila \u0130lhan, Abbas Yolcu&#8217;daki \u00fcslup aray\u0131\u015f\u0131n\u0131 bak\u0131n nas\u0131l anlat\u0131yor: &#8220;Abbas Yolcu metinleri, \u015fairin yeni bir T\u00fcrk\u00e7e nesir \u00fcslubu \u00e7\u0131karma te\u015febb\u00fcs\u00fcd\u00fcr; ilk romanlar\u0131na da -\u00f6zellikle Zenciler Birbirine Benzemez&#8217;e- s\u0131\u00e7rayacak olan bu \u00e7al\u0131\u015fma, 40&#8217;l\u0131 y\u0131llarda epeyce taraftar bulacak; 60&#8217;l\u0131 y\u0131llardan itibaren, art\u0131k bilinen ve imzas\u0131z da tan\u0131nabilen Attila \u0130lhan \u00fcslubunu olu\u015fturacakt\u0131r.<\/p>\n","protected":false},"excerpt":{"rendered":"<p>Bu kitap Attila \u0130lhan&#8217;\u0131n 1949-1952 y\u0131llar\u0131 aras\u0131nda, o d\u00f6nem i\u00e7in yepyeni olan bir \u00fcslupla kaleme ald\u0131\u011f\u0131 ve Varl\u0131k dergisinde b\u00f6l\u00fcm b\u00f6l\u00fcm yay\u0131mlanm\u0131\u015f gezi yaz\u0131lar\u0131ndan olu\u015fuyor. Ama<span class=\"excerpt-hellip\"> [\u2026]<\/span><\/p>\n","protected":false},"featured_media":0,"template":"","meta":{"_monsterinsights_skip_tracking":false,"_monsterinsights_sitenote_active":false,"_monsterinsights_sitenote_note":"","_monsterinsights_sitenote_category":0},"product_brand":[],"product_cat":[13055,13054],"product_tag":[],"class_list":{"0":"post-689445","1":"product","2":"type-product","3":"status-publish","5":"product_cat-gezi-rehberi","6":"product_cat-gezi-ve-rehber-kitaplari","7":"pa_cilt-ciltsiz","8":"pa_tur-kitap","9":"pa_yayinevi-is-bankasi-kultur-yayinlari","10":"pa_yazar-attila-ilhan","12":"first","13":"instock","14":"sale","15":"shipping-taxable","16":"purchasable","17":"product-type-simple"},"_links":{"self":[{"href":"https:\/\/roveyayinevi.com.tr\/index.php\/wp-json\/wp\/v2\/product\/689445","targetHints":{"allow":["GET"]}}],"collection":[{"href":"https:\/\/roveyayinevi.com.tr\/index.php\/wp-json\/wp\/v2\/product"}],"about":[{"href":"https:\/\/roveyayinevi.com.tr\/index.php\/wp-json\/wp\/v2\/types\/product"}],"wp:attachment":[{"href":"https:\/\/roveyayinevi.com.tr\/index.php\/wp-json\/wp\/v2\/media?parent=689445"}],"wp:term":[{"taxonomy":"product_brand","embeddable":true,"href":"https:\/\/roveyayinevi.com.tr\/index.php\/wp-json\/wp\/v2\/product_brand?post=689445"},{"taxonomy":"product_cat","embeddable":true,"href":"https:\/\/roveyayinevi.com.tr\/index.php\/wp-json\/wp\/v2\/product_cat?post=689445"},{"taxonomy":"product_tag","embeddable":true,"href":"https:\/\/roveyayinevi.com.tr\/index.php\/wp-json\/wp\/v2\/product_tag?post=689445"}],"curies":[{"name":"wp","href":"https:\/\/api.w.org\/{rel}","templated":true}]}}