{"id":689441,"date":"2025-08-27T13:11:40","date_gmt":"2025-08-27T10:11:40","guid":{"rendered":"https:\/\/roveyayinevi.com.tr\/index.php\/urun\/3-richard\/"},"modified":"2026-04-16T01:59:16","modified_gmt":"2026-04-15T22:59:16","slug":"3-richard","status":"publish","type":"product","link":"https:\/\/roveyayinevi.com.tr\/index.php\/urun\/3-richard\/","title":{"rendered":"3. Richard"},"content":{"rendered":"<p>William Shakespeare (1564-1616): Oyunlar\u0131 ve \u015fiirlerinde insanl\u0131k durumlar\u0131n\u0131 dile getiri\u015f g\u00fcc\u00fcyle yakla\u015f\u0131k 400 y\u0131ld\u0131r b\u00fct\u00fcn d\u00fcnya okur ve seyircilerini etkilemeyi s\u00fcrd\u00fcren efsanevi yazar, III. Richard\u2019da en \u00e7ok ilgilendi\u011fi temalardan iktidar h\u0131rs\u0131 ve bunun getirdi\u011fi zincirleme su\u00e7 dizisini i\u015fler. Richard, Shakespeare\u2019in ayr\u0131nt\u0131l\u0131 bir bi\u00e7imde ele ald\u0131\u011f\u0131, ger\u00e7ek d\u00fcnya ile trajik hesapla\u015fmas\u0131n\u0131 yapan, tarihsel deneyimle donat\u0131lm\u0131\u015f ilk b\u00fcy\u00fck oyun kahraman\u0131d\u0131r. \u00d6zdemir Nutku (1931): T\u00fcrk tiyatrosuna b\u00fcy\u00fck katk\u0131lar\u0131 olan e\u011fitimci ve y\u00f6netmen \u00d6zdemir Nutku, ele\u015ftirmen, yazar ve \u00e7evirmen olarak da \u00f6nemli yap\u0131tlar ortaya koydu. Sahneledi\u011fi pek \u00e7ok oyunun yan\u0131 s\u0131ra, ara\u015ft\u0131rma, inceleme ve \u00e7evirileriyle de \u00f6d\u00fcller kazand\u0131. \u00dclkemizde oldu\u011fu kadar yurtd\u0131\u015f\u0131nda da sahneye koydu\u011fu oyunlar, verdi\u011fi ders ve konferanslarla tan\u0131nmaktad\u0131r. \ufffcTan\u0131t\u0131m Metni<\/p>\n","protected":false},"excerpt":{"rendered":"<p>William Shakespeare (1564-1616): Oyunlar\u0131 ve \u015fiirlerinde insanl\u0131k durumlar\u0131n\u0131 dile getiri\u015f g\u00fcc\u00fcyle yakla\u015f\u0131k 400 y\u0131ld\u0131r b\u00fct\u00fcn d\u00fcnya okur ve seyircilerini etkilemeyi s\u00fcrd\u00fcren efsanevi yazar, III. Richard\u2019da en<span class=\"excerpt-hellip\"> [\u2026]<\/span><\/p>\n","protected":false},"featured_media":0,"template":"","meta":{"_monsterinsights_skip_tracking":false,"_monsterinsights_sitenote_active":false,"_monsterinsights_sitenote_note":"","_monsterinsights_sitenote_category":0},"product_brand":[],"product_cat":[12291,14272],"product_tag":[],"class_list":{"0":"post-689441","1":"product","2":"type-product","3":"status-publish","5":"product_cat-edebiyat","6":"product_cat-tiyatro","7":"pa_cilt-ciltsiz","8":"pa_tur-kitap","9":"pa_yayinevi-is-bankasi-kultur-yayinlari","10":"pa_yazar-william-shakespeare","12":"first","13":"instock","14":"sale","15":"shipping-taxable","16":"purchasable","17":"product-type-simple"},"_links":{"self":[{"href":"https:\/\/roveyayinevi.com.tr\/index.php\/wp-json\/wp\/v2\/product\/689441","targetHints":{"allow":["GET"]}}],"collection":[{"href":"https:\/\/roveyayinevi.com.tr\/index.php\/wp-json\/wp\/v2\/product"}],"about":[{"href":"https:\/\/roveyayinevi.com.tr\/index.php\/wp-json\/wp\/v2\/types\/product"}],"wp:attachment":[{"href":"https:\/\/roveyayinevi.com.tr\/index.php\/wp-json\/wp\/v2\/media?parent=689441"}],"wp:term":[{"taxonomy":"product_brand","embeddable":true,"href":"https:\/\/roveyayinevi.com.tr\/index.php\/wp-json\/wp\/v2\/product_brand?post=689441"},{"taxonomy":"product_cat","embeddable":true,"href":"https:\/\/roveyayinevi.com.tr\/index.php\/wp-json\/wp\/v2\/product_cat?post=689441"},{"taxonomy":"product_tag","embeddable":true,"href":"https:\/\/roveyayinevi.com.tr\/index.php\/wp-json\/wp\/v2\/product_tag?post=689441"}],"curies":[{"name":"wp","href":"https:\/\/api.w.org\/{rel}","templated":true}]}}