{"id":689439,"date":"2025-08-27T13:11:39","date_gmt":"2025-08-27T10:11:39","guid":{"rendered":"https:\/\/roveyayinevi.com.tr\/index.php\/urun\/annem-bir-melek\/"},"modified":"2026-04-16T01:59:16","modified_gmt":"2026-04-15T22:59:16","slug":"annem-bir-melek","status":"publish","type":"product","link":"https:\/\/roveyayinevi.com.tr\/index.php\/urun\/annem-bir-melek\/","title":{"rendered":"Annem Bir Melek"},"content":{"rendered":"<p>Herkesin annesi d\u00fcnyan\u0131n en iyi annesidir. Annem \u015fark\u0131 s\u00f6yledi\u011fi zaman, kelebekler gelip onu dinler. Ne zaman kula\u011f\u0131na gizli bir \u015fey f\u0131s\u0131ldasam, daha ben bitirmeden annem ne oldu\u011funu anlar! Ve ne zaman can\u0131m s\u0131k\u0131lsa annem b\u00fct\u00fcn s\u0131k\u0131nt\u0131lar\u0131m\u0131 kovalar. Senin annen de bir melek, de\u011fil mi? <\/p>\n","protected":false},"excerpt":{"rendered":"<p>Herkesin annesi d\u00fcnyan\u0131n en iyi annesidir. Annem \u015fark\u0131 s\u00f6yledi\u011fi zaman, kelebekler gelip onu dinler. Ne zaman kula\u011f\u0131na gizli bir \u015fey f\u0131s\u0131ldasam, daha ben bitirmeden annem ne<span class=\"excerpt-hellip\"> [\u2026]<\/span><\/p>\n","protected":false},"featured_media":0,"template":"","meta":{"_monsterinsights_skip_tracking":false,"_monsterinsights_sitenote_active":false,"_monsterinsights_sitenote_note":"","_monsterinsights_sitenote_category":0},"product_brand":[],"product_cat":[12274,12284],"product_tag":[],"class_list":{"0":"post-689439","1":"product","2":"type-product","3":"status-publish","5":"product_cat-cocuk-ve-genclik-kitaplari","6":"product_cat-hikayeler","7":"pa_cilt-ciltsiz","8":"pa_tur-kitap","9":"pa_yayinevi-is-bankasi-kultur-yayinlari","10":"pa_yazar-carl-norac","12":"first","13":"instock","14":"sale","15":"shipping-taxable","16":"purchasable","17":"product-type-simple"},"_links":{"self":[{"href":"https:\/\/roveyayinevi.com.tr\/index.php\/wp-json\/wp\/v2\/product\/689439","targetHints":{"allow":["GET"]}}],"collection":[{"href":"https:\/\/roveyayinevi.com.tr\/index.php\/wp-json\/wp\/v2\/product"}],"about":[{"href":"https:\/\/roveyayinevi.com.tr\/index.php\/wp-json\/wp\/v2\/types\/product"}],"wp:attachment":[{"href":"https:\/\/roveyayinevi.com.tr\/index.php\/wp-json\/wp\/v2\/media?parent=689439"}],"wp:term":[{"taxonomy":"product_brand","embeddable":true,"href":"https:\/\/roveyayinevi.com.tr\/index.php\/wp-json\/wp\/v2\/product_brand?post=689439"},{"taxonomy":"product_cat","embeddable":true,"href":"https:\/\/roveyayinevi.com.tr\/index.php\/wp-json\/wp\/v2\/product_cat?post=689439"},{"taxonomy":"product_tag","embeddable":true,"href":"https:\/\/roveyayinevi.com.tr\/index.php\/wp-json\/wp\/v2\/product_tag?post=689439"}],"curies":[{"name":"wp","href":"https:\/\/api.w.org\/{rel}","templated":true}]}}