{"id":689436,"date":"2025-08-27T13:11:39","date_gmt":"2025-08-27T10:11:39","guid":{"rendered":"https:\/\/roveyayinevi.com.tr\/index.php\/urun\/kerem-ile-asli\/"},"modified":"2026-04-16T01:59:16","modified_gmt":"2026-04-15T22:59:16","slug":"kerem-ile-asli","status":"publish","type":"product","link":"https:\/\/roveyayinevi.com.tr\/index.php\/urun\/kerem-ile-asli\/","title":{"rendered":"Kerem ile Asl\u0131"},"content":{"rendered":"<p>Kerem der ki sevsem bana ar olmaz K\u00f6t\u00fc g\u00fcnde h\u0131s\u0131m karde\u015f var olmaz Biliyorum Asl\u0131 bana yar olmaz Akl\u0131m beni bitmez i\u015fe salm\u0131\u015ft\u0131r Halk hikayeleri s\u00f6zl\u00fc k\u00fclt\u00fcr\u00fcm\u00fcz\u00fcn en \u00f6nemli miras\u0131d\u0131r. Bu miras i\u00e7inde en bilinenlerden biri 16. y\u00fczy\u0131ldan g\u00fcn\u00fcm\u00fcze ula\u015fan Kerem ile Asl\u0131\u2019n\u0131n hikayesidir. Farkl\u0131 dinden olmalar\u0131 nedeniyle birbirine kavu\u015famayan iki sevgilinin anlat\u0131ld\u0131\u011f\u0131 hikaye, sevdi\u011finin pe\u015finden diyar diyar s\u00fcr\u00fcklenen A\u015f\u0131k Kerem\u2019in y\u00fcrek burkan \u015fiirlerinden olu\u015fur. Nesiller boyu kendini koruyarak \u00f6l\u00fcms\u00fczle\u015fen Kerem ile Asl\u0131 hikayesi, mutlaka okunmas\u0131 gereken bir klasik&#8230; <\/p>\n","protected":false},"excerpt":{"rendered":"<p>Kerem der ki sevsem bana ar olmaz K\u00f6t\u00fc g\u00fcnde h\u0131s\u0131m karde\u015f var olmaz Biliyorum Asl\u0131 bana yar olmaz Akl\u0131m beni bitmez i\u015fe salm\u0131\u015ft\u0131r Halk hikayeleri s\u00f6zl\u00fc<span class=\"excerpt-hellip\"> [\u2026]<\/span><\/p>\n","protected":false},"featured_media":0,"template":"","meta":{"_monsterinsights_skip_tracking":false,"_monsterinsights_sitenote_active":false,"_monsterinsights_sitenote_note":"","_monsterinsights_sitenote_category":0},"product_brand":[],"product_cat":[12291,12711],"product_tag":[],"class_list":{"0":"post-689436","1":"product","2":"type-product","3":"status-publish","5":"product_cat-edebiyat","6":"product_cat-roman-oyku","7":"pa_cilt-ciltsiz","8":"pa_tur-kitap","9":"pa_yayinevi-inkilap-kitabevi","10":"pa_yazar-anonim","12":"first","13":"instock","14":"sale","15":"shipping-taxable","16":"purchasable","17":"product-type-simple"},"_links":{"self":[{"href":"https:\/\/roveyayinevi.com.tr\/index.php\/wp-json\/wp\/v2\/product\/689436","targetHints":{"allow":["GET"]}}],"collection":[{"href":"https:\/\/roveyayinevi.com.tr\/index.php\/wp-json\/wp\/v2\/product"}],"about":[{"href":"https:\/\/roveyayinevi.com.tr\/index.php\/wp-json\/wp\/v2\/types\/product"}],"wp:attachment":[{"href":"https:\/\/roveyayinevi.com.tr\/index.php\/wp-json\/wp\/v2\/media?parent=689436"}],"wp:term":[{"taxonomy":"product_brand","embeddable":true,"href":"https:\/\/roveyayinevi.com.tr\/index.php\/wp-json\/wp\/v2\/product_brand?post=689436"},{"taxonomy":"product_cat","embeddable":true,"href":"https:\/\/roveyayinevi.com.tr\/index.php\/wp-json\/wp\/v2\/product_cat?post=689436"},{"taxonomy":"product_tag","embeddable":true,"href":"https:\/\/roveyayinevi.com.tr\/index.php\/wp-json\/wp\/v2\/product_tag?post=689436"}],"curies":[{"name":"wp","href":"https:\/\/api.w.org\/{rel}","templated":true}]}}