{"id":689434,"date":"2025-08-27T13:11:19","date_gmt":"2025-08-27T10:11:19","guid":{"rendered":"https:\/\/roveyayinevi.com.tr\/index.php\/urun\/eylul\/"},"modified":"2025-11-22T02:03:40","modified_gmt":"2025-11-21T23:03:40","slug":"eylul","status":"publish","type":"product","link":"https:\/\/roveyayinevi.com.tr\/index.php\/urun\/eylul\/","title":{"rendered":"Eyl\u00fcl"},"content":{"rendered":"<p>\u0130lk defa 1900 &#8211; 1901 y\u0131llar\u0131 aras\u0131nda Servet-i F\u00fcn\u00fbn dergisinde tefrika edilen Eyl\u00fcl\u2019 \u00fcn kitap halinde ilk bask\u0131s\u0131 1901 y\u0131l\u0131nda yap\u0131lm\u0131\u015ft\u0131r. Rauf\u2019 un en \u00f6nemli eseri olan Eyl\u00fcl, zaman\u0131n\u0131n ilk psikolojik roman\u0131 olarak kabul edilir. Romanda, Suad, S\u00fcreyya ve Necib \u00fc\u00e7l\u00fcs\u00fc aras\u0131ndaki a\u015fk-sadakat-evlilik \u00fc\u00e7geninde, bu insanlar\u0131n ruhsal \u00e7\u00f6z\u00fcmlemesi yap\u0131lm\u0131\u015ft\u0131r. Evli bir kad\u0131nla, kocas\u0131n\u0131n yak\u0131n arkada\u015f\u0131 olan bir adam aras\u0131nda ya\u015fanan yasak a\u015fk ve bunlardan habersiz kocan\u0131n ruhsal durumlar\u0131, kad\u0131n\u0131n ve erke\u011fin toplumsal rolleri, d\u00f6nemi itibariyle cesur bir dille anlat\u0131lmaktad\u0131r. \ufffcTan\u0131t\u0131m Metni<\/p>\n","protected":false},"excerpt":{"rendered":"<p>\u0130lk defa 1900 &#8211; 1901 y\u0131llar\u0131 aras\u0131nda Servet-i F\u00fcn\u00fbn dergisinde tefrika edilen Eyl\u00fcl\u2019 \u00fcn kitap halinde ilk bask\u0131s\u0131 1901 y\u0131l\u0131nda yap\u0131lm\u0131\u015ft\u0131r. Rauf\u2019 un en \u00f6nemli eseri<span class=\"excerpt-hellip\"> [\u2026]<\/span><\/p>\n","protected":false},"featured_media":0,"template":"","meta":{"_monsterinsights_skip_tracking":false,"_monsterinsights_sitenote_active":false,"_monsterinsights_sitenote_note":"","_monsterinsights_sitenote_category":0},"product_brand":[],"product_cat":[14643,12291],"product_tag":[],"class_list":{"0":"post-689434","1":"product","2":"type-product","3":"status-publish","5":"product_cat-ask","6":"product_cat-edebiyat","7":"pa_cilt-ciltsiz","8":"pa_tur-kitap","9":"pa_yayinevi-inkilap-kitabevi","10":"pa_yazar-mehmet-rauf","12":"first","13":"instock","14":"sale","15":"shipping-taxable","16":"purchasable","17":"product-type-simple"},"_links":{"self":[{"href":"https:\/\/roveyayinevi.com.tr\/index.php\/wp-json\/wp\/v2\/product\/689434","targetHints":{"allow":["GET"]}}],"collection":[{"href":"https:\/\/roveyayinevi.com.tr\/index.php\/wp-json\/wp\/v2\/product"}],"about":[{"href":"https:\/\/roveyayinevi.com.tr\/index.php\/wp-json\/wp\/v2\/types\/product"}],"wp:attachment":[{"href":"https:\/\/roveyayinevi.com.tr\/index.php\/wp-json\/wp\/v2\/media?parent=689434"}],"wp:term":[{"taxonomy":"product_brand","embeddable":true,"href":"https:\/\/roveyayinevi.com.tr\/index.php\/wp-json\/wp\/v2\/product_brand?post=689434"},{"taxonomy":"product_cat","embeddable":true,"href":"https:\/\/roveyayinevi.com.tr\/index.php\/wp-json\/wp\/v2\/product_cat?post=689434"},{"taxonomy":"product_tag","embeddable":true,"href":"https:\/\/roveyayinevi.com.tr\/index.php\/wp-json\/wp\/v2\/product_tag?post=689434"}],"curies":[{"name":"wp","href":"https:\/\/api.w.org\/{rel}","templated":true}]}}