{"id":689432,"date":"2025-08-27T13:11:18","date_gmt":"2025-08-27T10:11:18","guid":{"rendered":"https:\/\/roveyayinevi.com.tr\/index.php\/urun\/birinci-mecliste-muhalefet-ikinci-grup\/"},"modified":"2025-11-22T02:03:39","modified_gmt":"2025-11-21T23:03:39","slug":"birinci-mecliste-muhalefet-ikinci-grup","status":"publish","type":"product","link":"https:\/\/roveyayinevi.com.tr\/index.php\/urun\/birinci-mecliste-muhalefet-ikinci-grup\/","title":{"rendered":"Birinci Meclis&#8217;te Muhalefet: \u0130kinci Grup"},"content":{"rendered":"<p>Birinci TBMM\u2019deki as\u0131l m\u00fccadele, her ikisi de Anadolu ve Rumeli M\u00fcdafaa-i Hukuk Cemiyeti ad\u0131n\u0131 arkas\u0131na alan, ancak kurulu\u015f tarihleri g\u00f6z \u00f6n\u00fcnde tutularak, Birinci ve \u0130kinci Grup adlar\u0131yla an\u0131lan iktidar ve muhalefet gruplar\u0131 aras\u0131nda cereyan etti. \u0130kinci Grup\u2019un temel ele\u015ftiri konular\u0131n\u0131n ba\u015f\u0131nda ki\u015fi tahakk\u00fcm\u00fcne kar\u015f\u0131 tav\u0131r geliyordu. Muhalifler, meclis egemenli\u011fi kavram\u0131na dayan\u0131yor, fiilen olu\u015fabilecek her t\u00fcrl\u00fc ki\u015fisel y\u00f6netime kar\u015f\u0131 tepki g\u00f6steriyorlard\u0131; meclisin \u00fczerinde yetkili makam tan\u0131mama konusunda duyarl\u0131yd\u0131lar. Meclis yetkilerinin bir b\u00f6l\u00fcm\u00fcn\u00fcn Ba\u015fkumandan\u2019a devredilmesi, Meclis Ba\u015fkan\u0131\u2019n\u0131n ayn\u0131 zamanda Heyet-i Vekile\u2019nin ba\u015fkan\u0131 olmas\u0131 ve vekillerin sadece aday g\u00f6sterdi\u011fi ki\u015filer aras\u0131ndan se\u00e7ilebilmesi gibi uygulamalarla, yetkiler Mustafa Kemal Pa\u015fa\u2019n\u0131n \u015fahs\u0131nda topland\u0131\u011f\u0131nda, \u0130kinci Grup, h\u00e2kimiyet-i milliye ilkesinden hareketle sert muhalefet yapt\u0131. \u0130kinci Grup, kanuna dayanan bir y\u00f6netim kurulmas\u0131n\u0131 da ilke edinmi\u015fti. Bunun do\u011fal sonucu olarak temel hak ve \u00f6zg\u00fcrl\u00fckler konusunda daha duyarl\u0131 olmu\u015f, ba\u015f\u0131na buyruk \u0130stikl\u00e2l Mahkemeleri\u2019ne ve bunlar\u0131n uygulamalar\u0131na kar\u015f\u0131 \u00e7\u0131km\u0131\u015ft\u0131. \u0130lk yay\u0131mlan\u0131\u015f\u0131ndan bu yana -\u00e7eyrek as\u0131rd\u0131r- ba\u015fvuru kayna\u011f\u0131 niteli\u011fini kazanm\u0131\u015f, ortaya koydu\u011fu ayr\u0131nt\u0131l\u0131 ve kapsaml\u0131 ara\u015ft\u0131rmayla \u00f6nemini halen koruyan Birinci Meclis\u2019te Muhalefet, g\u00f6zden ge\u00e7irilmi\u015f ve geni\u015fletilmi\u015f bu bas\u0131m\u0131yla da, bizi \u201csahici\u201d Cumhuriyet tarihimize yakla\u015ft\u0131racak \u00e7al\u0131\u015fmalardan biri.<\/p>\n","protected":false},"excerpt":{"rendered":"<p>Birinci TBMM\u2019deki as\u0131l m\u00fccadele, her ikisi de Anadolu ve Rumeli M\u00fcdafaa-i Hukuk Cemiyeti ad\u0131n\u0131 arkas\u0131na alan, ancak kurulu\u015f tarihleri g\u00f6z \u00f6n\u00fcnde tutularak, Birinci ve \u0130kinci Grup<span class=\"excerpt-hellip\"> [\u2026]<\/span><\/p>\n","protected":false},"featured_media":0,"template":"","meta":{"_monsterinsights_skip_tracking":false,"_monsterinsights_sitenote_active":false,"_monsterinsights_sitenote_note":"","_monsterinsights_sitenote_category":0},"product_brand":[],"product_cat":[12304,13493],"product_tag":[],"class_list":{"0":"post-689432","1":"product","2":"type-product","3":"status-publish","5":"product_cat-tarih","6":"product_cat-turkiye-ve-cumhuriyet-tarihi","7":"pa_cilt-ciltsiz","8":"pa_tur-kitap","9":"pa_yayinevi-iletisim-yayinlari","10":"pa_yazar-ahmet-demirel","12":"first","13":"instock","14":"sale","15":"shipping-taxable","16":"purchasable","17":"product-type-simple"},"_links":{"self":[{"href":"https:\/\/roveyayinevi.com.tr\/index.php\/wp-json\/wp\/v2\/product\/689432","targetHints":{"allow":["GET"]}}],"collection":[{"href":"https:\/\/roveyayinevi.com.tr\/index.php\/wp-json\/wp\/v2\/product"}],"about":[{"href":"https:\/\/roveyayinevi.com.tr\/index.php\/wp-json\/wp\/v2\/types\/product"}],"wp:attachment":[{"href":"https:\/\/roveyayinevi.com.tr\/index.php\/wp-json\/wp\/v2\/media?parent=689432"}],"wp:term":[{"taxonomy":"product_brand","embeddable":true,"href":"https:\/\/roveyayinevi.com.tr\/index.php\/wp-json\/wp\/v2\/product_brand?post=689432"},{"taxonomy":"product_cat","embeddable":true,"href":"https:\/\/roveyayinevi.com.tr\/index.php\/wp-json\/wp\/v2\/product_cat?post=689432"},{"taxonomy":"product_tag","embeddable":true,"href":"https:\/\/roveyayinevi.com.tr\/index.php\/wp-json\/wp\/v2\/product_tag?post=689432"}],"curies":[{"name":"wp","href":"https:\/\/api.w.org\/{rel}","templated":true}]}}