{"id":689431,"date":"2025-08-27T13:11:18","date_gmt":"2025-08-27T10:11:18","guid":{"rendered":"https:\/\/roveyayinevi.com.tr\/index.php\/urun\/bir-sure-yere-paralel-gittikten-sonra\/"},"modified":"2026-04-16T01:59:16","modified_gmt":"2026-04-15T22:59:16","slug":"bir-sure-yere-paralel-gittikten-sonra","status":"publish","type":"product","link":"https:\/\/roveyayinevi.com.tr\/index.php\/urun\/bir-sure-yere-paralel-gittikten-sonra\/","title":{"rendered":"Bir S\u00fcre Yere Paralel Gittikten Sonra"},"content":{"rendered":"<p>\u201cBir \u015fey sunulmu\u015ftu bana, bir hediye, bir meyve. Ama ben o meyveden tadamad\u0131m, g\u00f6k erik gibi kald\u0131 avcumda d\u00fcnya. \u015eimdi ben uykusuzum, yal\u0131naya\u011f\u0131m, kendimle me\u015fgul\u00fcm. Kap\u0131m\u0131n \u00f6n\u00fcnde bo\u015f peynir tenekeleri, ya\u011fmur suyu biriktiriyorum. Kendi kendime, sanat\u00e7\u0131 tecr\u00fcbe edinemeyen insand\u0131r, diyorum, bu d\u00fcnyada hi\u00e7bir tecr\u00fcbesi olmayan insand\u0131r ama \u015fimdi sen karala bunun \u00fcst\u00fcn\u00fc, y\u0131rt sen bunu, olmad\u0131 \u00e7\u00fcnk\u00fc, olmad\u0131 i\u015fte. Nafile.\u201d Bir intihar\u0131n \u00e7evresinde, insanlar&#8230; O k\u0131z\u0131n intihar\u0131yla birbirlerine yakla\u015fan&#8230; Kendi i\u00e7lerine ve ge\u00e7mi\u015fe dalan&#8230; Onu kaybetmenin ac\u0131s\u0131yla ba\u015fka sevdiklerine e\u011filen&#8230; Nas\u0131l da m\u00fchimdir a\u015fk sakarl\u0131klar\u0131, sevgi ihmalleri; nas\u0131l hayat kurtar\u0131r e\u015fin-dostun bak\u0131m, onar\u0131m\u0131&#8230; Bar\u0131\u015f B\u0131\u00e7ak\u00e7\u0131\u2019dan, yine usul usul edebiyat. \u201cBar\u0131\u015f B\u0131\u00e7ak\u00e7\u0131&#8217;n\u0131n dingin, g\u00f6steri\u015fsiz, suskusundan g\u00fc\u00e7 alan \u00f6yk\u00fclerinin son zamanlarda okudu\u011fum en g\u00fczel \u00f6yk\u00fcler aras\u0131nda oldu\u011funu s\u00f6yleyebilirim. Ne anlatt\u0131\u011f\u0131 sanki \u00f6nemli de\u011filmi\u015f, ama anlat\u0131m bi\u00e7imi ve diliyle de s\u0131radanm\u0131\u015f gibi g\u00f6r\u00fcn\u00fcyorsa size, okuma al\u0131\u015fkanl\u0131klar\u0131n\u0131z\u0131 adam ak\u0131ll\u0131 g\u00f6zden ge\u00e7irmeniz gerekir.\u201d Semih G\u00fcm\u00fc\u015f<\/p>\n","protected":false},"excerpt":{"rendered":"<p>\u201cBir \u015fey sunulmu\u015ftu bana, bir hediye, bir meyve. Ama ben o meyveden tadamad\u0131m, g\u00f6k erik gibi kald\u0131 avcumda d\u00fcnya. \u015eimdi ben uykusuzum, yal\u0131naya\u011f\u0131m, kendimle me\u015fgul\u00fcm. Kap\u0131m\u0131n<span class=\"excerpt-hellip\"> [\u2026]<\/span><\/p>\n","protected":false},"featured_media":0,"template":"","meta":{"_monsterinsights_skip_tracking":false,"_monsterinsights_sitenote_active":false,"_monsterinsights_sitenote_note":"","_monsterinsights_sitenote_category":0},"product_brand":[],"product_cat":[12291,12292],"product_tag":[],"class_list":{"0":"post-689431","1":"product","2":"type-product","3":"status-publish","5":"product_cat-edebiyat","6":"product_cat-turk-edebiyati","7":"pa_cilt-ciltsiz","8":"pa_tur-kitap","9":"pa_yayinevi-iletisim-yayinlari","10":"pa_yazar-baris-bicakci","12":"first","13":"instock","14":"sale","15":"shipping-taxable","16":"purchasable","17":"product-type-simple"},"_links":{"self":[{"href":"https:\/\/roveyayinevi.com.tr\/index.php\/wp-json\/wp\/v2\/product\/689431","targetHints":{"allow":["GET"]}}],"collection":[{"href":"https:\/\/roveyayinevi.com.tr\/index.php\/wp-json\/wp\/v2\/product"}],"about":[{"href":"https:\/\/roveyayinevi.com.tr\/index.php\/wp-json\/wp\/v2\/types\/product"}],"wp:attachment":[{"href":"https:\/\/roveyayinevi.com.tr\/index.php\/wp-json\/wp\/v2\/media?parent=689431"}],"wp:term":[{"taxonomy":"product_brand","embeddable":true,"href":"https:\/\/roveyayinevi.com.tr\/index.php\/wp-json\/wp\/v2\/product_brand?post=689431"},{"taxonomy":"product_cat","embeddable":true,"href":"https:\/\/roveyayinevi.com.tr\/index.php\/wp-json\/wp\/v2\/product_cat?post=689431"},{"taxonomy":"product_tag","embeddable":true,"href":"https:\/\/roveyayinevi.com.tr\/index.php\/wp-json\/wp\/v2\/product_tag?post=689431"}],"curies":[{"name":"wp","href":"https:\/\/api.w.org\/{rel}","templated":true}]}}